{"id":16593,"date":"2026-03-26T14:38:33","date_gmt":"2026-03-26T17:38:33","guid":{"rendered":"https:\/\/www.automotordistribuidora.com.br\/loja\/?post_type=product&#038;p=16593"},"modified":"2026-03-26T17:38:36","modified_gmt":"2026-03-26T20:38:36","slug":"bomba-de-agua-eletrica-bmw-320i-420i-x1-x3-z4-20i-2-0-n20","status":"publish","type":"product","link":"https:\/\/www.automotordistribuidora.com.br\/loja\/produtos\/bomba-de-agua-eletrica-bmw-320i-420i-x1-x3-z4-20i-2-0-n20\/","title":{"rendered":"Bomba de \u00e1gua El\u00e9trica Bmw 320i 420i X1 X3 Z4 20i 2.0 N20"},"content":{"rendered":"<p>APLICA\u00c7\u00c3O:<\/p>\n<p>BMW 125 F20 F21 2010 a 2016<br \/>\nBMW 220 F22 F23 2012 a 2016<br \/>\nBMW 228 F22 F23 2012 a 2016<br \/>\nBMW 320 F30 F31 F34 2011 a 2017<br \/>\nBMW 328 F30 F31 F34 2011 a 2017<br \/>\nBMW 420 F32 F33 F36 2013 a 2016<br \/>\nBMW 520 F10 F11 2010 a 2017<br \/>\nBMW X1 E84 2009 a 2015<br \/>\nBMW X3 F25 2011 a 2017<br \/>\nBMW X4 F26 2013 a 2017<br \/>\nBMW Z4 E89 2011 a 2016<\/p>\n<p>C\u00d3DIGOS: 11517597715 \/ 11518625097 \/ 11518635089 \/ 11517604027 \/ 11518625097<\/p>\n<p>ESPECIFICA\u00c7\u00d5ES<\/p>\n<p>P\/ VE\u00cdCULOS C\/ MOTOR N20<br \/>\n*** ATEN\u00c7\u00c3O AO MODELO DO CONECTOR ***<br \/>\nCONECTOR DE 4 PINOS<br \/>\nDE ENTRADA \/ SA\u00cdDA 40MM<\/p>\n<p>Garantia do vendedor: 3 dias<\/p>\n<div class=\"ui-vpp-striped-specs\">\n<div class=\"ui-vpp-striped-specs__table\">\n<h3 class=\"ui-vpp-striped-specs__header\">Caracter\u00edsticas principais<\/h3>\n<table class=\"andes-table\">\n<tbody class=\"andes-table__body\">\n<tr class=\"andes-table__row ui-vpp-striped-specs__row\">\n<th class=\"andes-table__header andes-table__header--left ui-vpp-striped-specs__row__column ui-vpp-striped-specs__row__column--id\" scope=\"row\">\n<div class=\"andes-table__header__container\">Marca<\/div>\n<\/th>\n<td id=\"_R_2iule8l69tb6e_\" class=\"andes-table__column andes-table__column--left andes-table__column--vertical-align-center ui-vpp-striped-specs__row__column\"><span id=\"_R_2iule8l69tb6e_-value\" class=\"andes-table__column--value\">yiming<\/span><\/td>\n<\/tr>\n<tr class=\"andes-table__row ui-vpp-striped-specs__row\">\n<th class=\"andes-table__header andes-table__header--left ui-vpp-striped-specs__row__column ui-vpp-striped-specs__row__column--id\" scope=\"row\">\n<div class=\"andes-table__header__container\">N\u00famero de pe\u00e7a<\/div>\n<\/th>\n<td id=\"_R_2jele8l69tb6e_\" class=\"andes-table__column andes-table__column--left andes-table__column--vertical-align-center ui-vpp-striped-specs__row__column\"><span id=\"_R_2jele8l69tb6e_-value\" class=\"andes-table__column--value\">29002<\/span><\/td>\n<\/tr>\n<tr class=\"andes-table__row ui-vpp-striped-specs__row\">\n<th class=\"andes-table__header andes-table__header--left ui-vpp-striped-specs__row__column ui-vpp-striped-specs__row__column--id\" scope=\"row\">\n<div class=\"andes-table__header__container\">Modelo<\/div>\n<\/th>\n<td id=\"_R_2jule8l69tb6e_\" class=\"andes-table__column andes-table__column--left andes-table__column--vertical-align-center ui-vpp-striped-specs__row__column\"><span id=\"_R_2jule8l69tb6e_-value\" class=\"andes-table__column--value\">Original<\/span><\/td>\n<\/tr>\n<\/tbody>\n<\/table>\n<\/div>\n<\/div>\n<div class=\"ui-vpp-striped-specs\">\n<div class=\"ui-vpp-striped-specs__table\">\n<h3 class=\"ui-vpp-striped-specs__header\">Registros de produtos<\/h3>\n<table class=\"andes-table\">\n<tbody class=\"andes-table__body\">\n<tr class=\"andes-table__row ui-vpp-striped-specs__row\">\n<th class=\"andes-table__header andes-table__header--left ui-vpp-striped-specs__row__column ui-vpp-striped-specs__row__column--id\" scope=\"row\">\n<div class=\"andes-table__header__container\">N\u00famero de registro\/certifica\u00e7\u00e3o INMETRO<\/div>\n<\/th>\n<td id=\"_R_2jspe8l69tb6e_\" class=\"andes-table__column andes-table__column--left andes-table__column--vertical-align-center ui-vpp-striped-specs__row__column\"><span id=\"_R_2jspe8l69tb6e_-value\" class=\"andes-table__column--value\">09\/2023<\/span><\/td>\n<\/tr>\n<\/tbody>\n<\/table>\n<\/div>\n<div class=\"ui-vpp-striped-specs__table\">\n<h3 class=\"ui-vpp-striped-specs__header\">Outros<\/h3>\n<table class=\"andes-table\">\n<tbody class=\"andes-table__body\">\n<tr class=\"andes-table__row ui-vpp-striped-specs__row\">\n<th class=\"andes-table__header andes-table__header--left ui-vpp-striped-specs__row__column ui-vpp-striped-specs__row__column--id\" scope=\"row\">\n<div class=\"andes-table__header__container\">Tipo de ve\u00edculo<\/div>\n<\/th>\n<td id=\"_R_a9t9e8l69tb6e_\" class=\"andes-table__column andes-table__column--left andes-table__column--vertical-align-center ui-vpp-striped-specs__row__column\"><span id=\"_R_a9t9e8l69tb6e_-value\" class=\"andes-table__column--value\">Agr\u00edcola<\/span><\/td>\n<\/tr>\n<tr class=\"andes-table__row ui-vpp-striped-specs__row\">\n<th class=\"andes-table__header andes-table__header--left ui-vpp-striped-specs__row__column ui-vpp-striped-specs__row__column--id\" scope=\"row\">\n<div class=\"andes-table__header__container\">Material do corpo<\/div>\n<\/th>\n<td id=\"_R_aat9e8l69tb6e_\" class=\"andes-table__column andes-table__column--left andes-table__column--vertical-align-center ui-vpp-striped-specs__row__column\"><span id=\"_R_aat9e8l69tb6e_-value\" class=\"andes-table__column--value\">Metal<\/span><\/td>\n<\/tr>\n<tr class=\"andes-table__row ui-vpp-striped-specs__row\">\n<th class=\"andes-table__header andes-table__header--left ui-vpp-striped-specs__row__column ui-vpp-striped-specs__row__column--id\" scope=\"row\">\n<div class=\"andes-table__header__container\">Material do rotor<\/div>\n<\/th>\n<td id=\"_R_abt9e8l69tb6e_\" class=\"andes-table__column andes-table__column--left andes-table__column--vertical-align-center ui-vpp-striped-specs__row__column\"><span id=\"_R_abt9e8l69tb6e_-value\" class=\"andes-table__column--value\">Metal<\/span><\/td>\n<\/tr>\n<tr class=\"andes-table__row ui-vpp-striped-specs__row\">\n<th class=\"andes-table__header andes-table__header--left ui-vpp-striped-specs__row__column ui-vpp-striped-specs__row__column--id\" scope=\"row\">\n<div class=\"andes-table__header__container\">Inclui parafusos<\/div>\n<\/th>\n<td id=\"_R_act9e8l69tb6e_\" class=\"andes-table__column andes-table__column--left andes-table__column--vertical-align-center ui-vpp-striped-specs__row__column\"><span id=\"_R_act9e8l69tb6e_-value\" class=\"andes-table__column--value\">Sim<\/span><\/td>\n<\/tr>\n<tr class=\"andes-table__row ui-vpp-striped-specs__row\">\n<th class=\"andes-table__header andes-table__header--left ui-vpp-striped-specs__row__column ui-vpp-striped-specs__row__column--id\" scope=\"row\">\n<div class=\"andes-table__header__container\">Inclui caixa traseira<\/div>\n<\/th>\n<td id=\"_R_adt9e8l69tb6e_\" class=\"andes-table__column andes-table__column--left andes-table__column--vertical-align-center ui-vpp-striped-specs__row__column\"><span id=\"_R_adt9e8l69tb6e_-value\" class=\"andes-table__column--value\">Sim<\/span><\/td>\n<\/tr>\n<\/tbody>\n<\/table>\n<\/div>\n<\/div>\n","protected":false},"excerpt":{"rendered":"<p data-start=\"761\" data-end=\"906\">Diferente das bombas convencionais, o sistema el\u00e9trico proporciona controle mais preciso da temperatura do motor, melhor efici\u00eancia e desempenho.<\/p>\n<p data-start=\"908\" data-end=\"1038\">Indicado para substitui\u00e7\u00e3o em casos de superaquecimento, falha no sistema de arrefecimento ou erro eletr\u00f4nico relacionado \u00e0 bomba.<\/p>\n<p data-start=\"1040\" data-end=\"1128\">Produto de alta qualidade, com encaixe perfeito e funcionamento equivalente ao original.<\/p>\n","protected":false},"featured_media":16594,"comment_status":"open","ping_status":"closed","template":"","meta":[],"product_brand":[],"product_cat":[646],"product_tag":[662,659,663,657,658,660,661,664,665,666],"class_list":{"0":"post-16593","1":"product","2":"type-product","3":"status-publish","4":"has-post-thumbnail","6":"product_cat-bomba-hidraulica","7":"product_tag-arrefecimento-bmw","8":"product_tag-bomba-agua-420i","9":"product_tag-bomba-agua-eletrica-bmw","10":"product_tag-bomba-dagua-bmw-n20","11":"product_tag-bomba-eletrica-bmw-320i","12":"product_tag-bomba-x1-x3-n20","13":"product_tag-bomba-z4-2-0","14":"product_tag-peca-motor-bmw-2-0-turbo","15":"product_tag-reposicao-bomba-bmw","16":"product_tag-sistema-arrefecimento-bmw","18":"first","19":"instock","20":"shipping-taxable","21":"purchasable","22":"product-type-simple"},"yoast_head":"<!-- This site is optimized with the Yoast SEO Premium plugin v26.9 (Yoast SEO v27.1.1) - https:\/\/yoast.com\/product\/yoast-seo-premium-wordpress\/ -->\n<title>Bomba de \u00e1gua El\u00e9trica Bmw 320i 420i X1 X3 Z4 20i 2.0 N20<\/title>\n<meta name=\"description\" content=\"Automotor Distribuidora &#8902; Endere\u00e7o: Rua da Trindade, 1064 - Cajuru - Curitiba - Paran\u00e1 &#8902; WhatsApp: (41) 3095-1942.\" \/>\n<meta name=\"robots\" content=\"index, follow, max-snippet:-1, max-image-preview:large, max-video-preview:-1\" \/>\n<link rel=\"canonical\" href=\"https:\/\/www.automotordistribuidora.com.br\/loja\/produtos\/bomba-de-agua-eletrica-bmw-320i-420i-x1-x3-z4-20i-2-0-n20\/\" \/>\n<meta property=\"og:locale\" content=\"pt_BR\" \/>\n<meta property=\"og:type\" content=\"article\" \/>\n<meta property=\"og:title\" content=\"Bomba de \u00e1gua El\u00e9trica Bmw 320i 420i X1 X3 Z4 20i 2.0 N20\" \/>\n<meta property=\"og:description\" content=\"Automotor Distribuidora &#8902; Endere\u00e7o: Rua da Trindade, 1064 - Cajuru - Curitiba - Paran\u00e1 &#8902; WhatsApp: (41) 3095-1942.\" \/>\n<meta property=\"og:url\" content=\"https:\/\/www.automotordistribuidora.com.br\/loja\/produtos\/bomba-de-agua-eletrica-bmw-320i-420i-x1-x3-z4-20i-2-0-n20\/\" \/>\n<meta property=\"og:site_name\" content=\"Automotor Distribuidora\" \/>\n<meta property=\"article:publisher\" content=\"https:\/\/www.facebook.com\/automotordistribuidora\/\" \/>\n<meta property=\"article:modified_time\" content=\"2026-03-26T20:38:36+00:00\" \/>\n<meta property=\"og:image\" content=\"https:\/\/www.automotordistribuidora.com.br\/loja\/wp-content\/uploads\/2026\/03\/Bomba-Dagua-Eletrica-BMW-320i.webp\" \/>\n\t<meta property=\"og:image:width\" content=\"491\" \/>\n\t<meta property=\"og:image:height\" content=\"500\" \/>\n\t<meta property=\"og:image:type\" content=\"image\/webp\" \/>\n<meta name=\"twitter:card\" content=\"summary_large_image\" \/>\n<meta name=\"twitter:label1\" content=\"Pre\u00e7o\" \/>\n\t<meta name=\"twitter:data1\" content=\"&#082;&#036;&nbsp;1.673,00\" \/>\n\t<meta name=\"twitter:label2\" content=\"Disponibilidade\" \/>\n\t<meta name=\"twitter:data2\" content=\"Em Estoque\" \/>\n<script type=\"application\/ld+json\" class=\"yoast-schema-graph\">{\"@context\":\"https:\/\/schema.org\",\"@graph\":[{\"@type\":\"WebPage\",\"@id\":\"https:\/\/www.automotordistribuidora.com.br\/loja\/produtos\/bomba-de-agua-eletrica-bmw-320i-420i-x1-x3-z4-20i-2-0-n20\/\",\"url\":\"https:\/\/www.automotordistribuidora.com.br\/loja\/produtos\/bomba-de-agua-eletrica-bmw-320i-420i-x1-x3-z4-20i-2-0-n20\/\",\"name\":\"Bomba de \u00e1gua El\u00e9trica Bmw 320i 420i X1 X3 Z4 20i 2.0 N20\",\"isPartOf\":{\"@id\":\"https:\/\/www.automotordistribuidora.com.br\/loja\/#website\"},\"primaryImageOfPage\":{\"@id\":\"https:\/\/www.automotordistribuidora.com.br\/loja\/produtos\/bomba-de-agua-eletrica-bmw-320i-420i-x1-x3-z4-20i-2-0-n20\/#primaryimage\"},\"image\":{\"@id\":\"https:\/\/www.automotordistribuidora.com.br\/loja\/produtos\/bomba-de-agua-eletrica-bmw-320i-420i-x1-x3-z4-20i-2-0-n20\/#primaryimage\"},\"thumbnailUrl\":\"https:\/\/www.automotordistribuidora.com.br\/loja\/wp-content\/uploads\/2026\/03\/Bomba-Dagua-Eletrica-BMW-320i.webp\",\"datePublished\":\"2026-03-26T17:38:33+00:00\",\"dateModified\":\"2026-03-26T20:38:36+00:00\",\"description\":\"Automotor Distribuidora &#8902; Endere\u00e7o: Rua da Trindade, 1064 - Cajuru - Curitiba - Paran\u00e1 &#8902; WhatsApp: (41) 3095-1942.\",\"breadcrumb\":{\"@id\":\"https:\/\/www.automotordistribuidora.com.br\/loja\/produtos\/bomba-de-agua-eletrica-bmw-320i-420i-x1-x3-z4-20i-2-0-n20\/#breadcrumb\"},\"inLanguage\":\"pt-BR\",\"potentialAction\":[{\"@type\":\"ReadAction\",\"target\":[\"https:\/\/www.automotordistribuidora.com.br\/loja\/produtos\/bomba-de-agua-eletrica-bmw-320i-420i-x1-x3-z4-20i-2-0-n20\/\"]}]},{\"@type\":\"ImageObject\",\"inLanguage\":\"pt-BR\",\"@id\":\"https:\/\/www.automotordistribuidora.com.br\/loja\/produtos\/bomba-de-agua-eletrica-bmw-320i-420i-x1-x3-z4-20i-2-0-n20\/#primaryimage\",\"url\":\"https:\/\/www.automotordistribuidora.com.br\/loja\/wp-content\/uploads\/2026\/03\/Bomba-Dagua-Eletrica-BMW-320i.webp\",\"contentUrl\":\"https:\/\/www.automotordistribuidora.com.br\/loja\/wp-content\/uploads\/2026\/03\/Bomba-Dagua-Eletrica-BMW-320i.webp\",\"width\":491,\"height\":500,\"caption\":\"Bomba D\u2019\u00e1gua El\u00e9trica BMW 320i 1\"},{\"@type\":\"BreadcrumbList\",\"@id\":\"https:\/\/www.automotordistribuidora.com.br\/loja\/produtos\/bomba-de-agua-eletrica-bmw-320i-420i-x1-x3-z4-20i-2-0-n20\/#breadcrumb\",\"itemListElement\":[{\"@type\":\"ListItem\",\"position\":1,\"name\":\"In\u00edcio\",\"item\":\"https:\/\/www.automotordistribuidora.com.br\/loja\/\"},{\"@type\":\"ListItem\",\"position\":2,\"name\":\"LOJA\",\"item\":\"https:\/\/www.automotordistribuidora.com.br\/loja\/\"},{\"@type\":\"ListItem\",\"position\":3,\"name\":\"Bomba de \u00e1gua El\u00e9trica Bmw 320i 420i X1 X3 Z4 20i 2.0 N20\"}]},{\"@type\":\"WebSite\",\"@id\":\"https:\/\/www.automotordistribuidora.com.br\/loja\/#website\",\"url\":\"https:\/\/www.automotordistribuidora.com.br\/loja\/\",\"name\":\"Automotor Distribuidora\",\"description\":\"\",\"publisher\":{\"@id\":\"https:\/\/www.automotordistribuidora.com.br\/loja\/#organization\"},\"potentialAction\":[{\"@type\":\"SearchAction\",\"target\":{\"@type\":\"EntryPoint\",\"urlTemplate\":\"https:\/\/www.automotordistribuidora.com.br\/loja\/?s={search_term_string}\"},\"query-input\":{\"@type\":\"PropertyValueSpecification\",\"valueRequired\":true,\"valueName\":\"search_term_string\"}}],\"inLanguage\":\"pt-BR\"},{\"@type\":\"Organization\",\"@id\":\"https:\/\/www.automotordistribuidora.com.br\/loja\/#organization\",\"name\":\"Automotor Distribuidora\",\"url\":\"https:\/\/www.automotordistribuidora.com.br\/loja\/\",\"logo\":{\"@type\":\"ImageObject\",\"inLanguage\":\"pt-BR\",\"@id\":\"https:\/\/www.automotordistribuidora.com.br\/loja\/#\/schema\/logo\/image\/\",\"url\":\"https:\/\/www.automotordistribuidora.com.br\/loja\/wp-content\/uploads\/2026\/03\/03.jpg\",\"contentUrl\":\"https:\/\/www.automotordistribuidora.com.br\/loja\/wp-content\/uploads\/2026\/03\/03.jpg\",\"width\":2001,\"height\":2001,\"caption\":\"Automotor Distribuidora\"},\"image\":{\"@id\":\"https:\/\/www.automotordistribuidora.com.br\/loja\/#\/schema\/logo\/image\/\"},\"sameAs\":[\"https:\/\/www.facebook.com\/automotordistribuidora\/\",\"https:\/\/www.instagram.com\/automotor.distribuidora\/\"]}]}<\/script>\n<meta property=\"product:price:amount\" content=\"1673.00\" \/>\n<meta property=\"product:price:currency\" content=\"BRL\" \/>\n<meta property=\"og:availability\" content=\"instock\" \/>\n<meta property=\"product:availability\" content=\"instock\" \/>\n<meta property=\"product:condition\" content=\"new\" \/>\n<!-- \/ Yoast SEO Premium plugin. -->","yoast_head_json":{"title":"Bomba de \u00e1gua El\u00e9trica Bmw 320i 420i X1 X3 Z4 20i 2.0 N20","description":"Automotor Distribuidora &#8902; Endere\u00e7o: Rua da Trindade, 1064 - Cajuru - Curitiba - Paran\u00e1 &#8902; WhatsApp: (41) 3095-1942.","robots":{"index":"index","follow":"follow","max-snippet":"max-snippet:-1","max-image-preview":"max-image-preview:large","max-video-preview":"max-video-preview:-1"},"canonical":"https:\/\/www.automotordistribuidora.com.br\/loja\/produtos\/bomba-de-agua-eletrica-bmw-320i-420i-x1-x3-z4-20i-2-0-n20\/","og_locale":"pt_BR","og_type":"article","og_title":"Bomba de \u00e1gua El\u00e9trica Bmw 320i 420i X1 X3 Z4 20i 2.0 N20","og_description":"Automotor Distribuidora &#8902; Endere\u00e7o: Rua da Trindade, 1064 - Cajuru - Curitiba - Paran\u00e1 &#8902; WhatsApp: (41) 3095-1942.","og_url":"https:\/\/www.automotordistribuidora.com.br\/loja\/produtos\/bomba-de-agua-eletrica-bmw-320i-420i-x1-x3-z4-20i-2-0-n20\/","og_site_name":"Automotor Distribuidora","article_publisher":"https:\/\/www.facebook.com\/automotordistribuidora\/","article_modified_time":"2026-03-26T20:38:36+00:00","og_image":[{"width":491,"height":500,"url":"https:\/\/www.automotordistribuidora.com.br\/loja\/wp-content\/uploads\/2026\/03\/Bomba-Dagua-Eletrica-BMW-320i.webp","type":"image\/webp"}],"twitter_card":"summary_large_image","twitter_misc":{"Pre\u00e7o":"&#82;&#36;&nbsp;1.673,00","Disponibilidade":"Em Estoque"},"schema":{"@context":"https:\/\/schema.org","@graph":[{"@type":"WebPage","@id":"https:\/\/www.automotordistribuidora.com.br\/loja\/produtos\/bomba-de-agua-eletrica-bmw-320i-420i-x1-x3-z4-20i-2-0-n20\/","url":"https:\/\/www.automotordistribuidora.com.br\/loja\/produtos\/bomba-de-agua-eletrica-bmw-320i-420i-x1-x3-z4-20i-2-0-n20\/","name":"Bomba de \u00e1gua El\u00e9trica Bmw 320i 420i X1 X3 Z4 20i 2.0 N20","isPartOf":{"@id":"https:\/\/www.automotordistribuidora.com.br\/loja\/#website"},"primaryImageOfPage":{"@id":"https:\/\/www.automotordistribuidora.com.br\/loja\/produtos\/bomba-de-agua-eletrica-bmw-320i-420i-x1-x3-z4-20i-2-0-n20\/#primaryimage"},"image":{"@id":"https:\/\/www.automotordistribuidora.com.br\/loja\/produtos\/bomba-de-agua-eletrica-bmw-320i-420i-x1-x3-z4-20i-2-0-n20\/#primaryimage"},"thumbnailUrl":"https:\/\/www.automotordistribuidora.com.br\/loja\/wp-content\/uploads\/2026\/03\/Bomba-Dagua-Eletrica-BMW-320i.webp","datePublished":"2026-03-26T17:38:33+00:00","dateModified":"2026-03-26T20:38:36+00:00","description":"Automotor Distribuidora &#8902; Endere\u00e7o: Rua da Trindade, 1064 - Cajuru - Curitiba - Paran\u00e1 &#8902; WhatsApp: (41) 3095-1942.","breadcrumb":{"@id":"https:\/\/www.automotordistribuidora.com.br\/loja\/produtos\/bomba-de-agua-eletrica-bmw-320i-420i-x1-x3-z4-20i-2-0-n20\/#breadcrumb"},"inLanguage":"pt-BR","potentialAction":[{"@type":"ReadAction","target":["https:\/\/www.automotordistribuidora.com.br\/loja\/produtos\/bomba-de-agua-eletrica-bmw-320i-420i-x1-x3-z4-20i-2-0-n20\/"]}]},{"@type":"ImageObject","inLanguage":"pt-BR","@id":"https:\/\/www.automotordistribuidora.com.br\/loja\/produtos\/bomba-de-agua-eletrica-bmw-320i-420i-x1-x3-z4-20i-2-0-n20\/#primaryimage","url":"https:\/\/www.automotordistribuidora.com.br\/loja\/wp-content\/uploads\/2026\/03\/Bomba-Dagua-Eletrica-BMW-320i.webp","contentUrl":"https:\/\/www.automotordistribuidora.com.br\/loja\/wp-content\/uploads\/2026\/03\/Bomba-Dagua-Eletrica-BMW-320i.webp","width":491,"height":500,"caption":"Bomba D\u2019\u00e1gua El\u00e9trica BMW 320i 1"},{"@type":"BreadcrumbList","@id":"https:\/\/www.automotordistribuidora.com.br\/loja\/produtos\/bomba-de-agua-eletrica-bmw-320i-420i-x1-x3-z4-20i-2-0-n20\/#breadcrumb","itemListElement":[{"@type":"ListItem","position":1,"name":"In\u00edcio","item":"https:\/\/www.automotordistribuidora.com.br\/loja\/"},{"@type":"ListItem","position":2,"name":"LOJA","item":"https:\/\/www.automotordistribuidora.com.br\/loja\/"},{"@type":"ListItem","position":3,"name":"Bomba de \u00e1gua El\u00e9trica Bmw 320i 420i X1 X3 Z4 20i 2.0 N20"}]},{"@type":"WebSite","@id":"https:\/\/www.automotordistribuidora.com.br\/loja\/#website","url":"https:\/\/www.automotordistribuidora.com.br\/loja\/","name":"Automotor Distribuidora","description":"","publisher":{"@id":"https:\/\/www.automotordistribuidora.com.br\/loja\/#organization"},"potentialAction":[{"@type":"SearchAction","target":{"@type":"EntryPoint","urlTemplate":"https:\/\/www.automotordistribuidora.com.br\/loja\/?s={search_term_string}"},"query-input":{"@type":"PropertyValueSpecification","valueRequired":true,"valueName":"search_term_string"}}],"inLanguage":"pt-BR"},{"@type":"Organization","@id":"https:\/\/www.automotordistribuidora.com.br\/loja\/#organization","name":"Automotor Distribuidora","url":"https:\/\/www.automotordistribuidora.com.br\/loja\/","logo":{"@type":"ImageObject","inLanguage":"pt-BR","@id":"https:\/\/www.automotordistribuidora.com.br\/loja\/#\/schema\/logo\/image\/","url":"https:\/\/www.automotordistribuidora.com.br\/loja\/wp-content\/uploads\/2026\/03\/03.jpg","contentUrl":"https:\/\/www.automotordistribuidora.com.br\/loja\/wp-content\/uploads\/2026\/03\/03.jpg","width":2001,"height":2001,"caption":"Automotor Distribuidora"},"image":{"@id":"https:\/\/www.automotordistribuidora.com.br\/loja\/#\/schema\/logo\/image\/"},"sameAs":["https:\/\/www.facebook.com\/automotordistribuidora\/","https:\/\/www.instagram.com\/automotor.distribuidora\/"]}]},"product_price_amount":"1673.00","product_price_currency":"BRL","og_availability":"instock","product_availability":"instock","product_condition":"new"},"jetpack_sharing_enabled":true,"_links":{"self":[{"href":"https:\/\/www.automotordistribuidora.com.br\/loja\/wp-json\/wp\/v2\/product\/16593","targetHints":{"allow":["GET"]}}],"collection":[{"href":"https:\/\/www.automotordistribuidora.com.br\/loja\/wp-json\/wp\/v2\/product"}],"about":[{"href":"https:\/\/www.automotordistribuidora.com.br\/loja\/wp-json\/wp\/v2\/types\/product"}],"replies":[{"embeddable":true,"href":"https:\/\/www.automotordistribuidora.com.br\/loja\/wp-json\/wp\/v2\/comments?post=16593"}],"version-history":[{"count":2,"href":"https:\/\/www.automotordistribuidora.com.br\/loja\/wp-json\/wp\/v2\/product\/16593\/revisions"}],"predecessor-version":[{"id":16607,"href":"https:\/\/www.automotordistribuidora.com.br\/loja\/wp-json\/wp\/v2\/product\/16593\/revisions\/16607"}],"wp:featuredmedia":[{"embeddable":true,"href":"https:\/\/www.automotordistribuidora.com.br\/loja\/wp-json\/wp\/v2\/media\/16594"}],"wp:attachment":[{"href":"https:\/\/www.automotordistribuidora.com.br\/loja\/wp-json\/wp\/v2\/media?parent=16593"}],"wp:term":[{"taxonomy":"product_brand","embeddable":true,"href":"https:\/\/www.automotordistribuidora.com.br\/loja\/wp-json\/wp\/v2\/product_brand?post=16593"},{"taxonomy":"product_cat","embeddable":true,"href":"https:\/\/www.automotordistribuidora.com.br\/loja\/wp-json\/wp\/v2\/product_cat?post=16593"},{"taxonomy":"product_tag","embeddable":true,"href":"https:\/\/www.automotordistribuidora.com.br\/loja\/wp-json\/wp\/v2\/product_tag?post=16593"}],"curies":[{"name":"wp","href":"https:\/\/api.w.org\/{rel}","templated":true}]}}