{"id":16564,"date":"2026-03-10T15:35:58","date_gmt":"2026-03-10T18:35:58","guid":{"rendered":"https:\/\/www.automotordistribuidora.com.br\/loja\/?post_type=product&#038;p=16564"},"modified":"2026-03-12T19:35:23","modified_gmt":"2026-03-12T22:35:23","slug":"anel-de-segmento-83-50-mm-1-00-vw-ap-2-0-8v-1-5x1-5x2-0","status":"publish","type":"product","link":"https:\/\/www.automotordistribuidora.com.br\/loja\/produtos\/anel-de-segmento-83-50-mm-1-00-vw-ap-2-0-8v-1-5x1-5x2-0\/","title":{"rendered":"Anel de Segmento 83.50 mm (1.00) VW AP 2.0 8v 1.5&#215;1.5&#215;2.0 Original"},"content":{"rendered":"<p>JOGO DE ANEIS ORIGINAL VW<\/p>\n<p>MOTORES VW AP 2.0 8V<\/p>\n<p>REF. METAL LEVE: DA6750<br \/>\nREF. HASTINGS: 2C6190<br \/>\n&#8212;&#8212;&#8212;&#8212;&#8212;&#8212;&#8212;&#8212;&#8212;&#8212;&#8212;&#8212;&#8212;&#8212;&#8212;&#8212;&#8212;&#8212;<br \/>\nESPECIFICA\u00c7\u00d5ES DO ANEL:<\/p>\n<p>DI\u00c2METRO<\/p>\n<p>\u00d8 83,50 (1,00mm)<\/p>\n<p>ALTURA DAS CANALETAS<\/p>\n<p>1\u00aa .CANALETA: 1,50mm |<br \/>\n2\u00aa CANALETA: 1,50mm |<br \/>\n3\u00aa CANALETA: 2,00mm |<\/p>\n<p>REF: 1,5 x 1,5 x 2,0mm<br \/>\n&#8212;&#8212;&#8212;&#8212;&#8212;&#8212;&#8212;&#8212;&#8212;&#8212;&#8212;&#8212;&#8212;&#8212;&#8212;&#8212;&#8212;&#8212;<br \/>\nAPLICA\u00c7\u00c3O COMPLETA<\/p>\n<p>FORD ESCORT HATCH GHIA 2.0 8V AP 1989 &#8211; 1996<\/p>\n<p>FORD ESCORT HATCH XR3 2.0 8V AP 1989 &#8211; 1996<\/p>\n<p>FORD ROYALE SW GHIA 2.0 8V AP 1991 &#8211; 1993<\/p>\n<p>FORD ROYALE SW GHIA I 2.0 8V AP 1991 &#8211; 1993<\/p>\n<p>FORD ROYALE SW GL 2.0 8V AP 1991 &#8211; 1993<\/p>\n<p>FORD ROYALE SW GL I 2.0 8V AP 1991 &#8211; 1993<\/p>\n<p>FORD VERSAILLES SEDAN GHIA 2.0 8V AP 1991 &#8211; 1993<\/p>\n<p>FORD VERSAILLES SEDAN GHIA I 2.0 8V AP 1991 &#8211; 1993<\/p>\n<p>FORD VERSAILLES SEDAN GL 2.0 8V AP 1991 &#8211; 1993<\/p>\n<p>FORD VERSAILLES SEDAN GL I 2.0 8V AP 1991 &#8211; 1993<\/p>\n<p>VW GOL G1 HATCH GTI 2.0 8V AP 1988 &#8211; 1993<\/p>\n<p>VW QUANTUM SW CL 2.0 8V AP 1988 &#8211; 1989<\/p>\n<p>VW QUANTUM SW GL 2.0 8V AP 1988 &#8211; 1989<\/p>\n<p>VW QUANTUM SW GL I 2.0 8V AP 1990 &#8211; 1993<\/p>\n<p>VW QUANTUM SW GLS 2.0 8V AP 1988 &#8211; 1989<\/p>\n<p>VW QUANTUM SW GLS I 2.0 8V AP 1990 &#8211; 1993<\/p>\n<p>VW SANTANA SEDAN CL 2.0 8V AP 1988 &#8211; 1990<\/p>\n<p>VW SANTANA SEDAN EVIDENCE 2.0 8V AP 1989 &#8211; 1990<\/p>\n<p>VW SANTANA SEDAN EXECUTIVO 2.0 8V AP 1990 &#8211; 1990<\/p>\n<p>VW SANTANA SEDAN GL 2.0 8V AP 1988 &#8211; 1990<\/p>\n<p>VW SANTANA SEDAN GL I 2.0 8V AP 1989 &#8211; 1993<\/p>\n<p>VW SANTANA SEDAN GLS 2.0 8V AP 1988 &#8211; 1990<\/p>\n<p>VW SANTANA SEDAN GLS I 2.0 8V AP 1989 &#8211; 1993<\/p>\n<p>VW SANTANA SEDAN SPORT 2.0 8V AP 1988 &#8211; 1990<\/p>\n<p>VW SANTANA SEDAN SPORT I 2.0 8V AP 1990 &#8211; 1993<\/p>\n<p><strong>Garantia do vendedor: 3 meses<\/strong><\/p>\n<p>&nbsp;<\/p>\n<div class=\"ui-vpp-striped-specs\">\n<div class=\"ui-vpp-striped-specs__table\">\n<h3 class=\"ui-vpp-striped-specs__header\">Caracter\u00edsticas principais<\/h3>\n<table class=\"andes-table\">\n<tbody class=\"andes-table__body\">\n<tr class=\"andes-table__row ui-vpp-striped-specs__row\">\n<th class=\"andes-table__header andes-table__header--left ui-vpp-striped-specs__row__column ui-vpp-striped-specs__row__column--id\" scope=\"row\">\n<div class=\"andes-table__header__container\">Marca<\/div>\n<\/th>\n<td id=\"_R_2iule8l69tb6e_\" class=\"andes-table__column andes-table__column--left andes-table__column--vertical-align-center ui-vpp-striped-specs__row__column\"><span id=\"_R_2iule8l69tb6e_-value\" class=\"andes-table__column--value\">Volkswagen<\/span><\/td>\n<\/tr>\n<tr class=\"andes-table__row ui-vpp-striped-specs__row\">\n<th class=\"andes-table__header andes-table__header--left ui-vpp-striped-specs__row__column ui-vpp-striped-specs__row__column--id\" scope=\"row\">\n<div class=\"andes-table__header__container\">N\u00famero de pe\u00e7a<\/div>\n<\/th>\n<td id=\"_R_2jele8l69tb6e_\" class=\"andes-table__column andes-table__column--left andes-table__column--vertical-align-center ui-vpp-striped-specs__row__column\"><span id=\"_R_2jele8l69tb6e_-value\" class=\"andes-table__column--value\">0531982014 \/6750 1.00<\/span><\/td>\n<\/tr>\n<\/tbody>\n<\/table>\n<\/div>\n<\/div>\n<div class=\"ui-vpp-striped-specs\">\n<div class=\"ui-vpp-striped-specs__table\">\n<h3 class=\"ui-vpp-striped-specs__header\">Registros de produtos<\/h3>\n<table class=\"andes-table\">\n<tbody class=\"andes-table__body\">\n<tr class=\"andes-table__row ui-vpp-striped-specs__row\">\n<th class=\"andes-table__header andes-table__header--left ui-vpp-striped-specs__row__column ui-vpp-striped-specs__row__column--id\" scope=\"row\">\n<div class=\"andes-table__header__container\">N\u00famero de registro\/certifica\u00e7\u00e3o INMETRO<\/div>\n<\/th>\n<td id=\"_R_2jspe8l69tb6e_\" class=\"andes-table__column andes-table__column--left andes-table__column--vertical-align-center ui-vpp-striped-specs__row__column\"><span id=\"_R_2jspe8l69tb6e_-value\" class=\"andes-table__column--value\">005545\/2019<\/span><\/td>\n<\/tr>\n<\/tbody>\n<\/table>\n<\/div>\n<div class=\"ui-vpp-striped-specs__table\">\n<h3 class=\"ui-vpp-striped-specs__header\">Outros<\/h3>\n<table class=\"andes-table\">\n<tbody class=\"andes-table__body\">\n<tr class=\"andes-table__row ui-vpp-striped-specs__row\">\n<th class=\"andes-table__header andes-table__header--left ui-vpp-striped-specs__row__column ui-vpp-striped-specs__row__column--id\" scope=\"row\">\n<div class=\"andes-table__header__container\">Material<\/div>\n<\/th>\n<td id=\"_R_a9t9e8l69tb6e_\" class=\"andes-table__column andes-table__column--left andes-table__column--vertical-align-center ui-vpp-striped-specs__row__column\"><span id=\"_R_a9t9e8l69tb6e_-value\" class=\"andes-table__column--value\">Metal<\/span><\/td>\n<\/tr>\n<tr class=\"andes-table__row ui-vpp-striped-specs__row\">\n<th class=\"andes-table__header andes-table__header--left ui-vpp-striped-specs__row__column ui-vpp-striped-specs__row__column--id\" scope=\"row\">\n<div class=\"andes-table__header__container\">Di\u00e2metro do furo do pist\u00e3o compat\u00edvel<\/div>\n<\/th>\n<td id=\"_R_aat9e8l69tb6e_\" class=\"andes-table__column andes-table__column--left andes-table__column--vertical-align-center ui-vpp-striped-specs__row__column\"><span id=\"_R_aat9e8l69tb6e_-value\" class=\"andes-table__column--value\">2.120,9 mm<\/span><\/td>\n<\/tr>\n<tr class=\"andes-table__row ui-vpp-striped-specs__row\">\n<th class=\"andes-table__header andes-table__header--left ui-vpp-striped-specs__row__column ui-vpp-striped-specs__row__column--id\" scope=\"row\">\n<div class=\"andes-table__header__container\">Tipo de ve\u00edculo<\/div>\n<\/th>\n<td id=\"_R_abt9e8l69tb6e_\" class=\"andes-table__column andes-table__column--left andes-table__column--vertical-align-center ui-vpp-striped-specs__row__column\"><span id=\"_R_abt9e8l69tb6e_-value\" class=\"andes-table__column--value\">Carro\/Caminhonete<\/span><\/td>\n<\/tr>\n<tr class=\"andes-table__row ui-vpp-striped-specs__row\">\n<th class=\"andes-table__header andes-table__header--left ui-vpp-striped-specs__row__column ui-vpp-striped-specs__row__column--id\" scope=\"row\">\n<div class=\"andes-table__header__container\">Origem<\/div>\n<\/th>\n<td id=\"_R_act9e8l69tb6e_\" class=\"andes-table__column andes-table__column--left andes-table__column--vertical-align-center ui-vpp-striped-specs__row__column\"><span id=\"_R_act9e8l69tb6e_-value\" class=\"andes-table__column--value\">Brasil<\/span><\/td>\n<\/tr>\n<\/tbody>\n<\/table>\n<\/div>\n<\/div>\n","protected":false},"excerpt":{"rendered":"<p>Medidas dos an\u00e9is: 1.5 x 1.5 x 2.0 mm<\/p>\n<p>Indicado para motores que passaram por ret\u00edfica com aumento de 1.00 mm no di\u00e2metro do cilindro.<\/p>\n<p>Respons\u00e1vel por garantir veda\u00e7\u00e3o eficiente entre pist\u00e3o e cilindro, mantendo compress\u00e3o adequada, reduzindo consumo de \u00f3leo e melhorando o desempenho do motor.<\/p>\n","protected":false},"featured_media":16565,"comment_status":"open","ping_status":"closed","template":"","meta":[],"product_brand":[],"product_cat":[237],"product_tag":[608,607,615,610,611,609,612,616,614,613],"class_list":{"0":"post-16564","1":"product","2":"type-product","3":"status-publish","4":"has-post-thumbnail","6":"product_cat-aneis-e-correias","7":"product_tag-aneis-83-50-ap","8":"product_tag-aneis-ap-2-0-1-00","9":"product_tag-aneis-motor-santana-ap","10":"product_tag-aneis-motor-vw-ap-2-0","11":"product_tag-aneis-pistao-ap-8v","12":"product_tag-aneis-segmento-gol-ap-2-0","13":"product_tag-aneis-sobremedida-1-00-ap","14":"product_tag-manutencao-motor-ap-2-0","15":"product_tag-pecas-motor-ap-volkswagen","16":"product_tag-retifica-motor-ap-2-0","18":"first","19":"instock","20":"shipping-taxable","21":"purchasable","22":"product-type-simple"},"yoast_head":"<!-- This site is optimized with the Yoast SEO Premium plugin v26.9 (Yoast SEO v27.1.1) - https:\/\/yoast.com\/product\/yoast-seo-premium-wordpress\/ -->\n<title>Anel de Segmento 83.50 mm (1.00) VW AP 2.0 8v 1.5x1.5x2.0 Original<\/title>\n<meta name=\"description\" content=\"Automotor Distribuidora &#8902; Endere\u00e7o: Rua da Trindade, 1064 - Cajuru - Curitiba - Paran\u00e1 &#8902; WhatsApp: (41) 3095-1942.\" \/>\n<meta name=\"robots\" content=\"index, follow, max-snippet:-1, max-image-preview:large, max-video-preview:-1\" \/>\n<link rel=\"canonical\" href=\"https:\/\/www.automotordistribuidora.com.br\/loja\/produtos\/anel-de-segmento-83-50-mm-1-00-vw-ap-2-0-8v-1-5x1-5x2-0\/\" \/>\n<meta property=\"og:locale\" content=\"pt_BR\" \/>\n<meta property=\"og:type\" content=\"article\" \/>\n<meta property=\"og:title\" content=\"Anel de Segmento 83.50 mm (1.00) VW AP 2.0 8v 1.5x1.5x2.0 Original\" \/>\n<meta property=\"og:description\" content=\"Automotor Distribuidora &#8902; Endere\u00e7o: Rua da Trindade, 1064 - Cajuru - Curitiba - Paran\u00e1 &#8902; WhatsApp: (41) 3095-1942.\" \/>\n<meta property=\"og:url\" content=\"https:\/\/www.automotordistribuidora.com.br\/loja\/produtos\/anel-de-segmento-83-50-mm-1-00-vw-ap-2-0-8v-1-5x1-5x2-0\/\" \/>\n<meta property=\"og:site_name\" content=\"Automotor Distribuidora\" \/>\n<meta property=\"article:publisher\" content=\"https:\/\/www.facebook.com\/automotordistribuidora\/\" \/>\n<meta property=\"article:modified_time\" content=\"2026-03-12T22:35:23+00:00\" \/>\n<meta property=\"og:image\" content=\"https:\/\/www.automotordistribuidora.com.br\/loja\/wp-content\/uploads\/2026\/03\/Anel-Segmento-8350m-100m-Vw-Ap-2.0-8v-15x15x20-Original.webp\" \/>\n\t<meta property=\"og:image:width\" content=\"500\" \/>\n\t<meta property=\"og:image:height\" content=\"500\" \/>\n\t<meta property=\"og:image:type\" content=\"image\/webp\" \/>\n<meta name=\"twitter:card\" content=\"summary_large_image\" \/>\n<meta name=\"twitter:label1\" content=\"Pre\u00e7o\" \/>\n\t<meta name=\"twitter:data1\" content=\"&#082;&#036;&nbsp;183,49\" \/>\n\t<meta name=\"twitter:label2\" content=\"Disponibilidade\" \/>\n\t<meta name=\"twitter:data2\" content=\"Em Estoque\" \/>\n<script type=\"application\/ld+json\" class=\"yoast-schema-graph\">{\"@context\":\"https:\/\/schema.org\",\"@graph\":[{\"@type\":\"WebPage\",\"@id\":\"https:\/\/www.automotordistribuidora.com.br\/loja\/produtos\/anel-de-segmento-83-50-mm-1-00-vw-ap-2-0-8v-1-5x1-5x2-0\/\",\"url\":\"https:\/\/www.automotordistribuidora.com.br\/loja\/produtos\/anel-de-segmento-83-50-mm-1-00-vw-ap-2-0-8v-1-5x1-5x2-0\/\",\"name\":\"Anel de Segmento 83.50 mm (1.00) VW AP 2.0 8v 1.5x1.5x2.0 Original\",\"isPartOf\":{\"@id\":\"https:\/\/www.automotordistribuidora.com.br\/loja\/#website\"},\"primaryImageOfPage\":{\"@id\":\"https:\/\/www.automotordistribuidora.com.br\/loja\/produtos\/anel-de-segmento-83-50-mm-1-00-vw-ap-2-0-8v-1-5x1-5x2-0\/#primaryimage\"},\"image\":{\"@id\":\"https:\/\/www.automotordistribuidora.com.br\/loja\/produtos\/anel-de-segmento-83-50-mm-1-00-vw-ap-2-0-8v-1-5x1-5x2-0\/#primaryimage\"},\"thumbnailUrl\":\"https:\/\/www.automotordistribuidora.com.br\/loja\/wp-content\/uploads\/2026\/03\/Anel-Segmento-8350m-100m-Vw-Ap-2.0-8v-15x15x20-Original.webp\",\"datePublished\":\"2026-03-10T18:35:58+00:00\",\"dateModified\":\"2026-03-12T22:35:23+00:00\",\"description\":\"Automotor Distribuidora &#8902; Endere\u00e7o: Rua da Trindade, 1064 - Cajuru - Curitiba - Paran\u00e1 &#8902; WhatsApp: (41) 3095-1942.\",\"breadcrumb\":{\"@id\":\"https:\/\/www.automotordistribuidora.com.br\/loja\/produtos\/anel-de-segmento-83-50-mm-1-00-vw-ap-2-0-8v-1-5x1-5x2-0\/#breadcrumb\"},\"inLanguage\":\"pt-BR\",\"potentialAction\":[{\"@type\":\"ReadAction\",\"target\":[\"https:\/\/www.automotordistribuidora.com.br\/loja\/produtos\/anel-de-segmento-83-50-mm-1-00-vw-ap-2-0-8v-1-5x1-5x2-0\/\"]}]},{\"@type\":\"ImageObject\",\"inLanguage\":\"pt-BR\",\"@id\":\"https:\/\/www.automotordistribuidora.com.br\/loja\/produtos\/anel-de-segmento-83-50-mm-1-00-vw-ap-2-0-8v-1-5x1-5x2-0\/#primaryimage\",\"url\":\"https:\/\/www.automotordistribuidora.com.br\/loja\/wp-content\/uploads\/2026\/03\/Anel-Segmento-8350m-100m-Vw-Ap-2.0-8v-15x15x20-Original.webp\",\"contentUrl\":\"https:\/\/www.automotordistribuidora.com.br\/loja\/wp-content\/uploads\/2026\/03\/Anel-Segmento-8350m-100m-Vw-Ap-2.0-8v-15x15x20-Original.webp\",\"width\":500,\"height\":500,\"caption\":\"Anel Segmento 83,50m 1,00m Vw Ap 2.0 8v 1,5x1,5x2,0 Original\"},{\"@type\":\"BreadcrumbList\",\"@id\":\"https:\/\/www.automotordistribuidora.com.br\/loja\/produtos\/anel-de-segmento-83-50-mm-1-00-vw-ap-2-0-8v-1-5x1-5x2-0\/#breadcrumb\",\"itemListElement\":[{\"@type\":\"ListItem\",\"position\":1,\"name\":\"In\u00edcio\",\"item\":\"https:\/\/www.automotordistribuidora.com.br\/loja\/\"},{\"@type\":\"ListItem\",\"position\":2,\"name\":\"LOJA\",\"item\":\"https:\/\/www.automotordistribuidora.com.br\/loja\/\"},{\"@type\":\"ListItem\",\"position\":3,\"name\":\"Anel de Segmento 83.50 mm (1.00) VW AP 2.0 8v 1.5&#215;1.5&#215;2.0 Original\"}]},{\"@type\":\"WebSite\",\"@id\":\"https:\/\/www.automotordistribuidora.com.br\/loja\/#website\",\"url\":\"https:\/\/www.automotordistribuidora.com.br\/loja\/\",\"name\":\"Automotor Distribuidora\",\"description\":\"\",\"publisher\":{\"@id\":\"https:\/\/www.automotordistribuidora.com.br\/loja\/#organization\"},\"potentialAction\":[{\"@type\":\"SearchAction\",\"target\":{\"@type\":\"EntryPoint\",\"urlTemplate\":\"https:\/\/www.automotordistribuidora.com.br\/loja\/?s={search_term_string}\"},\"query-input\":{\"@type\":\"PropertyValueSpecification\",\"valueRequired\":true,\"valueName\":\"search_term_string\"}}],\"inLanguage\":\"pt-BR\"},{\"@type\":\"Organization\",\"@id\":\"https:\/\/www.automotordistribuidora.com.br\/loja\/#organization\",\"name\":\"Automotor Distribuidora\",\"url\":\"https:\/\/www.automotordistribuidora.com.br\/loja\/\",\"logo\":{\"@type\":\"ImageObject\",\"inLanguage\":\"pt-BR\",\"@id\":\"https:\/\/www.automotordistribuidora.com.br\/loja\/#\/schema\/logo\/image\/\",\"url\":\"https:\/\/www.automotordistribuidora.com.br\/loja\/wp-content\/uploads\/2026\/03\/03.jpg\",\"contentUrl\":\"https:\/\/www.automotordistribuidora.com.br\/loja\/wp-content\/uploads\/2026\/03\/03.jpg\",\"width\":2001,\"height\":2001,\"caption\":\"Automotor Distribuidora\"},\"image\":{\"@id\":\"https:\/\/www.automotordistribuidora.com.br\/loja\/#\/schema\/logo\/image\/\"},\"sameAs\":[\"https:\/\/www.facebook.com\/automotordistribuidora\/\",\"https:\/\/www.instagram.com\/automotor.distribuidora\/\"]}]}<\/script>\n<meta property=\"product:price:amount\" content=\"183.49\" \/>\n<meta property=\"product:price:currency\" content=\"BRL\" \/>\n<meta property=\"og:availability\" content=\"instock\" \/>\n<meta property=\"product:availability\" content=\"instock\" \/>\n<meta property=\"product:condition\" content=\"new\" \/>\n<!-- \/ Yoast SEO Premium plugin. -->","yoast_head_json":{"title":"Anel de Segmento 83.50 mm (1.00) VW AP 2.0 8v 1.5x1.5x2.0 Original","description":"Automotor Distribuidora &#8902; Endere\u00e7o: Rua da Trindade, 1064 - Cajuru - Curitiba - Paran\u00e1 &#8902; WhatsApp: (41) 3095-1942.","robots":{"index":"index","follow":"follow","max-snippet":"max-snippet:-1","max-image-preview":"max-image-preview:large","max-video-preview":"max-video-preview:-1"},"canonical":"https:\/\/www.automotordistribuidora.com.br\/loja\/produtos\/anel-de-segmento-83-50-mm-1-00-vw-ap-2-0-8v-1-5x1-5x2-0\/","og_locale":"pt_BR","og_type":"article","og_title":"Anel de Segmento 83.50 mm (1.00) VW AP 2.0 8v 1.5x1.5x2.0 Original","og_description":"Automotor Distribuidora &#8902; Endere\u00e7o: Rua da Trindade, 1064 - Cajuru - Curitiba - Paran\u00e1 &#8902; WhatsApp: (41) 3095-1942.","og_url":"https:\/\/www.automotordistribuidora.com.br\/loja\/produtos\/anel-de-segmento-83-50-mm-1-00-vw-ap-2-0-8v-1-5x1-5x2-0\/","og_site_name":"Automotor Distribuidora","article_publisher":"https:\/\/www.facebook.com\/automotordistribuidora\/","article_modified_time":"2026-03-12T22:35:23+00:00","og_image":[{"width":500,"height":500,"url":"https:\/\/www.automotordistribuidora.com.br\/loja\/wp-content\/uploads\/2026\/03\/Anel-Segmento-8350m-100m-Vw-Ap-2.0-8v-15x15x20-Original.webp","type":"image\/webp"}],"twitter_card":"summary_large_image","twitter_misc":{"Pre\u00e7o":"&#82;&#36;&nbsp;183,49","Disponibilidade":"Em Estoque"},"schema":{"@context":"https:\/\/schema.org","@graph":[{"@type":"WebPage","@id":"https:\/\/www.automotordistribuidora.com.br\/loja\/produtos\/anel-de-segmento-83-50-mm-1-00-vw-ap-2-0-8v-1-5x1-5x2-0\/","url":"https:\/\/www.automotordistribuidora.com.br\/loja\/produtos\/anel-de-segmento-83-50-mm-1-00-vw-ap-2-0-8v-1-5x1-5x2-0\/","name":"Anel de Segmento 83.50 mm (1.00) VW AP 2.0 8v 1.5x1.5x2.0 Original","isPartOf":{"@id":"https:\/\/www.automotordistribuidora.com.br\/loja\/#website"},"primaryImageOfPage":{"@id":"https:\/\/www.automotordistribuidora.com.br\/loja\/produtos\/anel-de-segmento-83-50-mm-1-00-vw-ap-2-0-8v-1-5x1-5x2-0\/#primaryimage"},"image":{"@id":"https:\/\/www.automotordistribuidora.com.br\/loja\/produtos\/anel-de-segmento-83-50-mm-1-00-vw-ap-2-0-8v-1-5x1-5x2-0\/#primaryimage"},"thumbnailUrl":"https:\/\/www.automotordistribuidora.com.br\/loja\/wp-content\/uploads\/2026\/03\/Anel-Segmento-8350m-100m-Vw-Ap-2.0-8v-15x15x20-Original.webp","datePublished":"2026-03-10T18:35:58+00:00","dateModified":"2026-03-12T22:35:23+00:00","description":"Automotor Distribuidora &#8902; Endere\u00e7o: Rua da Trindade, 1064 - Cajuru - Curitiba - Paran\u00e1 &#8902; WhatsApp: (41) 3095-1942.","breadcrumb":{"@id":"https:\/\/www.automotordistribuidora.com.br\/loja\/produtos\/anel-de-segmento-83-50-mm-1-00-vw-ap-2-0-8v-1-5x1-5x2-0\/#breadcrumb"},"inLanguage":"pt-BR","potentialAction":[{"@type":"ReadAction","target":["https:\/\/www.automotordistribuidora.com.br\/loja\/produtos\/anel-de-segmento-83-50-mm-1-00-vw-ap-2-0-8v-1-5x1-5x2-0\/"]}]},{"@type":"ImageObject","inLanguage":"pt-BR","@id":"https:\/\/www.automotordistribuidora.com.br\/loja\/produtos\/anel-de-segmento-83-50-mm-1-00-vw-ap-2-0-8v-1-5x1-5x2-0\/#primaryimage","url":"https:\/\/www.automotordistribuidora.com.br\/loja\/wp-content\/uploads\/2026\/03\/Anel-Segmento-8350m-100m-Vw-Ap-2.0-8v-15x15x20-Original.webp","contentUrl":"https:\/\/www.automotordistribuidora.com.br\/loja\/wp-content\/uploads\/2026\/03\/Anel-Segmento-8350m-100m-Vw-Ap-2.0-8v-15x15x20-Original.webp","width":500,"height":500,"caption":"Anel Segmento 83,50m 1,00m Vw Ap 2.0 8v 1,5x1,5x2,0 Original"},{"@type":"BreadcrumbList","@id":"https:\/\/www.automotordistribuidora.com.br\/loja\/produtos\/anel-de-segmento-83-50-mm-1-00-vw-ap-2-0-8v-1-5x1-5x2-0\/#breadcrumb","itemListElement":[{"@type":"ListItem","position":1,"name":"In\u00edcio","item":"https:\/\/www.automotordistribuidora.com.br\/loja\/"},{"@type":"ListItem","position":2,"name":"LOJA","item":"https:\/\/www.automotordistribuidora.com.br\/loja\/"},{"@type":"ListItem","position":3,"name":"Anel de Segmento 83.50 mm (1.00) VW AP 2.0 8v 1.5&#215;1.5&#215;2.0 Original"}]},{"@type":"WebSite","@id":"https:\/\/www.automotordistribuidora.com.br\/loja\/#website","url":"https:\/\/www.automotordistribuidora.com.br\/loja\/","name":"Automotor Distribuidora","description":"","publisher":{"@id":"https:\/\/www.automotordistribuidora.com.br\/loja\/#organization"},"potentialAction":[{"@type":"SearchAction","target":{"@type":"EntryPoint","urlTemplate":"https:\/\/www.automotordistribuidora.com.br\/loja\/?s={search_term_string}"},"query-input":{"@type":"PropertyValueSpecification","valueRequired":true,"valueName":"search_term_string"}}],"inLanguage":"pt-BR"},{"@type":"Organization","@id":"https:\/\/www.automotordistribuidora.com.br\/loja\/#organization","name":"Automotor Distribuidora","url":"https:\/\/www.automotordistribuidora.com.br\/loja\/","logo":{"@type":"ImageObject","inLanguage":"pt-BR","@id":"https:\/\/www.automotordistribuidora.com.br\/loja\/#\/schema\/logo\/image\/","url":"https:\/\/www.automotordistribuidora.com.br\/loja\/wp-content\/uploads\/2026\/03\/03.jpg","contentUrl":"https:\/\/www.automotordistribuidora.com.br\/loja\/wp-content\/uploads\/2026\/03\/03.jpg","width":2001,"height":2001,"caption":"Automotor Distribuidora"},"image":{"@id":"https:\/\/www.automotordistribuidora.com.br\/loja\/#\/schema\/logo\/image\/"},"sameAs":["https:\/\/www.facebook.com\/automotordistribuidora\/","https:\/\/www.instagram.com\/automotor.distribuidora\/"]}]},"product_price_amount":"183.49","product_price_currency":"BRL","og_availability":"instock","product_availability":"instock","product_condition":"new"},"jetpack_sharing_enabled":true,"_links":{"self":[{"href":"https:\/\/www.automotordistribuidora.com.br\/loja\/wp-json\/wp\/v2\/product\/16564","targetHints":{"allow":["GET"]}}],"collection":[{"href":"https:\/\/www.automotordistribuidora.com.br\/loja\/wp-json\/wp\/v2\/product"}],"about":[{"href":"https:\/\/www.automotordistribuidora.com.br\/loja\/wp-json\/wp\/v2\/types\/product"}],"replies":[{"embeddable":true,"href":"https:\/\/www.automotordistribuidora.com.br\/loja\/wp-json\/wp\/v2\/comments?post=16564"}],"version-history":[{"count":1,"href":"https:\/\/www.automotordistribuidora.com.br\/loja\/wp-json\/wp\/v2\/product\/16564\/revisions"}],"predecessor-version":[{"id":16566,"href":"https:\/\/www.automotordistribuidora.com.br\/loja\/wp-json\/wp\/v2\/product\/16564\/revisions\/16566"}],"wp:featuredmedia":[{"embeddable":true,"href":"https:\/\/www.automotordistribuidora.com.br\/loja\/wp-json\/wp\/v2\/media\/16565"}],"wp:attachment":[{"href":"https:\/\/www.automotordistribuidora.com.br\/loja\/wp-json\/wp\/v2\/media?parent=16564"}],"wp:term":[{"taxonomy":"product_brand","embeddable":true,"href":"https:\/\/www.automotordistribuidora.com.br\/loja\/wp-json\/wp\/v2\/product_brand?post=16564"},{"taxonomy":"product_cat","embeddable":true,"href":"https:\/\/www.automotordistribuidora.com.br\/loja\/wp-json\/wp\/v2\/product_cat?post=16564"},{"taxonomy":"product_tag","embeddable":true,"href":"https:\/\/www.automotordistribuidora.com.br\/loja\/wp-json\/wp\/v2\/product_tag?post=16564"}],"curies":[{"name":"wp","href":"https:\/\/api.w.org\/{rel}","templated":true}]}}