{"id":16539,"date":"2026-03-09T21:47:23","date_gmt":"2026-03-10T00:47:23","guid":{"rendered":"https:\/\/www.automotordistribuidora.com.br\/loja\/?post_type=product&#038;p=16539"},"modified":"2026-03-09T21:47:24","modified_gmt":"2026-03-10T00:47:24","slug":"spray-cobre-formador-e-selantes-de-juntas-autoamerica-450ml","status":"publish","type":"product","link":"https:\/\/www.automotordistribuidora.com.br\/loja\/produtos\/spray-cobre-formador-e-selantes-de-juntas-autoamerica-450ml\/","title":{"rendered":"Spray Cobre Formador E Selantes De Juntas Autoamerica 450ml"},"content":{"rendered":"<p>1 &#8211; SELANTE DE JUNTAS SPRAY DE COBRE<\/p>\n<p>&#8211; Melhora a transfer\u00eancia de calor<br \/>\n&#8211; Resistente a solventes<br \/>\n&#8211; Preenche imperfei\u00e7\u00f5es de superf\u00edcie<br \/>\n&#8211; Simplifica a remo\u00e7\u00e3o futura<\/p>\n<p>SELANTE DE JUNTAS \u00e9 um produto aerossol que preenche Imperfei\u00e7\u00f5es de superf\u00edcie. Este produto cont\u00e9m cobre para ajudar a dissipar o calor, evitando a queima de juntas e melhorando a transfer\u00eancia de calor, al\u00e9m de ser de secagem r\u00e1pida. \u00c9 recomendado especificamente para preenchimento de pontos quentes e imperfei\u00e7\u00f5es de superf\u00edcie.<\/p>\n<p>TAMANHO: 450 ML<\/p>\n<p>Instru\u00e7\u00f5es:<br \/>\n1) Garanta ventila\u00e7\u00e3o adequada.<br \/>\n2) As superf\u00edcies devem estar livres de \u00f3leo, sujeira e graxa.<br \/>\n3) Mascare as \u00e1reas que n\u00e3o devem ser revestidas.<br \/>\n4) Agite a lata com agitador por um minuto. Para melhores resultados, a lata de aerossol deve estar \u00e0 temperatura ambiente antes de pulverizar.<br \/>\n5) Aplique o produto em ambos os lados da junta ou superf\u00edcie.<br \/>\n6) Segurando a lata a 20 a 25 cm da superf\u00edcie a ser revestida, pressione o bico e descarregue o produto uniformemente. Aplique em ambos os lados da junta. Evite excesso de pulveriza\u00e7\u00e3o. N\u00c3O PULVERIZE no compartimento do motor. Deixe o solvente evaporar antes da montagem.<\/p>\n<p>Para Limpeza:<br \/>\n1) Vire a lata de cabe\u00e7a para baixo e pulverize para limpar o bico.<br \/>\n2) Limpe as m\u00e3os com limpadores de m\u00e3os.<\/p>\n<p><strong>Garantia de f\u00e1brica: 90 dias<\/strong><\/p>\n<h3 class=\"ui-vpp-striped-specs__header\">Caracter\u00edsticas principais<\/h3>\n<table class=\"andes-table\">\n<tbody class=\"andes-table__body\">\n<tr class=\"andes-table__row ui-vpp-striped-specs__row\">\n<th class=\"andes-table__header andes-table__header--left ui-vpp-striped-specs__row__column ui-vpp-striped-specs__row__column--id\" scope=\"row\">\n<div class=\"andes-table__header__container\">Marca<\/div>\n<\/th>\n<td id=\"_R_2iule8l69tb6e_\" class=\"andes-table__column andes-table__column--left andes-table__column--vertical-align-center ui-vpp-striped-specs__row__column\"><span id=\"_R_2iule8l69tb6e_-value\" class=\"andes-table__column--value\">Autoamerica<\/span><\/td>\n<\/tr>\n<tr class=\"andes-table__row ui-vpp-striped-specs__row\">\n<th class=\"andes-table__header andes-table__header--left ui-vpp-striped-specs__row__column ui-vpp-striped-specs__row__column--id\" scope=\"row\">\n<div class=\"andes-table__header__container\">N\u00famero de pe\u00e7a<\/div>\n<\/th>\n<td id=\"_R_2jele8l69tb6e_\" class=\"andes-table__column andes-table__column--left andes-table__column--vertical-align-center ui-vpp-striped-specs__row__column\"><span id=\"_R_2jele8l69tb6e_-value\" class=\"andes-table__column--value\">414545006<\/span><\/td>\n<\/tr>\n<\/tbody>\n<\/table>\n","protected":false},"excerpt":{"rendered":"<p>O Spray Cobre Formador e Selante de Juntas da Autoamerica \u00e9 indicado para auxiliar na veda\u00e7\u00e3o de juntas automotivas, especialmente em aplica\u00e7\u00f5es sujeitas a altas temperaturas.<\/p>\n<p>Forma uma pel\u00edcula met\u00e1lica de cobre que melhora a veda\u00e7\u00e3o e ajuda a evitar vazamentos de \u00f3leo, \u00e1gua ou gases.<\/p>\n<p>Indicado para aplica\u00e7\u00e3o em:<br \/>\n\u2013 juntas de cabe\u00e7ote<br \/>\n\u2013 juntas de escapamento<br \/>\n\u2013 coletores<br \/>\n\u2013 flanges met\u00e1licas<\/p>\n<p>Produto de alta resist\u00eancia t\u00e9rmica, ideal para uso automotivo profissional.<\/p>\n","protected":false},"featured_media":16541,"comment_status":"open","ping_status":"closed","template":"","meta":[],"product_brand":[],"product_cat":[109],"product_tag":[568,570,572,569,565,566,564,135,571,567],"class_list":{"0":"post-16539","1":"product","2":"type-product","3":"status-publish","4":"has-post-thumbnail","6":"product_cat-aditivos-e-sprays","7":"product_tag-formador-juntas-cobre","8":"product_tag-manutencao-motor-automotivo","9":"product_tag-produto-automotivo-autoamerica","10":"product_tag-selante-alta-temperatura-motor","11":"product_tag-selante-juntas-cobre","12":"product_tag-spray-cobre-autoamerica","13":"product_tag-spray-cobre-juntas","14":"product_tag-spray-junta-cabecote","15":"product_tag-vedacao-junta-escapamento","16":"product_tag-vedante-juntas-motor","18":"first","19":"instock","20":"shipping-taxable","21":"purchasable","22":"product-type-simple"},"yoast_head":"<!-- This site is optimized with the Yoast SEO Premium plugin v26.9 (Yoast SEO v27.1.1) - https:\/\/yoast.com\/product\/yoast-seo-premium-wordpress\/ -->\n<title>Spray Cobre Formador E Selantes De Juntas Autoamerica 450ml<\/title>\n<meta name=\"description\" content=\"Automotor Distribuidora &#8902; Endere\u00e7o: Rua da Trindade, 1064 - Cajuru - Curitiba - Paran\u00e1 &#8902; WhatsApp: (41) 3095-1942.\" \/>\n<meta name=\"robots\" content=\"index, follow, max-snippet:-1, max-image-preview:large, max-video-preview:-1\" \/>\n<link rel=\"canonical\" href=\"https:\/\/www.automotordistribuidora.com.br\/loja\/produtos\/spray-cobre-formador-e-selantes-de-juntas-autoamerica-450ml\/\" \/>\n<meta property=\"og:locale\" content=\"pt_BR\" \/>\n<meta property=\"og:type\" content=\"article\" \/>\n<meta property=\"og:title\" content=\"Spray Cobre Formador E Selantes De Juntas Autoamerica 450ml\" \/>\n<meta property=\"og:description\" content=\"Automotor Distribuidora &#8902; Endere\u00e7o: Rua da Trindade, 1064 - Cajuru - Curitiba - Paran\u00e1 &#8902; WhatsApp: (41) 3095-1942.\" \/>\n<meta property=\"og:url\" content=\"https:\/\/www.automotordistribuidora.com.br\/loja\/produtos\/spray-cobre-formador-e-selantes-de-juntas-autoamerica-450ml\/\" \/>\n<meta property=\"og:site_name\" content=\"Automotor Distribuidora\" \/>\n<meta property=\"article:publisher\" content=\"https:\/\/www.facebook.com\/automotordistribuidora\/\" \/>\n<meta property=\"article:modified_time\" content=\"2026-03-10T00:47:24+00:00\" \/>\n<meta property=\"og:image\" content=\"https:\/\/www.automotordistribuidora.com.br\/loja\/wp-content\/uploads\/2026\/03\/Spray-Cobre-Formador-E-Selantes-De-Juntas-Autoamerica-450ml-1.webp\" \/>\n\t<meta property=\"og:image:width\" content=\"500\" \/>\n\t<meta property=\"og:image:height\" content=\"500\" \/>\n\t<meta property=\"og:image:type\" content=\"image\/webp\" \/>\n<meta name=\"twitter:card\" content=\"summary_large_image\" \/>\n<meta name=\"twitter:label1\" content=\"Pre\u00e7o\" \/>\n\t<meta name=\"twitter:data1\" content=\"&#082;&#036;&nbsp;48,90\" \/>\n\t<meta name=\"twitter:label2\" content=\"Disponibilidade\" \/>\n\t<meta name=\"twitter:data2\" content=\"Em Estoque\" \/>\n<script type=\"application\/ld+json\" class=\"yoast-schema-graph\">{\"@context\":\"https:\/\/schema.org\",\"@graph\":[{\"@type\":\"WebPage\",\"@id\":\"https:\/\/www.automotordistribuidora.com.br\/loja\/produtos\/spray-cobre-formador-e-selantes-de-juntas-autoamerica-450ml\/\",\"url\":\"https:\/\/www.automotordistribuidora.com.br\/loja\/produtos\/spray-cobre-formador-e-selantes-de-juntas-autoamerica-450ml\/\",\"name\":\"Spray Cobre Formador E Selantes De Juntas Autoamerica 450ml\",\"isPartOf\":{\"@id\":\"https:\/\/www.automotordistribuidora.com.br\/loja\/#website\"},\"primaryImageOfPage\":{\"@id\":\"https:\/\/www.automotordistribuidora.com.br\/loja\/produtos\/spray-cobre-formador-e-selantes-de-juntas-autoamerica-450ml\/#primaryimage\"},\"image\":{\"@id\":\"https:\/\/www.automotordistribuidora.com.br\/loja\/produtos\/spray-cobre-formador-e-selantes-de-juntas-autoamerica-450ml\/#primaryimage\"},\"thumbnailUrl\":\"https:\/\/www.automotordistribuidora.com.br\/loja\/wp-content\/uploads\/2026\/03\/Spray-Cobre-Formador-E-Selantes-De-Juntas-Autoamerica-450ml-1.webp\",\"datePublished\":\"2026-03-10T00:47:23+00:00\",\"dateModified\":\"2026-03-10T00:47:24+00:00\",\"description\":\"Automotor Distribuidora &#8902; Endere\u00e7o: Rua da Trindade, 1064 - Cajuru - Curitiba - Paran\u00e1 &#8902; WhatsApp: (41) 3095-1942.\",\"breadcrumb\":{\"@id\":\"https:\/\/www.automotordistribuidora.com.br\/loja\/produtos\/spray-cobre-formador-e-selantes-de-juntas-autoamerica-450ml\/#breadcrumb\"},\"inLanguage\":\"pt-BR\",\"potentialAction\":[{\"@type\":\"ReadAction\",\"target\":[\"https:\/\/www.automotordistribuidora.com.br\/loja\/produtos\/spray-cobre-formador-e-selantes-de-juntas-autoamerica-450ml\/\"]}]},{\"@type\":\"ImageObject\",\"inLanguage\":\"pt-BR\",\"@id\":\"https:\/\/www.automotordistribuidora.com.br\/loja\/produtos\/spray-cobre-formador-e-selantes-de-juntas-autoamerica-450ml\/#primaryimage\",\"url\":\"https:\/\/www.automotordistribuidora.com.br\/loja\/wp-content\/uploads\/2026\/03\/Spray-Cobre-Formador-E-Selantes-De-Juntas-Autoamerica-450ml-1.webp\",\"contentUrl\":\"https:\/\/www.automotordistribuidora.com.br\/loja\/wp-content\/uploads\/2026\/03\/Spray-Cobre-Formador-E-Selantes-De-Juntas-Autoamerica-450ml-1.webp\",\"width\":500,\"height\":500,\"caption\":\"Spray Cobre Formador E Selantes De Juntas Autoamerica 450ml\"},{\"@type\":\"BreadcrumbList\",\"@id\":\"https:\/\/www.automotordistribuidora.com.br\/loja\/produtos\/spray-cobre-formador-e-selantes-de-juntas-autoamerica-450ml\/#breadcrumb\",\"itemListElement\":[{\"@type\":\"ListItem\",\"position\":1,\"name\":\"In\u00edcio\",\"item\":\"https:\/\/www.automotordistribuidora.com.br\/loja\/\"},{\"@type\":\"ListItem\",\"position\":2,\"name\":\"LOJA\",\"item\":\"https:\/\/www.automotordistribuidora.com.br\/loja\/\"},{\"@type\":\"ListItem\",\"position\":3,\"name\":\"Spray Cobre Formador E Selantes De Juntas Autoamerica 450ml\"}]},{\"@type\":\"WebSite\",\"@id\":\"https:\/\/www.automotordistribuidora.com.br\/loja\/#website\",\"url\":\"https:\/\/www.automotordistribuidora.com.br\/loja\/\",\"name\":\"Automotor Distribuidora\",\"description\":\"\",\"publisher\":{\"@id\":\"https:\/\/www.automotordistribuidora.com.br\/loja\/#organization\"},\"potentialAction\":[{\"@type\":\"SearchAction\",\"target\":{\"@type\":\"EntryPoint\",\"urlTemplate\":\"https:\/\/www.automotordistribuidora.com.br\/loja\/?s={search_term_string}\"},\"query-input\":{\"@type\":\"PropertyValueSpecification\",\"valueRequired\":true,\"valueName\":\"search_term_string\"}}],\"inLanguage\":\"pt-BR\"},{\"@type\":\"Organization\",\"@id\":\"https:\/\/www.automotordistribuidora.com.br\/loja\/#organization\",\"name\":\"Automotor Distribuidora\",\"url\":\"https:\/\/www.automotordistribuidora.com.br\/loja\/\",\"logo\":{\"@type\":\"ImageObject\",\"inLanguage\":\"pt-BR\",\"@id\":\"https:\/\/www.automotordistribuidora.com.br\/loja\/#\/schema\/logo\/image\/\",\"url\":\"https:\/\/www.automotordistribuidora.com.br\/loja\/wp-content\/uploads\/2026\/03\/03.jpg\",\"contentUrl\":\"https:\/\/www.automotordistribuidora.com.br\/loja\/wp-content\/uploads\/2026\/03\/03.jpg\",\"width\":2001,\"height\":2001,\"caption\":\"Automotor Distribuidora\"},\"image\":{\"@id\":\"https:\/\/www.automotordistribuidora.com.br\/loja\/#\/schema\/logo\/image\/\"},\"sameAs\":[\"https:\/\/www.facebook.com\/automotordistribuidora\/\",\"https:\/\/www.instagram.com\/automotor.distribuidora\/\"]}]}<\/script>\n<meta property=\"product:price:amount\" content=\"48.90\" \/>\n<meta property=\"product:price:currency\" content=\"BRL\" \/>\n<meta property=\"og:availability\" content=\"instock\" \/>\n<meta property=\"product:availability\" content=\"instock\" \/>\n<meta property=\"product:condition\" content=\"new\" \/>\n<!-- \/ Yoast SEO Premium plugin. -->","yoast_head_json":{"title":"Spray Cobre Formador E Selantes De Juntas Autoamerica 450ml","description":"Automotor Distribuidora &#8902; Endere\u00e7o: Rua da Trindade, 1064 - Cajuru - Curitiba - Paran\u00e1 &#8902; WhatsApp: (41) 3095-1942.","robots":{"index":"index","follow":"follow","max-snippet":"max-snippet:-1","max-image-preview":"max-image-preview:large","max-video-preview":"max-video-preview:-1"},"canonical":"https:\/\/www.automotordistribuidora.com.br\/loja\/produtos\/spray-cobre-formador-e-selantes-de-juntas-autoamerica-450ml\/","og_locale":"pt_BR","og_type":"article","og_title":"Spray Cobre Formador E Selantes De Juntas Autoamerica 450ml","og_description":"Automotor Distribuidora &#8902; Endere\u00e7o: Rua da Trindade, 1064 - Cajuru - Curitiba - Paran\u00e1 &#8902; WhatsApp: (41) 3095-1942.","og_url":"https:\/\/www.automotordistribuidora.com.br\/loja\/produtos\/spray-cobre-formador-e-selantes-de-juntas-autoamerica-450ml\/","og_site_name":"Automotor Distribuidora","article_publisher":"https:\/\/www.facebook.com\/automotordistribuidora\/","article_modified_time":"2026-03-10T00:47:24+00:00","og_image":[{"width":500,"height":500,"url":"https:\/\/www.automotordistribuidora.com.br\/loja\/wp-content\/uploads\/2026\/03\/Spray-Cobre-Formador-E-Selantes-De-Juntas-Autoamerica-450ml-1.webp","type":"image\/webp"}],"twitter_card":"summary_large_image","twitter_misc":{"Pre\u00e7o":"&#82;&#36;&nbsp;48,90","Disponibilidade":"Em Estoque"},"schema":{"@context":"https:\/\/schema.org","@graph":[{"@type":"WebPage","@id":"https:\/\/www.automotordistribuidora.com.br\/loja\/produtos\/spray-cobre-formador-e-selantes-de-juntas-autoamerica-450ml\/","url":"https:\/\/www.automotordistribuidora.com.br\/loja\/produtos\/spray-cobre-formador-e-selantes-de-juntas-autoamerica-450ml\/","name":"Spray Cobre Formador E Selantes De Juntas Autoamerica 450ml","isPartOf":{"@id":"https:\/\/www.automotordistribuidora.com.br\/loja\/#website"},"primaryImageOfPage":{"@id":"https:\/\/www.automotordistribuidora.com.br\/loja\/produtos\/spray-cobre-formador-e-selantes-de-juntas-autoamerica-450ml\/#primaryimage"},"image":{"@id":"https:\/\/www.automotordistribuidora.com.br\/loja\/produtos\/spray-cobre-formador-e-selantes-de-juntas-autoamerica-450ml\/#primaryimage"},"thumbnailUrl":"https:\/\/www.automotordistribuidora.com.br\/loja\/wp-content\/uploads\/2026\/03\/Spray-Cobre-Formador-E-Selantes-De-Juntas-Autoamerica-450ml-1.webp","datePublished":"2026-03-10T00:47:23+00:00","dateModified":"2026-03-10T00:47:24+00:00","description":"Automotor Distribuidora &#8902; Endere\u00e7o: Rua da Trindade, 1064 - Cajuru - Curitiba - Paran\u00e1 &#8902; WhatsApp: (41) 3095-1942.","breadcrumb":{"@id":"https:\/\/www.automotordistribuidora.com.br\/loja\/produtos\/spray-cobre-formador-e-selantes-de-juntas-autoamerica-450ml\/#breadcrumb"},"inLanguage":"pt-BR","potentialAction":[{"@type":"ReadAction","target":["https:\/\/www.automotordistribuidora.com.br\/loja\/produtos\/spray-cobre-formador-e-selantes-de-juntas-autoamerica-450ml\/"]}]},{"@type":"ImageObject","inLanguage":"pt-BR","@id":"https:\/\/www.automotordistribuidora.com.br\/loja\/produtos\/spray-cobre-formador-e-selantes-de-juntas-autoamerica-450ml\/#primaryimage","url":"https:\/\/www.automotordistribuidora.com.br\/loja\/wp-content\/uploads\/2026\/03\/Spray-Cobre-Formador-E-Selantes-De-Juntas-Autoamerica-450ml-1.webp","contentUrl":"https:\/\/www.automotordistribuidora.com.br\/loja\/wp-content\/uploads\/2026\/03\/Spray-Cobre-Formador-E-Selantes-De-Juntas-Autoamerica-450ml-1.webp","width":500,"height":500,"caption":"Spray Cobre Formador E Selantes De Juntas Autoamerica 450ml"},{"@type":"BreadcrumbList","@id":"https:\/\/www.automotordistribuidora.com.br\/loja\/produtos\/spray-cobre-formador-e-selantes-de-juntas-autoamerica-450ml\/#breadcrumb","itemListElement":[{"@type":"ListItem","position":1,"name":"In\u00edcio","item":"https:\/\/www.automotordistribuidora.com.br\/loja\/"},{"@type":"ListItem","position":2,"name":"LOJA","item":"https:\/\/www.automotordistribuidora.com.br\/loja\/"},{"@type":"ListItem","position":3,"name":"Spray Cobre Formador E Selantes De Juntas Autoamerica 450ml"}]},{"@type":"WebSite","@id":"https:\/\/www.automotordistribuidora.com.br\/loja\/#website","url":"https:\/\/www.automotordistribuidora.com.br\/loja\/","name":"Automotor Distribuidora","description":"","publisher":{"@id":"https:\/\/www.automotordistribuidora.com.br\/loja\/#organization"},"potentialAction":[{"@type":"SearchAction","target":{"@type":"EntryPoint","urlTemplate":"https:\/\/www.automotordistribuidora.com.br\/loja\/?s={search_term_string}"},"query-input":{"@type":"PropertyValueSpecification","valueRequired":true,"valueName":"search_term_string"}}],"inLanguage":"pt-BR"},{"@type":"Organization","@id":"https:\/\/www.automotordistribuidora.com.br\/loja\/#organization","name":"Automotor Distribuidora","url":"https:\/\/www.automotordistribuidora.com.br\/loja\/","logo":{"@type":"ImageObject","inLanguage":"pt-BR","@id":"https:\/\/www.automotordistribuidora.com.br\/loja\/#\/schema\/logo\/image\/","url":"https:\/\/www.automotordistribuidora.com.br\/loja\/wp-content\/uploads\/2026\/03\/03.jpg","contentUrl":"https:\/\/www.automotordistribuidora.com.br\/loja\/wp-content\/uploads\/2026\/03\/03.jpg","width":2001,"height":2001,"caption":"Automotor Distribuidora"},"image":{"@id":"https:\/\/www.automotordistribuidora.com.br\/loja\/#\/schema\/logo\/image\/"},"sameAs":["https:\/\/www.facebook.com\/automotordistribuidora\/","https:\/\/www.instagram.com\/automotor.distribuidora\/"]}]},"product_price_amount":"48.90","product_price_currency":"BRL","og_availability":"instock","product_availability":"instock","product_condition":"new"},"jetpack_sharing_enabled":true,"_links":{"self":[{"href":"https:\/\/www.automotordistribuidora.com.br\/loja\/wp-json\/wp\/v2\/product\/16539","targetHints":{"allow":["GET"]}}],"collection":[{"href":"https:\/\/www.automotordistribuidora.com.br\/loja\/wp-json\/wp\/v2\/product"}],"about":[{"href":"https:\/\/www.automotordistribuidora.com.br\/loja\/wp-json\/wp\/v2\/types\/product"}],"replies":[{"embeddable":true,"href":"https:\/\/www.automotordistribuidora.com.br\/loja\/wp-json\/wp\/v2\/comments?post=16539"}],"version-history":[{"count":1,"href":"https:\/\/www.automotordistribuidora.com.br\/loja\/wp-json\/wp\/v2\/product\/16539\/revisions"}],"predecessor-version":[{"id":16542,"href":"https:\/\/www.automotordistribuidora.com.br\/loja\/wp-json\/wp\/v2\/product\/16539\/revisions\/16542"}],"wp:featuredmedia":[{"embeddable":true,"href":"https:\/\/www.automotordistribuidora.com.br\/loja\/wp-json\/wp\/v2\/media\/16541"}],"wp:attachment":[{"href":"https:\/\/www.automotordistribuidora.com.br\/loja\/wp-json\/wp\/v2\/media?parent=16539"}],"wp:term":[{"taxonomy":"product_brand","embeddable":true,"href":"https:\/\/www.automotordistribuidora.com.br\/loja\/wp-json\/wp\/v2\/product_brand?post=16539"},{"taxonomy":"product_cat","embeddable":true,"href":"https:\/\/www.automotordistribuidora.com.br\/loja\/wp-json\/wp\/v2\/product_cat?post=16539"},{"taxonomy":"product_tag","embeddable":true,"href":"https:\/\/www.automotordistribuidora.com.br\/loja\/wp-json\/wp\/v2\/product_tag?post=16539"}],"curies":[{"name":"wp","href":"https:\/\/api.w.org\/{rel}","templated":true}]}}