{"id":16468,"date":"2026-03-04T16:44:36","date_gmt":"2026-03-04T19:44:36","guid":{"rendered":"https:\/\/www.automotordistribuidora.com.br\/loja\/?post_type=product&#038;p=16468"},"modified":"2026-03-04T16:44:37","modified_gmt":"2026-03-04T19:44:37","slug":"kit-4-retentor-motor-ap-1-6-1-8-2-0-vw-gol-voyage-santana","status":"publish","type":"product","link":"https:\/\/www.automotordistribuidora.com.br\/loja\/produtos\/kit-4-retentor-motor-ap-1-6-1-8-2-0-vw-gol-voyage-santana\/","title":{"rendered":"Kit 4 Retentor Motor Ap 1.6 1.8 2.0 Vw Gol Voyage Santana"},"content":{"rendered":"<p>KIT COM 4 RETENTOR DO MOTOR<\/p>\n<p>CONTEM :<\/p>\n<p>01 &#8211; RETENTOR VIRABREQUIM TRASEIRO<\/p>\n<p>MARCA : ORIGINAL SABO<\/p>\n<p>CODIGO : 01981<\/p>\n<p>MEDIDAS : 85,0 X 105,0 X 12,0 MM<\/p>\n<p>03 &#8211; Retentores :<\/p>\n<p>&#8211; Eixo Comando<br \/>\n&#8211; Eixo Auxiliar<br \/>\n&#8211; Virabrequim Dianteiro ( POLIA )<\/p>\n<p>MARCA : ORIGINAL SABO<\/p>\n<p>CODIGO : 1942<\/p>\n<p>Medidas : 32mm x 47mm x 10mm<\/p>\n<p>FOTO REAL DO PRODUTO<\/p>\n<p>PRODUTO NOVO NA EMBALAGEM<br \/>\nTODOS NOSSOS PRODUTOS SAO 100% COM NOTA FISCAL<\/p>\n<p>APLICA\u00c7AO :<\/p>\n<p>VW &#8211; Apollo 1.8 Motor AP &#8211; Todos<\/p>\n<p>VW &#8211; Gol 1.6\/1.8\/2.0 Motor AP &#8211; Todos<\/p>\n<p>VW &#8211; Logus 1.6\/1.8\/2.0 Motor AP &#8211; Todos<\/p>\n<p>VW &#8211; Parati 1.6\/1.8\/2.0 Motor AP &#8211; Todos<\/p>\n<p>VW &#8211; Passat 1.6\/1.8 Motor AP &#8211; Todos<\/p>\n<p>VW &#8211; Pointer 1.8\/2.0 Motor AP &#8211; Todos<\/p>\n<p>VW &#8211; Quantum 1.8\/2.0 Motor AP &#8211; Todos<\/p>\n<p>VW &#8211; Santana 1.8\/2.0 Motor AP &#8211; Todos<\/p>\n<p>VW &#8211; Saveiro 1.6\/1.8\/2.0 Motor AP &#8211; Todos<\/p>\n<p>VW &#8211; Voyage 1.6\/1.8 Motor AP &#8211; Todos<\/p>\n<p>Ford &#8211; Belina 1.8 Motor AP &#8211; Todos<\/p>\n<p>Ford &#8211; Del Rey 1.8 Motor AP &#8211; Todos<\/p>\n<p>Ford &#8211; Escort 1.8\/2.0 Motor AP &#8211; Todos<\/p>\n<p>Ford &#8211; Pampa 1.8 Motor AP &#8211; Todos<\/p>\n<p>Ford &#8211; Royale 1.8\/2.0 Motor AP &#8211; Todos<\/p>\n<p>Ford &#8211; Verona 1.8\/2.0 Motor AP &#8211; Todos<\/p>\n<p>Ford &#8211; Versailles 1.8\/2.0 Motor AP &#8211; Todos<\/p>\n<p><strong>Garantia de f\u00e1brica: 3 meses<\/strong><\/p>\n<p>&nbsp;<\/p>\n<div class=\"ui-vpp-striped-specs\">\n<div class=\"ui-vpp-striped-specs__table\">\n<h3 class=\"ui-vpp-striped-specs__header\">Caracter\u00edsticas principais<\/h3>\n<table class=\"andes-table\">\n<tbody class=\"andes-table__body\">\n<tr class=\"andes-table__row ui-vpp-striped-specs__row\">\n<th class=\"andes-table__header andes-table__header--left ui-vpp-striped-specs__row__column ui-vpp-striped-specs__row__column--id\" scope=\"row\">\n<div class=\"andes-table__header__container\">Marca<\/div>\n<\/th>\n<td id=\"_R_2iule8l69tb6e_\" class=\"andes-table__column andes-table__column--left andes-table__column--vertical-align-center ui-vpp-striped-specs__row__column\"><span id=\"_R_2iule8l69tb6e_-value\" class=\"andes-table__column--value\">Sab\u00f3<\/span><\/td>\n<\/tr>\n<tr class=\"andes-table__row ui-vpp-striped-specs__row\">\n<th class=\"andes-table__header andes-table__header--left ui-vpp-striped-specs__row__column ui-vpp-striped-specs__row__column--id\" scope=\"row\">\n<div class=\"andes-table__header__container\">N\u00famero de pe\u00e7a<\/div>\n<\/th>\n<td id=\"_R_2jele8l69tb6e_\" class=\"andes-table__column andes-table__column--left andes-table__column--vertical-align-center ui-vpp-striped-specs__row__column\"><span id=\"_R_2jele8l69tb6e_-value\" class=\"andes-table__column--value\">01981\/01942<\/span><\/td>\n<\/tr>\n<tr class=\"andes-table__row ui-vpp-striped-specs__row\">\n<th class=\"andes-table__header andes-table__header--left ui-vpp-striped-specs__row__column ui-vpp-striped-specs__row__column--id\" scope=\"row\">\n<div class=\"andes-table__header__container\">Modelo<\/div>\n<\/th>\n<td id=\"_R_2jule8l69tb6e_\" class=\"andes-table__column andes-table__column--left andes-table__column--vertical-align-center ui-vpp-striped-specs__row__column\"><span id=\"_R_2jule8l69tb6e_-value\" class=\"andes-table__column--value\">01982 01942<\/span><\/td>\n<\/tr>\n<\/tbody>\n<\/table>\n<\/div>\n<\/div>\n<div class=\"ui-vpp-striped-specs\">\n<div class=\"ui-vpp-striped-specs__table\">\n<h3 class=\"ui-vpp-striped-specs__header\">Registros de produtos<\/h3>\n<table class=\"andes-table\">\n<tbody class=\"andes-table__body\">\n<tr class=\"andes-table__row ui-vpp-striped-specs__row\">\n<th class=\"andes-table__header andes-table__header--left ui-vpp-striped-specs__row__column ui-vpp-striped-specs__row__column--id\" scope=\"row\">\n<div class=\"andes-table__header__container\">N\u00famero de registro\/certifica\u00e7\u00e3o INMETRO<\/div>\n<\/th>\n<td id=\"_R_2jspe8l69tb6e_\" class=\"andes-table__column andes-table__column--left andes-table__column--vertical-align-center ui-vpp-striped-specs__row__column\"><span id=\"_R_2jspe8l69tb6e_-value\" class=\"andes-table__column--value\">005 545\/2019<\/span><\/td>\n<\/tr>\n<\/tbody>\n<\/table>\n<\/div>\n<div class=\"ui-vpp-striped-specs__table\">\n<h3 class=\"ui-vpp-striped-specs__header\">Outros<\/h3>\n<table class=\"andes-table\">\n<tbody class=\"andes-table__body\">\n<tr class=\"andes-table__row ui-vpp-striped-specs__row\">\n<th class=\"andes-table__header andes-table__header--left ui-vpp-striped-specs__row__column ui-vpp-striped-specs__row__column--id\" scope=\"row\">\n<div class=\"andes-table__header__container\">Tipo de ve\u00edculo<\/div>\n<\/th>\n<td id=\"_R_2jt9e8l69tb6e_\" class=\"andes-table__column andes-table__column--left andes-table__column--vertical-align-center ui-vpp-striped-specs__row__column\"><span id=\"_R_2jt9e8l69tb6e_-value\" class=\"andes-table__column--value\">Carro\/Caminhonete<\/span><\/td>\n<\/tr>\n<\/tbody>\n<\/table>\n<\/div>\n<\/div>\n","protected":false},"excerpt":{"rendered":"<p>Essenciais para manter a veda\u00e7\u00e3o correta do motor, evitando perda de \u00f3leo e contamina\u00e7\u00e3o interna.<\/p>\n<p>Produto de alta qualidade, excelente durabilidade e encaixe preciso.<\/p>\n","protected":false},"featured_media":16469,"comment_status":"open","ping_status":"closed","template":"","meta":[],"product_brand":[],"product_cat":[186],"product_tag":[473,478,479,477,480,474,481,476,475,329],"class_list":{"0":"post-16468","1":"product","2":"type-product","3":"status-publish","4":"has-post-thumbnail","6":"product_cat-juntas-e-retentores","7":"product_tag-kit-retentor-motor-ap","8":"product_tag-kit-retentor-vw-antigo","9":"product_tag-manutencao-motor-ap","10":"product_tag-motor-ap-1-6-1-8-2-0","11":"product_tag-pecas-motor-gol","12":"product_tag-retentor-gol-ap","13":"product_tag-retentor-oleo-ap","14":"product_tag-retentor-santana-ap","15":"product_tag-retentor-voyage-ap","16":"product_tag-vedacao-motor-volkswagen","18":"first","19":"instock","20":"shipping-taxable","21":"purchasable","22":"product-type-simple"},"yoast_head":"<!-- This site is optimized with the Yoast SEO Premium plugin v26.9 (Yoast SEO v27.1.1) - https:\/\/yoast.com\/product\/yoast-seo-premium-wordpress\/ -->\n<title>Kit 4 Retentor Motor Ap 1.6 1.8 2.0 Vw Gol Voyage Santana<\/title>\n<meta name=\"description\" content=\"Automotor Distribuidora &#8902; Endere\u00e7o: Rua da Trindade, 1064 - Cajuru - Curitiba - Paran\u00e1 &#8902; WhatsApp: (41) 3095-1942.\" \/>\n<meta name=\"robots\" content=\"index, follow, max-snippet:-1, max-image-preview:large, max-video-preview:-1\" \/>\n<link rel=\"canonical\" href=\"https:\/\/www.automotordistribuidora.com.br\/loja\/produtos\/kit-4-retentor-motor-ap-1-6-1-8-2-0-vw-gol-voyage-santana\/\" \/>\n<meta property=\"og:locale\" content=\"pt_BR\" \/>\n<meta property=\"og:type\" content=\"article\" \/>\n<meta property=\"og:title\" content=\"Kit 4 Retentor Motor Ap 1.6 1.8 2.0 Vw Gol Voyage Santana\" \/>\n<meta property=\"og:description\" content=\"Automotor Distribuidora &#8902; Endere\u00e7o: Rua da Trindade, 1064 - Cajuru - Curitiba - Paran\u00e1 &#8902; WhatsApp: (41) 3095-1942.\" \/>\n<meta property=\"og:url\" content=\"https:\/\/www.automotordistribuidora.com.br\/loja\/produtos\/kit-4-retentor-motor-ap-1-6-1-8-2-0-vw-gol-voyage-santana\/\" \/>\n<meta property=\"og:site_name\" content=\"Automotor Distribuidora\" \/>\n<meta property=\"article:publisher\" content=\"https:\/\/www.facebook.com\/automotordistribuidora\/\" \/>\n<meta property=\"article:modified_time\" content=\"2026-03-04T19:44:37+00:00\" \/>\n<meta property=\"og:image\" content=\"https:\/\/www.automotordistribuidora.com.br\/loja\/wp-content\/uploads\/2026\/03\/Kit-4-Retentor-Motor-Ap-1.6-1.8-2.0-Vw-Gol-Voyage-Santana.webp\" \/>\n\t<meta property=\"og:image:width\" content=\"500\" \/>\n\t<meta property=\"og:image:height\" content=\"500\" \/>\n\t<meta property=\"og:image:type\" content=\"image\/webp\" \/>\n<meta name=\"twitter:card\" content=\"summary_large_image\" \/>\n<meta name=\"twitter:label1\" content=\"Pre\u00e7o\" \/>\n\t<meta name=\"twitter:data1\" content=\"&#082;&#036;&nbsp;139,00\" \/>\n\t<meta name=\"twitter:label2\" content=\"Disponibilidade\" \/>\n\t<meta name=\"twitter:data2\" content=\"Em Estoque\" \/>\n<script type=\"application\/ld+json\" class=\"yoast-schema-graph\">{\"@context\":\"https:\/\/schema.org\",\"@graph\":[{\"@type\":\"WebPage\",\"@id\":\"https:\/\/www.automotordistribuidora.com.br\/loja\/produtos\/kit-4-retentor-motor-ap-1-6-1-8-2-0-vw-gol-voyage-santana\/\",\"url\":\"https:\/\/www.automotordistribuidora.com.br\/loja\/produtos\/kit-4-retentor-motor-ap-1-6-1-8-2-0-vw-gol-voyage-santana\/\",\"name\":\"Kit 4 Retentor Motor Ap 1.6 1.8 2.0 Vw Gol Voyage Santana\",\"isPartOf\":{\"@id\":\"https:\/\/www.automotordistribuidora.com.br\/loja\/#website\"},\"primaryImageOfPage\":{\"@id\":\"https:\/\/www.automotordistribuidora.com.br\/loja\/produtos\/kit-4-retentor-motor-ap-1-6-1-8-2-0-vw-gol-voyage-santana\/#primaryimage\"},\"image\":{\"@id\":\"https:\/\/www.automotordistribuidora.com.br\/loja\/produtos\/kit-4-retentor-motor-ap-1-6-1-8-2-0-vw-gol-voyage-santana\/#primaryimage\"},\"thumbnailUrl\":\"https:\/\/www.automotordistribuidora.com.br\/loja\/wp-content\/uploads\/2026\/03\/Kit-4-Retentor-Motor-Ap-1.6-1.8-2.0-Vw-Gol-Voyage-Santana.webp\",\"datePublished\":\"2026-03-04T19:44:36+00:00\",\"dateModified\":\"2026-03-04T19:44:37+00:00\",\"description\":\"Automotor Distribuidora &#8902; Endere\u00e7o: Rua da Trindade, 1064 - Cajuru - Curitiba - Paran\u00e1 &#8902; WhatsApp: (41) 3095-1942.\",\"breadcrumb\":{\"@id\":\"https:\/\/www.automotordistribuidora.com.br\/loja\/produtos\/kit-4-retentor-motor-ap-1-6-1-8-2-0-vw-gol-voyage-santana\/#breadcrumb\"},\"inLanguage\":\"pt-BR\",\"potentialAction\":[{\"@type\":\"ReadAction\",\"target\":[\"https:\/\/www.automotordistribuidora.com.br\/loja\/produtos\/kit-4-retentor-motor-ap-1-6-1-8-2-0-vw-gol-voyage-santana\/\"]}]},{\"@type\":\"ImageObject\",\"inLanguage\":\"pt-BR\",\"@id\":\"https:\/\/www.automotordistribuidora.com.br\/loja\/produtos\/kit-4-retentor-motor-ap-1-6-1-8-2-0-vw-gol-voyage-santana\/#primaryimage\",\"url\":\"https:\/\/www.automotordistribuidora.com.br\/loja\/wp-content\/uploads\/2026\/03\/Kit-4-Retentor-Motor-Ap-1.6-1.8-2.0-Vw-Gol-Voyage-Santana.webp\",\"contentUrl\":\"https:\/\/www.automotordistribuidora.com.br\/loja\/wp-content\/uploads\/2026\/03\/Kit-4-Retentor-Motor-Ap-1.6-1.8-2.0-Vw-Gol-Voyage-Santana.webp\",\"width\":500,\"height\":500,\"caption\":\"Kit 4 Retentor Motor Ap 1.6 1.8 2.0 Vw Gol Voyage Santana\"},{\"@type\":\"BreadcrumbList\",\"@id\":\"https:\/\/www.automotordistribuidora.com.br\/loja\/produtos\/kit-4-retentor-motor-ap-1-6-1-8-2-0-vw-gol-voyage-santana\/#breadcrumb\",\"itemListElement\":[{\"@type\":\"ListItem\",\"position\":1,\"name\":\"In\u00edcio\",\"item\":\"https:\/\/www.automotordistribuidora.com.br\/loja\/\"},{\"@type\":\"ListItem\",\"position\":2,\"name\":\"LOJA\",\"item\":\"https:\/\/www.automotordistribuidora.com.br\/loja\/\"},{\"@type\":\"ListItem\",\"position\":3,\"name\":\"Kit 4 Retentor Motor Ap 1.6 1.8 2.0 Vw Gol Voyage Santana\"}]},{\"@type\":\"WebSite\",\"@id\":\"https:\/\/www.automotordistribuidora.com.br\/loja\/#website\",\"url\":\"https:\/\/www.automotordistribuidora.com.br\/loja\/\",\"name\":\"Automotor Distribuidora\",\"description\":\"\",\"publisher\":{\"@id\":\"https:\/\/www.automotordistribuidora.com.br\/loja\/#organization\"},\"potentialAction\":[{\"@type\":\"SearchAction\",\"target\":{\"@type\":\"EntryPoint\",\"urlTemplate\":\"https:\/\/www.automotordistribuidora.com.br\/loja\/?s={search_term_string}\"},\"query-input\":{\"@type\":\"PropertyValueSpecification\",\"valueRequired\":true,\"valueName\":\"search_term_string\"}}],\"inLanguage\":\"pt-BR\"},{\"@type\":\"Organization\",\"@id\":\"https:\/\/www.automotordistribuidora.com.br\/loja\/#organization\",\"name\":\"Automotor Distribuidora\",\"url\":\"https:\/\/www.automotordistribuidora.com.br\/loja\/\",\"logo\":{\"@type\":\"ImageObject\",\"inLanguage\":\"pt-BR\",\"@id\":\"https:\/\/www.automotordistribuidora.com.br\/loja\/#\/schema\/logo\/image\/\",\"url\":\"https:\/\/www.automotordistribuidora.com.br\/loja\/wp-content\/uploads\/2026\/03\/03.jpg\",\"contentUrl\":\"https:\/\/www.automotordistribuidora.com.br\/loja\/wp-content\/uploads\/2026\/03\/03.jpg\",\"width\":2001,\"height\":2001,\"caption\":\"Automotor Distribuidora\"},\"image\":{\"@id\":\"https:\/\/www.automotordistribuidora.com.br\/loja\/#\/schema\/logo\/image\/\"},\"sameAs\":[\"https:\/\/www.facebook.com\/automotordistribuidora\/\",\"https:\/\/www.instagram.com\/automotor.distribuidora\/\"]}]}<\/script>\n<meta property=\"product:price:amount\" content=\"139.00\" \/>\n<meta property=\"product:price:currency\" content=\"BRL\" \/>\n<meta property=\"og:availability\" content=\"instock\" \/>\n<meta property=\"product:availability\" content=\"instock\" \/>\n<meta property=\"product:condition\" content=\"new\" \/>\n<!-- \/ Yoast SEO Premium plugin. -->","yoast_head_json":{"title":"Kit 4 Retentor Motor Ap 1.6 1.8 2.0 Vw Gol Voyage Santana","description":"Automotor Distribuidora &#8902; Endere\u00e7o: Rua da Trindade, 1064 - Cajuru - Curitiba - Paran\u00e1 &#8902; WhatsApp: (41) 3095-1942.","robots":{"index":"index","follow":"follow","max-snippet":"max-snippet:-1","max-image-preview":"max-image-preview:large","max-video-preview":"max-video-preview:-1"},"canonical":"https:\/\/www.automotordistribuidora.com.br\/loja\/produtos\/kit-4-retentor-motor-ap-1-6-1-8-2-0-vw-gol-voyage-santana\/","og_locale":"pt_BR","og_type":"article","og_title":"Kit 4 Retentor Motor Ap 1.6 1.8 2.0 Vw Gol Voyage Santana","og_description":"Automotor Distribuidora &#8902; Endere\u00e7o: Rua da Trindade, 1064 - Cajuru - Curitiba - Paran\u00e1 &#8902; WhatsApp: (41) 3095-1942.","og_url":"https:\/\/www.automotordistribuidora.com.br\/loja\/produtos\/kit-4-retentor-motor-ap-1-6-1-8-2-0-vw-gol-voyage-santana\/","og_site_name":"Automotor Distribuidora","article_publisher":"https:\/\/www.facebook.com\/automotordistribuidora\/","article_modified_time":"2026-03-04T19:44:37+00:00","og_image":[{"width":500,"height":500,"url":"https:\/\/www.automotordistribuidora.com.br\/loja\/wp-content\/uploads\/2026\/03\/Kit-4-Retentor-Motor-Ap-1.6-1.8-2.0-Vw-Gol-Voyage-Santana.webp","type":"image\/webp"}],"twitter_card":"summary_large_image","twitter_misc":{"Pre\u00e7o":"&#82;&#36;&nbsp;139,00","Disponibilidade":"Em Estoque"},"schema":{"@context":"https:\/\/schema.org","@graph":[{"@type":"WebPage","@id":"https:\/\/www.automotordistribuidora.com.br\/loja\/produtos\/kit-4-retentor-motor-ap-1-6-1-8-2-0-vw-gol-voyage-santana\/","url":"https:\/\/www.automotordistribuidora.com.br\/loja\/produtos\/kit-4-retentor-motor-ap-1-6-1-8-2-0-vw-gol-voyage-santana\/","name":"Kit 4 Retentor Motor Ap 1.6 1.8 2.0 Vw Gol Voyage Santana","isPartOf":{"@id":"https:\/\/www.automotordistribuidora.com.br\/loja\/#website"},"primaryImageOfPage":{"@id":"https:\/\/www.automotordistribuidora.com.br\/loja\/produtos\/kit-4-retentor-motor-ap-1-6-1-8-2-0-vw-gol-voyage-santana\/#primaryimage"},"image":{"@id":"https:\/\/www.automotordistribuidora.com.br\/loja\/produtos\/kit-4-retentor-motor-ap-1-6-1-8-2-0-vw-gol-voyage-santana\/#primaryimage"},"thumbnailUrl":"https:\/\/www.automotordistribuidora.com.br\/loja\/wp-content\/uploads\/2026\/03\/Kit-4-Retentor-Motor-Ap-1.6-1.8-2.0-Vw-Gol-Voyage-Santana.webp","datePublished":"2026-03-04T19:44:36+00:00","dateModified":"2026-03-04T19:44:37+00:00","description":"Automotor Distribuidora &#8902; Endere\u00e7o: Rua da Trindade, 1064 - Cajuru - Curitiba - Paran\u00e1 &#8902; WhatsApp: (41) 3095-1942.","breadcrumb":{"@id":"https:\/\/www.automotordistribuidora.com.br\/loja\/produtos\/kit-4-retentor-motor-ap-1-6-1-8-2-0-vw-gol-voyage-santana\/#breadcrumb"},"inLanguage":"pt-BR","potentialAction":[{"@type":"ReadAction","target":["https:\/\/www.automotordistribuidora.com.br\/loja\/produtos\/kit-4-retentor-motor-ap-1-6-1-8-2-0-vw-gol-voyage-santana\/"]}]},{"@type":"ImageObject","inLanguage":"pt-BR","@id":"https:\/\/www.automotordistribuidora.com.br\/loja\/produtos\/kit-4-retentor-motor-ap-1-6-1-8-2-0-vw-gol-voyage-santana\/#primaryimage","url":"https:\/\/www.automotordistribuidora.com.br\/loja\/wp-content\/uploads\/2026\/03\/Kit-4-Retentor-Motor-Ap-1.6-1.8-2.0-Vw-Gol-Voyage-Santana.webp","contentUrl":"https:\/\/www.automotordistribuidora.com.br\/loja\/wp-content\/uploads\/2026\/03\/Kit-4-Retentor-Motor-Ap-1.6-1.8-2.0-Vw-Gol-Voyage-Santana.webp","width":500,"height":500,"caption":"Kit 4 Retentor Motor Ap 1.6 1.8 2.0 Vw Gol Voyage Santana"},{"@type":"BreadcrumbList","@id":"https:\/\/www.automotordistribuidora.com.br\/loja\/produtos\/kit-4-retentor-motor-ap-1-6-1-8-2-0-vw-gol-voyage-santana\/#breadcrumb","itemListElement":[{"@type":"ListItem","position":1,"name":"In\u00edcio","item":"https:\/\/www.automotordistribuidora.com.br\/loja\/"},{"@type":"ListItem","position":2,"name":"LOJA","item":"https:\/\/www.automotordistribuidora.com.br\/loja\/"},{"@type":"ListItem","position":3,"name":"Kit 4 Retentor Motor Ap 1.6 1.8 2.0 Vw Gol Voyage Santana"}]},{"@type":"WebSite","@id":"https:\/\/www.automotordistribuidora.com.br\/loja\/#website","url":"https:\/\/www.automotordistribuidora.com.br\/loja\/","name":"Automotor Distribuidora","description":"","publisher":{"@id":"https:\/\/www.automotordistribuidora.com.br\/loja\/#organization"},"potentialAction":[{"@type":"SearchAction","target":{"@type":"EntryPoint","urlTemplate":"https:\/\/www.automotordistribuidora.com.br\/loja\/?s={search_term_string}"},"query-input":{"@type":"PropertyValueSpecification","valueRequired":true,"valueName":"search_term_string"}}],"inLanguage":"pt-BR"},{"@type":"Organization","@id":"https:\/\/www.automotordistribuidora.com.br\/loja\/#organization","name":"Automotor Distribuidora","url":"https:\/\/www.automotordistribuidora.com.br\/loja\/","logo":{"@type":"ImageObject","inLanguage":"pt-BR","@id":"https:\/\/www.automotordistribuidora.com.br\/loja\/#\/schema\/logo\/image\/","url":"https:\/\/www.automotordistribuidora.com.br\/loja\/wp-content\/uploads\/2026\/03\/03.jpg","contentUrl":"https:\/\/www.automotordistribuidora.com.br\/loja\/wp-content\/uploads\/2026\/03\/03.jpg","width":2001,"height":2001,"caption":"Automotor Distribuidora"},"image":{"@id":"https:\/\/www.automotordistribuidora.com.br\/loja\/#\/schema\/logo\/image\/"},"sameAs":["https:\/\/www.facebook.com\/automotordistribuidora\/","https:\/\/www.instagram.com\/automotor.distribuidora\/"]}]},"product_price_amount":"139.00","product_price_currency":"BRL","og_availability":"instock","product_availability":"instock","product_condition":"new"},"jetpack_sharing_enabled":true,"_links":{"self":[{"href":"https:\/\/www.automotordistribuidora.com.br\/loja\/wp-json\/wp\/v2\/product\/16468","targetHints":{"allow":["GET"]}}],"collection":[{"href":"https:\/\/www.automotordistribuidora.com.br\/loja\/wp-json\/wp\/v2\/product"}],"about":[{"href":"https:\/\/www.automotordistribuidora.com.br\/loja\/wp-json\/wp\/v2\/types\/product"}],"replies":[{"embeddable":true,"href":"https:\/\/www.automotordistribuidora.com.br\/loja\/wp-json\/wp\/v2\/comments?post=16468"}],"version-history":[{"count":1,"href":"https:\/\/www.automotordistribuidora.com.br\/loja\/wp-json\/wp\/v2\/product\/16468\/revisions"}],"predecessor-version":[{"id":16471,"href":"https:\/\/www.automotordistribuidora.com.br\/loja\/wp-json\/wp\/v2\/product\/16468\/revisions\/16471"}],"wp:featuredmedia":[{"embeddable":true,"href":"https:\/\/www.automotordistribuidora.com.br\/loja\/wp-json\/wp\/v2\/media\/16469"}],"wp:attachment":[{"href":"https:\/\/www.automotordistribuidora.com.br\/loja\/wp-json\/wp\/v2\/media?parent=16468"}],"wp:term":[{"taxonomy":"product_brand","embeddable":true,"href":"https:\/\/www.automotordistribuidora.com.br\/loja\/wp-json\/wp\/v2\/product_brand?post=16468"},{"taxonomy":"product_cat","embeddable":true,"href":"https:\/\/www.automotordistribuidora.com.br\/loja\/wp-json\/wp\/v2\/product_cat?post=16468"},{"taxonomy":"product_tag","embeddable":true,"href":"https:\/\/www.automotordistribuidora.com.br\/loja\/wp-json\/wp\/v2\/product_tag?post=16468"}],"curies":[{"name":"wp","href":"https:\/\/api.w.org\/{rel}","templated":true}]}}