{"id":16431,"date":"2026-03-04T11:03:23","date_gmt":"2026-03-04T14:03:23","guid":{"rendered":"https:\/\/www.automotordistribuidora.com.br\/loja\/?post_type=product&#038;p=16431"},"modified":"2026-03-04T11:03:24","modified_gmt":"2026-03-04T14:03:24","slug":"3-selantes-de-trincas-para-cabecote-bloco-permanente-unico","status":"publish","type":"product","link":"https:\/\/www.automotordistribuidora.com.br\/loja\/produtos\/3-selantes-de-trincas-para-cabecote-bloco-permanente-unico\/","title":{"rendered":"3 Selantes De Trincas Para Cabe\u00e7ote\/ Bloco Permanente \u00danico"},"content":{"rendered":"<p>O produto \u00e9 recomendado para uso na repara\u00e7\u00e3o de rachaduras no bloco de cilindros e cabe\u00e7otes que podem causar vazamento de \u00e1gua na c\u00e2mara de combust\u00e3o ou no sistema de lubrifica\u00e7\u00e3o.<\/p>\n<p>Pode ser usado quando houver fuma\u00e7a branca excessiva no escapamento.<br \/>\nPode ser usado quando a emuls\u00e3o (mistura acastanhada de \u00f3leo e \u00e1gua) \u00e9 formada no sistema de lubrifica\u00e7\u00e3o (a emuls\u00e3o pode ser vista na cabe\u00e7a do radiador).<\/p>\n<p>Remove rachaduras nos blocos do motor, \u00c9 uma solu\u00e7\u00e3o eficaz para ve\u00edculos que misturam \u00e1gua com \u00f3leo.<\/p>\n<p>Remove vazamentos de \u00e1gua do bloco do motor. N\u00e3o requer soldagem.<\/p>\n<p>Proporciona pleno efeito. N\u00e3o h\u00e1 produtos qu\u00edmicos nocivos.<\/p>\n<p>O removedor de fratura do motor repara e repara noventa e nove por cento de vazamentos no bloco anti-vazamento.<\/p>\n<p>Permite que voc\u00ea se livre de reparos caros.<\/p>\n<p>Repara as rachaduras do bloco onde o l\u00edquido refrigerante atinge o bloco do motor.<\/p>\n<p>N\u00e3o bloqueia os canais de \u00e1gua.<\/p>\n<p>O Super Seal ABRO \u00e9 projetado para fechar as fissuras. ABRO Super Seal \u00e9 formulado como um vidro l\u00edquido refor\u00e7ado com cobre que veda permanentemente buracos e rachaduras em blocos, cabe\u00e7otes e radiadores. Pode suportar temperaturas extremas e cargas de press\u00e3o.<\/p>\n<p><strong>Caracter\u00edsticas do produto:<\/strong><\/p>\n<p>&#8211; Para sistema de refrigera\u00e7\u00e3o<\/p>\n<p>&#8211; Repara rachadura e vazamento de radiador<\/p>\n<p>&#8211; Repara bloco do motor<\/p>\n<p>&#8211; Repara junta da cabe\u00e7ote<\/p>\n<p>&#8211; Repara gaxeta do cabe\u00e7ote com vazamento<\/p>\n<p><strong>Instru\u00e7\u00f5es do Uso:<\/strong><\/p>\n<p>Drene o sistema de resfriamento e encha com \u00e1gua limpa.<br \/>\nO motor deve funcionar em marcha lenta at\u00e9 que o termostato seja aberto e a \u00e1gua esteja circulando.<br \/>\nAdicione mais \u00e1gua ao topo do sistema, nivel maximo.<br \/>\nAgite bem o Super Seal e despeje no radiador.<br \/>\nInstale a tampa do radiador e deixe o motor funcionar por 15 minutos ou at\u00e9 que o vazamento pare, se puder rode com o veiculo para agilizar o processo, aguarde o resfriamento total do motor para que o produto se solidifique e trate o problema.<br \/>\nDrene o sistema de resfriamento e reabaste\u00e7a com refrigerante conforme necess\u00e1rio.<br \/>\nNunca despeje no radiador com n\u00facleos expostos ou baixo n\u00edvel de \u00e1gua.<\/p>\n<p>&nbsp;<\/p>\n<div class=\"ui-vpp-striped-specs\">\n<div class=\"ui-vpp-striped-specs__table\">\n<h3 class=\"ui-vpp-striped-specs__header\">Caracter\u00edsticas principais<\/h3>\n<table class=\"andes-table\">\n<tbody class=\"andes-table__body\">\n<tr class=\"andes-table__row ui-vpp-striped-specs__row\">\n<th class=\"andes-table__header andes-table__header--left ui-vpp-striped-specs__row__column ui-vpp-striped-specs__row__column--id\" scope=\"row\">\n<div class=\"andes-table__header__container\">Fabricante<\/div>\n<\/th>\n<td id=\"_R_55sle8l69tb6e_\" class=\"andes-table__column andes-table__column--left andes-table__column--vertical-align-center ui-vpp-striped-specs__row__column\"><span id=\"_R_55sle8l69tb6e_-value\" class=\"andes-table__column--value\">Abro<\/span><\/td>\n<\/tr>\n<tr class=\"andes-table__row ui-vpp-striped-specs__row\">\n<th class=\"andes-table__header andes-table__header--left ui-vpp-striped-specs__row__column ui-vpp-striped-specs__row__column--id\" scope=\"row\">\n<div class=\"andes-table__header__container\">Marca<\/div>\n<\/th>\n<td id=\"_R_56sle8l69tb6e_\" class=\"andes-table__column andes-table__column--left andes-table__column--vertical-align-center ui-vpp-striped-specs__row__column\"><span id=\"_R_56sle8l69tb6e_-value\" class=\"andes-table__column--value\">Abro<\/span><\/td>\n<\/tr>\n<\/tbody>\n<\/table>\n<\/div>\n<div class=\"ui-vpp-striped-specs__table\">\n<h3 class=\"ui-vpp-striped-specs__header\">Outros<\/h3>\n<table class=\"andes-table\">\n<tbody class=\"andes-table__body\">\n<tr class=\"andes-table__row ui-vpp-striped-specs__row\">\n<th class=\"andes-table__header andes-table__header--left ui-vpp-striped-specs__row__column ui-vpp-striped-specs__row__column--id\" scope=\"row\">\n<div class=\"andes-table__header__container\">\u00c9 kit<\/div>\n<\/th>\n<td id=\"_R_2jt5e8l69tb6e_\" class=\"andes-table__column andes-table__column--left andes-table__column--vertical-align-center ui-vpp-striped-specs__row__column\"><span id=\"_R_2jt5e8l69tb6e_-value\" class=\"andes-table__column--value\">Sim<\/span><\/td>\n<\/tr>\n<\/tbody>\n<\/table>\n<\/div>\n<\/div>\n<div class=\"ui-vpp-striped-specs\">\n<div class=\"ui-vpp-striped-specs__table\">\n<h3 class=\"ui-vpp-striped-specs__header\">Caracter\u00edsticas de venda<\/h3>\n<table class=\"andes-table\">\n<tbody class=\"andes-table__body\">\n<tr class=\"andes-table__row ui-vpp-striped-specs__row\">\n<th class=\"andes-table__header andes-table__header--left ui-vpp-striped-specs__row__column ui-vpp-striped-specs__row__column--id\" scope=\"row\">\n<div class=\"andes-table__header__container\">Formato de venda<\/div>\n<\/th>\n<td id=\"_R_2iupe8l69tb6e_\" class=\"andes-table__column andes-table__column--left andes-table__column--vertical-align-center ui-vpp-striped-specs__row__column\"><span id=\"_R_2iupe8l69tb6e_-value\" class=\"andes-table__column--value\">Kit<\/span><\/td>\n<\/tr>\n<tr class=\"andes-table__row ui-vpp-striped-specs__row\">\n<th class=\"andes-table__header andes-table__header--left ui-vpp-striped-specs__row__column ui-vpp-striped-specs__row__column--id\" scope=\"row\">\n<div class=\"andes-table__header__container\">Unidades por kit<\/div>\n<\/th>\n<td id=\"_R_2jepe8l69tb6e_\" class=\"andes-table__column andes-table__column--left andes-table__column--vertical-align-center ui-vpp-striped-specs__row__column\"><span id=\"_R_2jepe8l69tb6e_-value\" class=\"andes-table__column--value\">3<\/span><\/td>\n<\/tr>\n<\/tbody>\n<\/table>\n<\/div>\n<\/div>\n","protected":false},"excerpt":{"rendered":"<p data-start=\"423\" data-end=\"566\">Kit com 3 Selantes de Trincas para Cabe\u00e7ote e Bloco do Motor, desenvolvido para veda\u00e7\u00e3o permanente de fissuras no sistema de arrefecimento.<\/p>\n<p data-start=\"568\" data-end=\"705\">Indicado para:<br data-start=\"582\" data-end=\"585\" \/>\u2013 microtrincas em cabe\u00e7ote<br data-start=\"611\" data-end=\"614\" \/>\u2013 fissuras no bloco<br data-start=\"633\" data-end=\"636\" \/>\u2013 vazamentos internos<br data-start=\"657\" data-end=\"660\" \/>\u2013 passagem de \u00e1gua para c\u00e2mara de combust\u00e3o<\/p>\n<p data-start=\"707\" data-end=\"838\">Forma uma veda\u00e7\u00e3o resistente \u00e0 press\u00e3o e temperatura, auxiliando na recupera\u00e7\u00e3o do sistema sem necessidade imediata de desmontagem.<\/p>\n<p data-start=\"840\" data-end=\"891\">Compat\u00edvel com motores a gasolina, etanol e diesel.<\/p>\n","protected":false},"featured_media":16432,"comment_status":"open","ping_status":"closed","template":"","meta":[],"product_brand":[],"product_cat":[109],"product_tag":[436,434,231,433,430,431,428,432,427,435,429],"class_list":{"0":"post-16431","1":"product","2":"type-product","3":"status-publish","4":"has-post-thumbnail","6":"product_cat-aditivos-e-sprays","7":"product_tag-autopecas-reparo","8":"product_tag-kit-selante-motor","9":"product_tag-manutencao-motor","10":"product_tag-produto-automotivo-reparo-motor","11":"product_tag-produto-trinca-cabecote","12":"product_tag-reparo-vazamento-interno","13":"product_tag-selante-bloco-motor","14":"product_tag-selante-sistema-arrefecimento","15":"product_tag-selante-trinca-cabecote","16":"product_tag-vedacao-cabecote","17":"product_tag-vedante-permanente-motor","19":"first","20":"instock","21":"shipping-taxable","22":"purchasable","23":"product-type-simple"},"yoast_head":"<!-- This site is optimized with the Yoast SEO Premium plugin v26.9 (Yoast SEO v27.1.1) - https:\/\/yoast.com\/product\/yoast-seo-premium-wordpress\/ -->\n<title>3 Selantes De Trincas Para Cabe\u00e7ote\/ Bloco Permanente \u00danico<\/title>\n<meta name=\"description\" content=\"Automotor Distribuidora &#8902; Endere\u00e7o: Rua da Trindade, 1064 - Cajuru - Curitiba - Paran\u00e1 &#8902; WhatsApp: (41) 3095-1942.\" \/>\n<meta name=\"robots\" content=\"index, follow, max-snippet:-1, max-image-preview:large, max-video-preview:-1\" \/>\n<link rel=\"canonical\" href=\"https:\/\/www.automotordistribuidora.com.br\/loja\/produtos\/3-selantes-de-trincas-para-cabecote-bloco-permanente-unico\/\" \/>\n<meta property=\"og:locale\" content=\"pt_BR\" \/>\n<meta property=\"og:type\" content=\"article\" \/>\n<meta property=\"og:title\" content=\"3 Selantes De Trincas Para Cabe\u00e7ote\/ Bloco Permanente \u00danico\" \/>\n<meta property=\"og:description\" content=\"Automotor Distribuidora &#8902; Endere\u00e7o: Rua da Trindade, 1064 - Cajuru - Curitiba - Paran\u00e1 &#8902; WhatsApp: (41) 3095-1942.\" \/>\n<meta property=\"og:url\" content=\"https:\/\/www.automotordistribuidora.com.br\/loja\/produtos\/3-selantes-de-trincas-para-cabecote-bloco-permanente-unico\/\" \/>\n<meta property=\"og:site_name\" content=\"Automotor Distribuidora\" \/>\n<meta property=\"article:publisher\" content=\"https:\/\/www.facebook.com\/automotordistribuidora\/\" \/>\n<meta property=\"article:modified_time\" content=\"2026-03-04T14:03:24+00:00\" \/>\n<meta property=\"og:image\" content=\"https:\/\/www.automotordistribuidora.com.br\/loja\/wp-content\/uploads\/2026\/03\/selamte-abro.jpg\" \/>\n\t<meta property=\"og:image:width\" content=\"576\" \/>\n\t<meta property=\"og:image:height\" content=\"549\" \/>\n\t<meta property=\"og:image:type\" content=\"image\/jpeg\" \/>\n<meta name=\"twitter:card\" content=\"summary_large_image\" \/>\n<meta name=\"twitter:label1\" content=\"Pre\u00e7o\" \/>\n\t<meta name=\"twitter:data1\" content=\"&#082;&#036;&nbsp;278,00\" \/>\n\t<meta name=\"twitter:label2\" content=\"Disponibilidade\" \/>\n\t<meta name=\"twitter:data2\" content=\"Em Estoque\" \/>\n<script type=\"application\/ld+json\" class=\"yoast-schema-graph\">{\"@context\":\"https:\/\/schema.org\",\"@graph\":[{\"@type\":\"WebPage\",\"@id\":\"https:\/\/www.automotordistribuidora.com.br\/loja\/produtos\/3-selantes-de-trincas-para-cabecote-bloco-permanente-unico\/\",\"url\":\"https:\/\/www.automotordistribuidora.com.br\/loja\/produtos\/3-selantes-de-trincas-para-cabecote-bloco-permanente-unico\/\",\"name\":\"3 Selantes De Trincas Para Cabe\u00e7ote\/ Bloco Permanente \u00danico\",\"isPartOf\":{\"@id\":\"https:\/\/www.automotordistribuidora.com.br\/loja\/#website\"},\"primaryImageOfPage\":{\"@id\":\"https:\/\/www.automotordistribuidora.com.br\/loja\/produtos\/3-selantes-de-trincas-para-cabecote-bloco-permanente-unico\/#primaryimage\"},\"image\":{\"@id\":\"https:\/\/www.automotordistribuidora.com.br\/loja\/produtos\/3-selantes-de-trincas-para-cabecote-bloco-permanente-unico\/#primaryimage\"},\"thumbnailUrl\":\"https:\/\/www.automotordistribuidora.com.br\/loja\/wp-content\/uploads\/2026\/03\/selamte-abro.jpg\",\"datePublished\":\"2026-03-04T14:03:23+00:00\",\"dateModified\":\"2026-03-04T14:03:24+00:00\",\"description\":\"Automotor Distribuidora &#8902; Endere\u00e7o: Rua da Trindade, 1064 - Cajuru - Curitiba - Paran\u00e1 &#8902; WhatsApp: (41) 3095-1942.\",\"breadcrumb\":{\"@id\":\"https:\/\/www.automotordistribuidora.com.br\/loja\/produtos\/3-selantes-de-trincas-para-cabecote-bloco-permanente-unico\/#breadcrumb\"},\"inLanguage\":\"pt-BR\",\"potentialAction\":[{\"@type\":\"ReadAction\",\"target\":[\"https:\/\/www.automotordistribuidora.com.br\/loja\/produtos\/3-selantes-de-trincas-para-cabecote-bloco-permanente-unico\/\"]}]},{\"@type\":\"ImageObject\",\"inLanguage\":\"pt-BR\",\"@id\":\"https:\/\/www.automotordistribuidora.com.br\/loja\/produtos\/3-selantes-de-trincas-para-cabecote-bloco-permanente-unico\/#primaryimage\",\"url\":\"https:\/\/www.automotordistribuidora.com.br\/loja\/wp-content\/uploads\/2026\/03\/selamte-abro.jpg\",\"contentUrl\":\"https:\/\/www.automotordistribuidora.com.br\/loja\/wp-content\/uploads\/2026\/03\/selamte-abro.jpg\",\"width\":576,\"height\":549,\"caption\":\"3 Selantes De Trincas Para Cabe\u00e7ote\/ Bloco Permanente \u00danico\"},{\"@type\":\"BreadcrumbList\",\"@id\":\"https:\/\/www.automotordistribuidora.com.br\/loja\/produtos\/3-selantes-de-trincas-para-cabecote-bloco-permanente-unico\/#breadcrumb\",\"itemListElement\":[{\"@type\":\"ListItem\",\"position\":1,\"name\":\"In\u00edcio\",\"item\":\"https:\/\/www.automotordistribuidora.com.br\/loja\/\"},{\"@type\":\"ListItem\",\"position\":2,\"name\":\"LOJA\",\"item\":\"https:\/\/www.automotordistribuidora.com.br\/loja\/\"},{\"@type\":\"ListItem\",\"position\":3,\"name\":\"3 Selantes De Trincas Para Cabe\u00e7ote\/ Bloco Permanente \u00danico\"}]},{\"@type\":\"WebSite\",\"@id\":\"https:\/\/www.automotordistribuidora.com.br\/loja\/#website\",\"url\":\"https:\/\/www.automotordistribuidora.com.br\/loja\/\",\"name\":\"Automotor Distribuidora\",\"description\":\"\",\"publisher\":{\"@id\":\"https:\/\/www.automotordistribuidora.com.br\/loja\/#organization\"},\"potentialAction\":[{\"@type\":\"SearchAction\",\"target\":{\"@type\":\"EntryPoint\",\"urlTemplate\":\"https:\/\/www.automotordistribuidora.com.br\/loja\/?s={search_term_string}\"},\"query-input\":{\"@type\":\"PropertyValueSpecification\",\"valueRequired\":true,\"valueName\":\"search_term_string\"}}],\"inLanguage\":\"pt-BR\"},{\"@type\":\"Organization\",\"@id\":\"https:\/\/www.automotordistribuidora.com.br\/loja\/#organization\",\"name\":\"Automotor Distribuidora\",\"url\":\"https:\/\/www.automotordistribuidora.com.br\/loja\/\",\"logo\":{\"@type\":\"ImageObject\",\"inLanguage\":\"pt-BR\",\"@id\":\"https:\/\/www.automotordistribuidora.com.br\/loja\/#\/schema\/logo\/image\/\",\"url\":\"https:\/\/www.automotordistribuidora.com.br\/loja\/wp-content\/uploads\/2026\/03\/03.jpg\",\"contentUrl\":\"https:\/\/www.automotordistribuidora.com.br\/loja\/wp-content\/uploads\/2026\/03\/03.jpg\",\"width\":2001,\"height\":2001,\"caption\":\"Automotor Distribuidora\"},\"image\":{\"@id\":\"https:\/\/www.automotordistribuidora.com.br\/loja\/#\/schema\/logo\/image\/\"},\"sameAs\":[\"https:\/\/www.facebook.com\/automotordistribuidora\/\",\"https:\/\/www.instagram.com\/automotor.distribuidora\/\"]}]}<\/script>\n<meta property=\"product:price:amount\" content=\"278.00\" \/>\n<meta property=\"product:price:currency\" content=\"BRL\" \/>\n<meta property=\"og:availability\" content=\"instock\" \/>\n<meta property=\"product:availability\" content=\"instock\" \/>\n<meta property=\"product:condition\" content=\"new\" \/>\n<!-- \/ Yoast SEO Premium plugin. -->","yoast_head_json":{"title":"3 Selantes De Trincas Para Cabe\u00e7ote\/ Bloco Permanente \u00danico","description":"Automotor Distribuidora &#8902; Endere\u00e7o: Rua da Trindade, 1064 - Cajuru - Curitiba - Paran\u00e1 &#8902; WhatsApp: (41) 3095-1942.","robots":{"index":"index","follow":"follow","max-snippet":"max-snippet:-1","max-image-preview":"max-image-preview:large","max-video-preview":"max-video-preview:-1"},"canonical":"https:\/\/www.automotordistribuidora.com.br\/loja\/produtos\/3-selantes-de-trincas-para-cabecote-bloco-permanente-unico\/","og_locale":"pt_BR","og_type":"article","og_title":"3 Selantes De Trincas Para Cabe\u00e7ote\/ Bloco Permanente \u00danico","og_description":"Automotor Distribuidora &#8902; Endere\u00e7o: Rua da Trindade, 1064 - Cajuru - Curitiba - Paran\u00e1 &#8902; WhatsApp: (41) 3095-1942.","og_url":"https:\/\/www.automotordistribuidora.com.br\/loja\/produtos\/3-selantes-de-trincas-para-cabecote-bloco-permanente-unico\/","og_site_name":"Automotor Distribuidora","article_publisher":"https:\/\/www.facebook.com\/automotordistribuidora\/","article_modified_time":"2026-03-04T14:03:24+00:00","og_image":[{"width":576,"height":549,"url":"https:\/\/www.automotordistribuidora.com.br\/loja\/wp-content\/uploads\/2026\/03\/selamte-abro.jpg","type":"image\/jpeg"}],"twitter_card":"summary_large_image","twitter_misc":{"Pre\u00e7o":"&#82;&#36;&nbsp;278,00","Disponibilidade":"Em Estoque"},"schema":{"@context":"https:\/\/schema.org","@graph":[{"@type":"WebPage","@id":"https:\/\/www.automotordistribuidora.com.br\/loja\/produtos\/3-selantes-de-trincas-para-cabecote-bloco-permanente-unico\/","url":"https:\/\/www.automotordistribuidora.com.br\/loja\/produtos\/3-selantes-de-trincas-para-cabecote-bloco-permanente-unico\/","name":"3 Selantes De Trincas Para Cabe\u00e7ote\/ Bloco Permanente \u00danico","isPartOf":{"@id":"https:\/\/www.automotordistribuidora.com.br\/loja\/#website"},"primaryImageOfPage":{"@id":"https:\/\/www.automotordistribuidora.com.br\/loja\/produtos\/3-selantes-de-trincas-para-cabecote-bloco-permanente-unico\/#primaryimage"},"image":{"@id":"https:\/\/www.automotordistribuidora.com.br\/loja\/produtos\/3-selantes-de-trincas-para-cabecote-bloco-permanente-unico\/#primaryimage"},"thumbnailUrl":"https:\/\/www.automotordistribuidora.com.br\/loja\/wp-content\/uploads\/2026\/03\/selamte-abro.jpg","datePublished":"2026-03-04T14:03:23+00:00","dateModified":"2026-03-04T14:03:24+00:00","description":"Automotor Distribuidora &#8902; Endere\u00e7o: Rua da Trindade, 1064 - Cajuru - Curitiba - Paran\u00e1 &#8902; WhatsApp: (41) 3095-1942.","breadcrumb":{"@id":"https:\/\/www.automotordistribuidora.com.br\/loja\/produtos\/3-selantes-de-trincas-para-cabecote-bloco-permanente-unico\/#breadcrumb"},"inLanguage":"pt-BR","potentialAction":[{"@type":"ReadAction","target":["https:\/\/www.automotordistribuidora.com.br\/loja\/produtos\/3-selantes-de-trincas-para-cabecote-bloco-permanente-unico\/"]}]},{"@type":"ImageObject","inLanguage":"pt-BR","@id":"https:\/\/www.automotordistribuidora.com.br\/loja\/produtos\/3-selantes-de-trincas-para-cabecote-bloco-permanente-unico\/#primaryimage","url":"https:\/\/www.automotordistribuidora.com.br\/loja\/wp-content\/uploads\/2026\/03\/selamte-abro.jpg","contentUrl":"https:\/\/www.automotordistribuidora.com.br\/loja\/wp-content\/uploads\/2026\/03\/selamte-abro.jpg","width":576,"height":549,"caption":"3 Selantes De Trincas Para Cabe\u00e7ote\/ Bloco Permanente \u00danico"},{"@type":"BreadcrumbList","@id":"https:\/\/www.automotordistribuidora.com.br\/loja\/produtos\/3-selantes-de-trincas-para-cabecote-bloco-permanente-unico\/#breadcrumb","itemListElement":[{"@type":"ListItem","position":1,"name":"In\u00edcio","item":"https:\/\/www.automotordistribuidora.com.br\/loja\/"},{"@type":"ListItem","position":2,"name":"LOJA","item":"https:\/\/www.automotordistribuidora.com.br\/loja\/"},{"@type":"ListItem","position":3,"name":"3 Selantes De Trincas Para Cabe\u00e7ote\/ Bloco Permanente \u00danico"}]},{"@type":"WebSite","@id":"https:\/\/www.automotordistribuidora.com.br\/loja\/#website","url":"https:\/\/www.automotordistribuidora.com.br\/loja\/","name":"Automotor Distribuidora","description":"","publisher":{"@id":"https:\/\/www.automotordistribuidora.com.br\/loja\/#organization"},"potentialAction":[{"@type":"SearchAction","target":{"@type":"EntryPoint","urlTemplate":"https:\/\/www.automotordistribuidora.com.br\/loja\/?s={search_term_string}"},"query-input":{"@type":"PropertyValueSpecification","valueRequired":true,"valueName":"search_term_string"}}],"inLanguage":"pt-BR"},{"@type":"Organization","@id":"https:\/\/www.automotordistribuidora.com.br\/loja\/#organization","name":"Automotor Distribuidora","url":"https:\/\/www.automotordistribuidora.com.br\/loja\/","logo":{"@type":"ImageObject","inLanguage":"pt-BR","@id":"https:\/\/www.automotordistribuidora.com.br\/loja\/#\/schema\/logo\/image\/","url":"https:\/\/www.automotordistribuidora.com.br\/loja\/wp-content\/uploads\/2026\/03\/03.jpg","contentUrl":"https:\/\/www.automotordistribuidora.com.br\/loja\/wp-content\/uploads\/2026\/03\/03.jpg","width":2001,"height":2001,"caption":"Automotor Distribuidora"},"image":{"@id":"https:\/\/www.automotordistribuidora.com.br\/loja\/#\/schema\/logo\/image\/"},"sameAs":["https:\/\/www.facebook.com\/automotordistribuidora\/","https:\/\/www.instagram.com\/automotor.distribuidora\/"]}]},"product_price_amount":"278.00","product_price_currency":"BRL","og_availability":"instock","product_availability":"instock","product_condition":"new"},"jetpack_sharing_enabled":true,"_links":{"self":[{"href":"https:\/\/www.automotordistribuidora.com.br\/loja\/wp-json\/wp\/v2\/product\/16431","targetHints":{"allow":["GET"]}}],"collection":[{"href":"https:\/\/www.automotordistribuidora.com.br\/loja\/wp-json\/wp\/v2\/product"}],"about":[{"href":"https:\/\/www.automotordistribuidora.com.br\/loja\/wp-json\/wp\/v2\/types\/product"}],"replies":[{"embeddable":true,"href":"https:\/\/www.automotordistribuidora.com.br\/loja\/wp-json\/wp\/v2\/comments?post=16431"}],"version-history":[{"count":1,"href":"https:\/\/www.automotordistribuidora.com.br\/loja\/wp-json\/wp\/v2\/product\/16431\/revisions"}],"predecessor-version":[{"id":16433,"href":"https:\/\/www.automotordistribuidora.com.br\/loja\/wp-json\/wp\/v2\/product\/16431\/revisions\/16433"}],"wp:featuredmedia":[{"embeddable":true,"href":"https:\/\/www.automotordistribuidora.com.br\/loja\/wp-json\/wp\/v2\/media\/16432"}],"wp:attachment":[{"href":"https:\/\/www.automotordistribuidora.com.br\/loja\/wp-json\/wp\/v2\/media?parent=16431"}],"wp:term":[{"taxonomy":"product_brand","embeddable":true,"href":"https:\/\/www.automotordistribuidora.com.br\/loja\/wp-json\/wp\/v2\/product_brand?post=16431"},{"taxonomy":"product_cat","embeddable":true,"href":"https:\/\/www.automotordistribuidora.com.br\/loja\/wp-json\/wp\/v2\/product_cat?post=16431"},{"taxonomy":"product_tag","embeddable":true,"href":"https:\/\/www.automotordistribuidora.com.br\/loja\/wp-json\/wp\/v2\/product_tag?post=16431"}],"curies":[{"name":"wp","href":"https:\/\/api.w.org\/{rel}","templated":true}]}}