{"id":16428,"date":"2026-03-04T10:52:06","date_gmt":"2026-03-04T13:52:06","guid":{"rendered":"https:\/\/www.automotordistribuidora.com.br\/loja\/?post_type=product&#038;p=16428"},"modified":"2026-03-04T10:52:15","modified_gmt":"2026-03-04T13:52:15","slug":"aditivo-limpador-de-radiador-abro-b-505-354-ml-para-carros","status":"publish","type":"product","link":"https:\/\/www.automotordistribuidora.com.br\/loja\/produtos\/aditivo-limpador-de-radiador-abro-b-505-354-ml-para-carros\/","title":{"rendered":"Aditivo Limpador de Radiador Abro B-505 354 mL Para Carros"},"content":{"rendered":"<p>ABRO RADIATOR FLUSH 354ml B-505<\/p>\n<p>\u2022 Ajuda a prevenir o superaquecimento;<br \/>\n\u2022 Aumenta a efici\u00eancia do sistema de refrigera\u00e7\u00e3o em 60%;<br \/>\n\u2022 Aumenta significativamente a vida \u00fatil da bomba de \u00e1gua e de todo o sistema de refrigera\u00e7\u00e3o;<br \/>\n\u2022 Lavagem suave do radiador de 10 minutos;<br \/>\n\u2022 \u00c9 r\u00e1pido e eficaz;<br \/>\n\u2022 Remove ferrugem, sujeira, espuma e limo;<br \/>\n\u2022 \u00c9 seguro para produtos de metal e borracha;<br \/>\n\u2022 \u00c9 seguro para todos os sistemas de refrigera\u00e7\u00e3o.<\/p>\n<p>Aplica\u00e7\u00e3o: utilizado para a limpeza r\u00e1pida de qualquer sistema de refrigera\u00e7\u00e3o.<\/p>\n<p><strong>Modo de uso:<\/strong><\/p>\n<p>1. Deixe o motor do carro esfriar.<br \/>\n2. Remova a tampa do radiador (nunca com o motor quente) e despeje todo o conte\u00fado no radiador. Recoloque a tampa.<br \/>\n3. Ligue o ve\u00edculo e ap\u00f3s o motor alcan\u00e7ar a temperatura de opera\u00e7\u00e3o normal, deixe funcionar por 10 minutos, com o ar quente ligado.<br \/>\n4. Remova a tampa do radiador e abra os dutos ou mangueiras de drenagem. Espere por 10 minutos at\u00e9 esfriar o motor.<br \/>\n5. Com o motor ligado, enxague at\u00e9 que a \u00e1gua fique clara. Desligue o motor e deixe o sistema drenar completamente. Feche os dutos de drenagem.<br \/>\n6. Encha o radiador com a concentra\u00e7\u00e3o recomendada de aditivo de radiador misturado com \u00e1gua. Recoloque a tampa do radiador e feche-o.<\/p>\n<p>\u00c9 seguro para todos os sistemas de arrefecimento.<\/p>\n<p>Produto concentrado para sistemas de refrigera\u00e7\u00e3o de at\u00e9 14 litros.<\/p>\n<p>A ABRO \u00e9 uma empresa americana voltada para a linha de qu\u00edmicos automotivos com mais de 75 anos de mercado. Trata-se de uma empresa com qualidade Premium em seus produtos e que vem crescendo sua participa\u00e7\u00e3o no mercado mundial, hoje em mais de 190 pa\u00edses. \u00c9 uma das empresas americanas que mais exporta produtos de alta performance para o mundo.<\/p>\n<p>&nbsp;<\/p>\n<div class=\"ui-vpp-striped-specs\">\n<div class=\"ui-vpp-striped-specs__table\">\n<h3 class=\"ui-vpp-striped-specs__header\">Caracter\u00edsticas principais<\/h3>\n<table class=\"andes-table\">\n<tbody class=\"andes-table__body\">\n<tr class=\"andes-table__row ui-vpp-striped-specs__row\">\n<th class=\"andes-table__header andes-table__header--left ui-vpp-striped-specs__row__column ui-vpp-striped-specs__row__column--id\" scope=\"row\">\n<div class=\"andes-table__header__container\">Marca<\/div>\n<\/th>\n<td id=\"_R_54ule8l69tb6e_\" class=\"andes-table__column andes-table__column--left andes-table__column--vertical-align-center ui-vpp-striped-specs__row__column\"><span id=\"_R_54ule8l69tb6e_-value\" class=\"andes-table__column--value\">Abro<\/span><\/td>\n<\/tr>\n<tr class=\"andes-table__row ui-vpp-striped-specs__row\">\n<th class=\"andes-table__header andes-table__header--left ui-vpp-striped-specs__row__column ui-vpp-striped-specs__row__column--id\" scope=\"row\">\n<div class=\"andes-table__header__container\">Modelo<\/div>\n<\/th>\n<td id=\"_R_55ele8l69tb6e_\" class=\"andes-table__column andes-table__column--left andes-table__column--vertical-align-center ui-vpp-striped-specs__row__column\"><span id=\"_R_55ele8l69tb6e_-value\" class=\"andes-table__column--value\">RADIADOR FLUSH AB-505<\/span><\/td>\n<\/tr>\n<tr class=\"andes-table__row ui-vpp-striped-specs__row\">\n<th class=\"andes-table__header andes-table__header--left ui-vpp-striped-specs__row__column ui-vpp-striped-specs__row__column--id\" scope=\"row\">\n<div class=\"andes-table__header__container\">N\u00famero de pe\u00e7a<\/div>\n<\/th>\n<td id=\"_R_55ule8l69tb6e_\" class=\"andes-table__column andes-table__column--left andes-table__column--vertical-align-center ui-vpp-striped-specs__row__column\"><span id=\"_R_55ule8l69tb6e_-value\" class=\"andes-table__column--value\">1<\/span><\/td>\n<\/tr>\n<tr class=\"andes-table__row ui-vpp-striped-specs__row\">\n<th class=\"andes-table__header andes-table__header--left ui-vpp-striped-specs__row__column ui-vpp-striped-specs__row__column--id\" scope=\"row\">\n<div class=\"andes-table__header__container\">Volume l\u00edquido<\/div>\n<\/th>\n<td id=\"_R_56ele8l69tb6e_\" class=\"andes-table__column andes-table__column--left andes-table__column--vertical-align-center ui-vpp-striped-specs__row__column\"><span id=\"_R_56ele8l69tb6e_-value\" class=\"andes-table__column--value\">354 mL<\/span><\/td>\n<\/tr>\n<\/tbody>\n<\/table>\n<\/div>\n<\/div>\n<div class=\"ui-vpp-striped-specs\">\n<div class=\"ui-vpp-striped-specs__table\">\n<h3 class=\"ui-vpp-striped-specs__header\">Outros<\/h3>\n<table class=\"andes-table\">\n<tbody class=\"andes-table__body\">\n<tr class=\"andes-table__row ui-vpp-striped-specs__row\">\n<th class=\"andes-table__header andes-table__header--left ui-vpp-striped-specs__row__column ui-vpp-striped-specs__row__column--id\" scope=\"row\">\n<div class=\"andes-table__header__container\">Tipo de ve\u00edculo<\/div>\n<\/th>\n<td id=\"_R_19upe8l69tb6e_\" class=\"andes-table__column andes-table__column--left andes-table__column--vertical-align-center ui-vpp-striped-specs__row__column\"><span id=\"_R_19upe8l69tb6e_-value\" class=\"andes-table__column--value\">Carro\/Caminhonete<\/span><\/td>\n<\/tr>\n<\/tbody>\n<\/table>\n<\/div>\n<\/div>\n","protected":false},"excerpt":{"rendered":"<div class=\"ui-pdp-container__row ui-pdp-container__row--highlighted-features-title\">\n<p data-start=\"340\" data-end=\"516\">O Radiator Flush B-505 354ml da <span class=\"hover:entity-accent entity-underline inline cursor-pointer align-baseline\"><span class=\"whitespace-normal\">Abro<\/span><\/span> \u00e9 um limpador desenvolvido para remover ferrugem, res\u00edduos e incrusta\u00e7\u00f5es do sistema de arrefecimento.<\/p>\n<p data-start=\"518\" data-end=\"691\">Sua f\u00f3rmula atua internamente no radiador e nas galerias do motor, ajudando a restaurar a efici\u00eancia da circula\u00e7\u00e3o do l\u00edquido de arrefecimento e prevenindo superaquecimento.<\/p>\n<p data-start=\"693\" data-end=\"772\">Indicado para ve\u00edculos de passeio e utilit\u00e1rios. F\u00e1cil aplica\u00e7\u00e3o e a\u00e7\u00e3o r\u00e1pida.<\/p>\n<\/div>\n","protected":false},"featured_media":16429,"comment_status":"open","ping_status":"closed","template":"","meta":[],"product_brand":[],"product_cat":[109],"product_tag":[420,419,426,398,423,421,424,422,425,394],"class_list":{"0":"post-16428","1":"product","2":"type-product","3":"status-publish","4":"has-post-thumbnail","6":"product_cat-aditivos-e-sprays","7":"product_tag-abro-b505","8":"product_tag-abro-radiator-flush","9":"product_tag-aditivo-limpeza-radiador","10":"product_tag-autopecas-abro","11":"product_tag-flush-radiador-carro","12":"product_tag-limpador-radiador-354ml","13":"product_tag-limpeza-ferrugem-radiador","14":"product_tag-limpeza-sistema-arrefecimento","15":"product_tag-manutencao-sistema-refrigeracao","16":"product_tag-produto-automotivo-abro","18":"first","19":"instock","20":"shipping-taxable","21":"purchasable","22":"product-type-simple"},"yoast_head":"<!-- This site is optimized with the Yoast SEO Premium plugin v26.9 (Yoast SEO v27.1.1) - https:\/\/yoast.com\/product\/yoast-seo-premium-wordpress\/ -->\n<title>Aditivo Limpador de Radiador Abro B-505 354 mL Para Carros<\/title>\n<meta name=\"description\" content=\"Automotor Distribuidora &#8902; Endere\u00e7o: Rua da Trindade, 1064 - Cajuru - Curitiba - Paran\u00e1 &#8902; WhatsApp: (41) 3095-1942.\" \/>\n<meta name=\"robots\" content=\"index, follow, max-snippet:-1, max-image-preview:large, max-video-preview:-1\" \/>\n<link rel=\"canonical\" href=\"https:\/\/www.automotordistribuidora.com.br\/loja\/produtos\/aditivo-limpador-de-radiador-abro-b-505-354-ml-para-carros\/\" \/>\n<meta property=\"og:locale\" content=\"pt_BR\" \/>\n<meta property=\"og:type\" content=\"article\" \/>\n<meta property=\"og:title\" content=\"Aditivo Limpador de Radiador Abro B-505 354 mL Para Carros\" \/>\n<meta property=\"og:description\" content=\"Automotor Distribuidora &#8902; Endere\u00e7o: Rua da Trindade, 1064 - Cajuru - Curitiba - Paran\u00e1 &#8902; WhatsApp: (41) 3095-1942.\" \/>\n<meta property=\"og:url\" content=\"https:\/\/www.automotordistribuidora.com.br\/loja\/produtos\/aditivo-limpador-de-radiador-abro-b-505-354-ml-para-carros\/\" \/>\n<meta property=\"og:site_name\" content=\"Automotor Distribuidora\" \/>\n<meta property=\"article:publisher\" content=\"https:\/\/www.facebook.com\/automotordistribuidora\/\" \/>\n<meta property=\"article:modified_time\" content=\"2026-03-04T13:52:15+00:00\" \/>\n<meta property=\"og:image\" content=\"https:\/\/www.automotordistribuidora.com.br\/loja\/wp-content\/uploads\/2026\/03\/abro-flush.jpg\" \/>\n\t<meta property=\"og:image:width\" content=\"522\" \/>\n\t<meta property=\"og:image:height\" content=\"706\" \/>\n\t<meta property=\"og:image:type\" content=\"image\/jpeg\" \/>\n<meta name=\"twitter:card\" content=\"summary_large_image\" \/>\n<meta name=\"twitter:label1\" content=\"Pre\u00e7o\" \/>\n\t<meta name=\"twitter:data1\" content=\"&#082;&#036;&nbsp;34,00\" \/>\n\t<meta name=\"twitter:label2\" content=\"Disponibilidade\" \/>\n\t<meta name=\"twitter:data2\" content=\"Em Estoque\" \/>\n<script type=\"application\/ld+json\" class=\"yoast-schema-graph\">{\"@context\":\"https:\/\/schema.org\",\"@graph\":[{\"@type\":\"WebPage\",\"@id\":\"https:\/\/www.automotordistribuidora.com.br\/loja\/produtos\/aditivo-limpador-de-radiador-abro-b-505-354-ml-para-carros\/\",\"url\":\"https:\/\/www.automotordistribuidora.com.br\/loja\/produtos\/aditivo-limpador-de-radiador-abro-b-505-354-ml-para-carros\/\",\"name\":\"Aditivo Limpador de Radiador Abro B-505 354 mL Para Carros\",\"isPartOf\":{\"@id\":\"https:\/\/www.automotordistribuidora.com.br\/loja\/#website\"},\"primaryImageOfPage\":{\"@id\":\"https:\/\/www.automotordistribuidora.com.br\/loja\/produtos\/aditivo-limpador-de-radiador-abro-b-505-354-ml-para-carros\/#primaryimage\"},\"image\":{\"@id\":\"https:\/\/www.automotordistribuidora.com.br\/loja\/produtos\/aditivo-limpador-de-radiador-abro-b-505-354-ml-para-carros\/#primaryimage\"},\"thumbnailUrl\":\"https:\/\/www.automotordistribuidora.com.br\/loja\/wp-content\/uploads\/2026\/03\/abro-flush.jpg\",\"datePublished\":\"2026-03-04T13:52:06+00:00\",\"dateModified\":\"2026-03-04T13:52:15+00:00\",\"description\":\"Automotor Distribuidora &#8902; Endere\u00e7o: Rua da Trindade, 1064 - Cajuru - Curitiba - Paran\u00e1 &#8902; WhatsApp: (41) 3095-1942.\",\"breadcrumb\":{\"@id\":\"https:\/\/www.automotordistribuidora.com.br\/loja\/produtos\/aditivo-limpador-de-radiador-abro-b-505-354-ml-para-carros\/#breadcrumb\"},\"inLanguage\":\"pt-BR\",\"potentialAction\":[{\"@type\":\"ReadAction\",\"target\":[\"https:\/\/www.automotordistribuidora.com.br\/loja\/produtos\/aditivo-limpador-de-radiador-abro-b-505-354-ml-para-carros\/\"]}]},{\"@type\":\"ImageObject\",\"inLanguage\":\"pt-BR\",\"@id\":\"https:\/\/www.automotordistribuidora.com.br\/loja\/produtos\/aditivo-limpador-de-radiador-abro-b-505-354-ml-para-carros\/#primaryimage\",\"url\":\"https:\/\/www.automotordistribuidora.com.br\/loja\/wp-content\/uploads\/2026\/03\/abro-flush.jpg\",\"contentUrl\":\"https:\/\/www.automotordistribuidora.com.br\/loja\/wp-content\/uploads\/2026\/03\/abro-flush.jpg\",\"width\":522,\"height\":706,\"caption\":\"Aditivo Limpador de Radiador Abro B-505 354 mL Para Carros\"},{\"@type\":\"BreadcrumbList\",\"@id\":\"https:\/\/www.automotordistribuidora.com.br\/loja\/produtos\/aditivo-limpador-de-radiador-abro-b-505-354-ml-para-carros\/#breadcrumb\",\"itemListElement\":[{\"@type\":\"ListItem\",\"position\":1,\"name\":\"In\u00edcio\",\"item\":\"https:\/\/www.automotordistribuidora.com.br\/loja\/\"},{\"@type\":\"ListItem\",\"position\":2,\"name\":\"LOJA\",\"item\":\"https:\/\/www.automotordistribuidora.com.br\/loja\/\"},{\"@type\":\"ListItem\",\"position\":3,\"name\":\"Aditivo Limpador de Radiador Abro B-505 354 mL Para Carros\"}]},{\"@type\":\"WebSite\",\"@id\":\"https:\/\/www.automotordistribuidora.com.br\/loja\/#website\",\"url\":\"https:\/\/www.automotordistribuidora.com.br\/loja\/\",\"name\":\"Automotor Distribuidora\",\"description\":\"\",\"publisher\":{\"@id\":\"https:\/\/www.automotordistribuidora.com.br\/loja\/#organization\"},\"potentialAction\":[{\"@type\":\"SearchAction\",\"target\":{\"@type\":\"EntryPoint\",\"urlTemplate\":\"https:\/\/www.automotordistribuidora.com.br\/loja\/?s={search_term_string}\"},\"query-input\":{\"@type\":\"PropertyValueSpecification\",\"valueRequired\":true,\"valueName\":\"search_term_string\"}}],\"inLanguage\":\"pt-BR\"},{\"@type\":\"Organization\",\"@id\":\"https:\/\/www.automotordistribuidora.com.br\/loja\/#organization\",\"name\":\"Automotor Distribuidora\",\"url\":\"https:\/\/www.automotordistribuidora.com.br\/loja\/\",\"logo\":{\"@type\":\"ImageObject\",\"inLanguage\":\"pt-BR\",\"@id\":\"https:\/\/www.automotordistribuidora.com.br\/loja\/#\/schema\/logo\/image\/\",\"url\":\"https:\/\/www.automotordistribuidora.com.br\/loja\/wp-content\/uploads\/2026\/03\/03.jpg\",\"contentUrl\":\"https:\/\/www.automotordistribuidora.com.br\/loja\/wp-content\/uploads\/2026\/03\/03.jpg\",\"width\":2001,\"height\":2001,\"caption\":\"Automotor Distribuidora\"},\"image\":{\"@id\":\"https:\/\/www.automotordistribuidora.com.br\/loja\/#\/schema\/logo\/image\/\"},\"sameAs\":[\"https:\/\/www.facebook.com\/automotordistribuidora\/\",\"https:\/\/www.instagram.com\/automotor.distribuidora\/\"]}]}<\/script>\n<meta property=\"product:price:amount\" content=\"34.00\" \/>\n<meta property=\"product:price:currency\" content=\"BRL\" \/>\n<meta property=\"og:availability\" content=\"instock\" \/>\n<meta property=\"product:availability\" content=\"instock\" \/>\n<meta property=\"product:condition\" content=\"new\" \/>\n<!-- \/ Yoast SEO Premium plugin. -->","yoast_head_json":{"title":"Aditivo Limpador de Radiador Abro B-505 354 mL Para Carros","description":"Automotor Distribuidora &#8902; Endere\u00e7o: Rua da Trindade, 1064 - Cajuru - Curitiba - Paran\u00e1 &#8902; WhatsApp: (41) 3095-1942.","robots":{"index":"index","follow":"follow","max-snippet":"max-snippet:-1","max-image-preview":"max-image-preview:large","max-video-preview":"max-video-preview:-1"},"canonical":"https:\/\/www.automotordistribuidora.com.br\/loja\/produtos\/aditivo-limpador-de-radiador-abro-b-505-354-ml-para-carros\/","og_locale":"pt_BR","og_type":"article","og_title":"Aditivo Limpador de Radiador Abro B-505 354 mL Para Carros","og_description":"Automotor Distribuidora &#8902; Endere\u00e7o: Rua da Trindade, 1064 - Cajuru - Curitiba - Paran\u00e1 &#8902; WhatsApp: (41) 3095-1942.","og_url":"https:\/\/www.automotordistribuidora.com.br\/loja\/produtos\/aditivo-limpador-de-radiador-abro-b-505-354-ml-para-carros\/","og_site_name":"Automotor Distribuidora","article_publisher":"https:\/\/www.facebook.com\/automotordistribuidora\/","article_modified_time":"2026-03-04T13:52:15+00:00","og_image":[{"width":522,"height":706,"url":"https:\/\/www.automotordistribuidora.com.br\/loja\/wp-content\/uploads\/2026\/03\/abro-flush.jpg","type":"image\/jpeg"}],"twitter_card":"summary_large_image","twitter_misc":{"Pre\u00e7o":"&#82;&#36;&nbsp;34,00","Disponibilidade":"Em Estoque"},"schema":{"@context":"https:\/\/schema.org","@graph":[{"@type":"WebPage","@id":"https:\/\/www.automotordistribuidora.com.br\/loja\/produtos\/aditivo-limpador-de-radiador-abro-b-505-354-ml-para-carros\/","url":"https:\/\/www.automotordistribuidora.com.br\/loja\/produtos\/aditivo-limpador-de-radiador-abro-b-505-354-ml-para-carros\/","name":"Aditivo Limpador de Radiador Abro B-505 354 mL Para Carros","isPartOf":{"@id":"https:\/\/www.automotordistribuidora.com.br\/loja\/#website"},"primaryImageOfPage":{"@id":"https:\/\/www.automotordistribuidora.com.br\/loja\/produtos\/aditivo-limpador-de-radiador-abro-b-505-354-ml-para-carros\/#primaryimage"},"image":{"@id":"https:\/\/www.automotordistribuidora.com.br\/loja\/produtos\/aditivo-limpador-de-radiador-abro-b-505-354-ml-para-carros\/#primaryimage"},"thumbnailUrl":"https:\/\/www.automotordistribuidora.com.br\/loja\/wp-content\/uploads\/2026\/03\/abro-flush.jpg","datePublished":"2026-03-04T13:52:06+00:00","dateModified":"2026-03-04T13:52:15+00:00","description":"Automotor Distribuidora &#8902; Endere\u00e7o: Rua da Trindade, 1064 - Cajuru - Curitiba - Paran\u00e1 &#8902; WhatsApp: (41) 3095-1942.","breadcrumb":{"@id":"https:\/\/www.automotordistribuidora.com.br\/loja\/produtos\/aditivo-limpador-de-radiador-abro-b-505-354-ml-para-carros\/#breadcrumb"},"inLanguage":"pt-BR","potentialAction":[{"@type":"ReadAction","target":["https:\/\/www.automotordistribuidora.com.br\/loja\/produtos\/aditivo-limpador-de-radiador-abro-b-505-354-ml-para-carros\/"]}]},{"@type":"ImageObject","inLanguage":"pt-BR","@id":"https:\/\/www.automotordistribuidora.com.br\/loja\/produtos\/aditivo-limpador-de-radiador-abro-b-505-354-ml-para-carros\/#primaryimage","url":"https:\/\/www.automotordistribuidora.com.br\/loja\/wp-content\/uploads\/2026\/03\/abro-flush.jpg","contentUrl":"https:\/\/www.automotordistribuidora.com.br\/loja\/wp-content\/uploads\/2026\/03\/abro-flush.jpg","width":522,"height":706,"caption":"Aditivo Limpador de Radiador Abro B-505 354 mL Para Carros"},{"@type":"BreadcrumbList","@id":"https:\/\/www.automotordistribuidora.com.br\/loja\/produtos\/aditivo-limpador-de-radiador-abro-b-505-354-ml-para-carros\/#breadcrumb","itemListElement":[{"@type":"ListItem","position":1,"name":"In\u00edcio","item":"https:\/\/www.automotordistribuidora.com.br\/loja\/"},{"@type":"ListItem","position":2,"name":"LOJA","item":"https:\/\/www.automotordistribuidora.com.br\/loja\/"},{"@type":"ListItem","position":3,"name":"Aditivo Limpador de Radiador Abro B-505 354 mL Para Carros"}]},{"@type":"WebSite","@id":"https:\/\/www.automotordistribuidora.com.br\/loja\/#website","url":"https:\/\/www.automotordistribuidora.com.br\/loja\/","name":"Automotor Distribuidora","description":"","publisher":{"@id":"https:\/\/www.automotordistribuidora.com.br\/loja\/#organization"},"potentialAction":[{"@type":"SearchAction","target":{"@type":"EntryPoint","urlTemplate":"https:\/\/www.automotordistribuidora.com.br\/loja\/?s={search_term_string}"},"query-input":{"@type":"PropertyValueSpecification","valueRequired":true,"valueName":"search_term_string"}}],"inLanguage":"pt-BR"},{"@type":"Organization","@id":"https:\/\/www.automotordistribuidora.com.br\/loja\/#organization","name":"Automotor Distribuidora","url":"https:\/\/www.automotordistribuidora.com.br\/loja\/","logo":{"@type":"ImageObject","inLanguage":"pt-BR","@id":"https:\/\/www.automotordistribuidora.com.br\/loja\/#\/schema\/logo\/image\/","url":"https:\/\/www.automotordistribuidora.com.br\/loja\/wp-content\/uploads\/2026\/03\/03.jpg","contentUrl":"https:\/\/www.automotordistribuidora.com.br\/loja\/wp-content\/uploads\/2026\/03\/03.jpg","width":2001,"height":2001,"caption":"Automotor Distribuidora"},"image":{"@id":"https:\/\/www.automotordistribuidora.com.br\/loja\/#\/schema\/logo\/image\/"},"sameAs":["https:\/\/www.facebook.com\/automotordistribuidora\/","https:\/\/www.instagram.com\/automotor.distribuidora\/"]}]},"product_price_amount":"34.00","product_price_currency":"BRL","og_availability":"instock","product_availability":"instock","product_condition":"new"},"jetpack_sharing_enabled":true,"_links":{"self":[{"href":"https:\/\/www.automotordistribuidora.com.br\/loja\/wp-json\/wp\/v2\/product\/16428","targetHints":{"allow":["GET"]}}],"collection":[{"href":"https:\/\/www.automotordistribuidora.com.br\/loja\/wp-json\/wp\/v2\/product"}],"about":[{"href":"https:\/\/www.automotordistribuidora.com.br\/loja\/wp-json\/wp\/v2\/types\/product"}],"replies":[{"embeddable":true,"href":"https:\/\/www.automotordistribuidora.com.br\/loja\/wp-json\/wp\/v2\/comments?post=16428"}],"version-history":[{"count":1,"href":"https:\/\/www.automotordistribuidora.com.br\/loja\/wp-json\/wp\/v2\/product\/16428\/revisions"}],"predecessor-version":[{"id":16430,"href":"https:\/\/www.automotordistribuidora.com.br\/loja\/wp-json\/wp\/v2\/product\/16428\/revisions\/16430"}],"wp:featuredmedia":[{"embeddable":true,"href":"https:\/\/www.automotordistribuidora.com.br\/loja\/wp-json\/wp\/v2\/media\/16429"}],"wp:attachment":[{"href":"https:\/\/www.automotordistribuidora.com.br\/loja\/wp-json\/wp\/v2\/media?parent=16428"}],"wp:term":[{"taxonomy":"product_brand","embeddable":true,"href":"https:\/\/www.automotordistribuidora.com.br\/loja\/wp-json\/wp\/v2\/product_brand?post=16428"},{"taxonomy":"product_cat","embeddable":true,"href":"https:\/\/www.automotordistribuidora.com.br\/loja\/wp-json\/wp\/v2\/product_cat?post=16428"},{"taxonomy":"product_tag","embeddable":true,"href":"https:\/\/www.automotordistribuidora.com.br\/loja\/wp-json\/wp\/v2\/product_tag?post=16428"}],"curies":[{"name":"wp","href":"https:\/\/api.w.org\/{rel}","templated":true}]}}