{"id":16320,"date":"2026-03-03T14:59:19","date_gmt":"2026-03-03T17:59:19","guid":{"rendered":"https:\/\/www.automotordistribuidora.com.br\/loja\/?post_type=product&#038;p=16320"},"modified":"2026-03-12T19:29:51","modified_gmt":"2026-03-12T22:29:51","slug":"4-bico-injetor-volvo-t5-xc60-s80-s60-v60-2-0-16v","status":"publish","type":"product","link":"https:\/\/www.automotordistribuidora.com.br\/loja\/produtos\/4-bico-injetor-volvo-t5-xc60-s80-s60-v60-2-0-16v\/","title":{"rendered":"4 Bico Injetor Volvo T5 Xc60 S80 S60 V60 2.0 16v 31303495 0"},"content":{"rendered":"<p>Bico injetor de gasolina<\/p>\n<p><strong>Aplica\u00e7\u00e3o:<\/strong><\/p>\n<p>Volvo V60 \/ S60 2.0 16v Turbo &#8211; 2014, 2015, 2016, 2017, 2018, 2019<\/p>\n<p>Volvo Xc60 2.0 16v Turbo &#8211; 2014, 2015, 2016, 2017, 2018, 2019<\/p>\n<p>Volvo V40 2.0 16v Turbo &#8211; 2013, 2014, 2015, 2016, 2017<\/p>\n<p>Volvo V70 2.0 16v Turbo &#8211; 2014, 2015, 2016<\/p>\n<p>Volvo Xc90 2.0 16v Turbo &#8211; 2016, 2017, 2018, 2019<\/p>\n<p>Todos com motores 2.0 Drive-E e c\u00f3digo: B4204T11 \/ B4204T9 \/ B4204T15 \/ B4154<\/p>\n<p>C\u00f3digos: 31432778 \/ 31336653 \/ 31303495 \/ 31465786<\/p>\n<p>(TODA PE\u00c7A SERA ENVIADA EM NOSSA EMBALAGEM GENUINA PARTS)<\/p>\n<p>Garantia do vendedor: 3 meses<\/p>\n<p><strong>Garantia de f\u00e1brica: 3 meses<\/strong><\/p>\n<p>&nbsp;<\/p>\n<div class=\"ui-vpp-striped-specs\">\n<div class=\"ui-vpp-striped-specs__table\">\n<h3 class=\"ui-vpp-striped-specs__header\">Caracter\u00edsticas principais<\/h3>\n<table class=\"andes-table\">\n<tbody class=\"andes-table__body\">\n<tr class=\"andes-table__row ui-vpp-striped-specs__row\">\n<th class=\"andes-table__header andes-table__header--left ui-vpp-striped-specs__row__column ui-vpp-striped-specs__row__column--id\" scope=\"row\">\n<div class=\"andes-table__header__container\">Marca<\/div>\n<\/th>\n<td id=\"_R_2iule8l69tb6e_\" class=\"andes-table__column andes-table__column--left andes-table__column--vertical-align-center ui-vpp-striped-specs__row__column\"><span id=\"_R_2iule8l69tb6e_-value\" class=\"andes-table__column--value\">Bosch<\/span><\/td>\n<\/tr>\n<tr class=\"andes-table__row ui-vpp-striped-specs__row\">\n<th class=\"andes-table__header andes-table__header--left ui-vpp-striped-specs__row__column ui-vpp-striped-specs__row__column--id\" scope=\"row\">\n<div class=\"andes-table__header__container\">Modelo<\/div>\n<\/th>\n<td id=\"_R_2jele8l69tb6e_\" class=\"andes-table__column andes-table__column--left andes-table__column--vertical-align-center ui-vpp-striped-specs__row__column\"><span id=\"_R_2jele8l69tb6e_-value\" class=\"andes-table__column--value\">Original<\/span><\/td>\n<\/tr>\n<tr class=\"andes-table__row ui-vpp-striped-specs__row\">\n<th class=\"andes-table__header andes-table__header--left ui-vpp-striped-specs__row__column ui-vpp-striped-specs__row__column--id\" scope=\"row\">\n<div class=\"andes-table__header__container\">N\u00famero de pe\u00e7a<\/div>\n<\/th>\n<td id=\"_R_2jule8l69tb6e_\" class=\"andes-table__column andes-table__column--left andes-table__column--vertical-align-center ui-vpp-striped-specs__row__column\"><span id=\"_R_2jule8l69tb6e_-value\" class=\"andes-table__column--value\">0 261 500 716<\/span><\/td>\n<\/tr>\n<\/tbody>\n<\/table>\n<\/div>\n<\/div>\n<div class=\"ui-vpp-striped-specs\">\n<div class=\"ui-vpp-striped-specs__table\">\n<h3 class=\"ui-vpp-striped-specs__header\">Outros<\/h3>\n<table class=\"andes-table\">\n<tbody class=\"andes-table__body\">\n<tr class=\"andes-table__row ui-vpp-striped-specs__row\">\n<th class=\"andes-table__header andes-table__header--left ui-vpp-striped-specs__row__column ui-vpp-striped-specs__row__column--id\" scope=\"row\">\n<div class=\"andes-table__header__container\">Tipo de ve\u00edculo<\/div>\n<\/th>\n<td id=\"_R_2iupe8l69tb6e_\" class=\"andes-table__column andes-table__column--left andes-table__column--vertical-align-center ui-vpp-striped-specs__row__column\"><span id=\"_R_2iupe8l69tb6e_-value\" class=\"andes-table__column--value\">Carro\/Caminhonete<\/span><\/td>\n<\/tr>\n<tr class=\"andes-table__row ui-vpp-striped-specs__row\">\n<th class=\"andes-table__header andes-table__header--left ui-vpp-striped-specs__row__column ui-vpp-striped-specs__row__column--id\" scope=\"row\">\n<div class=\"andes-table__header__container\">Tipo de combust\u00edvel<\/div>\n<\/th>\n<td id=\"_R_2jepe8l69tb6e_\" class=\"andes-table__column andes-table__column--left andes-table__column--vertical-align-center ui-vpp-striped-specs__row__column\"><span id=\"_R_2jepe8l69tb6e_-value\" class=\"andes-table__column--value\">Gasolina<\/span><\/td>\n<\/tr>\n<tr class=\"andes-table__row ui-vpp-striped-specs__row\">\n<th class=\"andes-table__header andes-table__header--left ui-vpp-striped-specs__row__column ui-vpp-striped-specs__row__column--id\" scope=\"row\">\n<div class=\"andes-table__header__container\">\u00c9 kit<\/div>\n<\/th>\n<td id=\"_R_2jupe8l69tb6e_\" class=\"andes-table__column andes-table__column--left andes-table__column--vertical-align-center ui-vpp-striped-specs__row__column\"><span id=\"_R_2jupe8l69tb6e_-value\" class=\"andes-table__column--value\">N\u00e3o<\/span><\/td>\n<\/tr>\n<\/tbody>\n<\/table>\n<\/div>\n<\/div>\n","protected":false},"excerpt":{"rendered":"<p>Conjunto com 4 bicos injetores genu\u00ednos Volvo refer\u00eancia 31303495 (tamb\u00e9m compat\u00edveis com outros n\u00fameros OEM como 31432778, 31336653 e 31465786). Aplic\u00e1veis em motores Volvo T5 2.0 Turbo 16V Drive-E e variantes como V60, S60, XC60, S80, V40, V70, XC90 nas vers\u00f5es a gasolina turbo. Esses injetores s\u00e3o projetados para inje\u00e7\u00e3o direta (GDI), promovendo alta precis\u00e3o na atomiza\u00e7\u00e3o de combust\u00edvel e controle eletr\u00f4nico eficiente, melhorando desempenho e consumo do motor.<\/p>\n","protected":false},"featured_media":16322,"comment_status":"open","ping_status":"closed","template":"","meta":[],"product_brand":[],"product_cat":[282],"product_tag":[319,283,322,315,313,316,314,317,321,312,285,320,318],"class_list":{"0":"post-16320","1":"product","2":"type-product","3":"status-publish","4":"has-post-thumbnail","6":"product_cat-bicos-injetores","7":"product_tag-autopecas-volvo","8":"product_tag-bico-injetor","9":"product_tag-bico-injetor-original-volvo","10":"product_tag-bico-injetor-s60","11":"product_tag-bico-injetor-t5","12":"product_tag-bico-injetor-v60","13":"product_tag-bico-injetor-xc60","14":"product_tag-injecao-direta-gdi","15":"product_tag-injetor-combustivel-turbo","16":"product_tag-injetor-volvo-31303495","17":"product_tag-kit-4-bicos-injetores","18":"product_tag-manutencao-sistema-injecao","19":"product_tag-pecas-injecao-volvo","21":"first","22":"instock","23":"shipping-taxable","24":"purchasable","25":"product-type-simple"},"yoast_head":"<!-- This site is optimized with the Yoast SEO Premium plugin v26.9 (Yoast SEO v27.1.1) - https:\/\/yoast.com\/product\/yoast-seo-premium-wordpress\/ -->\n<title>4 Bico Injetor Volvo T5 Xc60 S80 S60 V60 2.0 16v 31303495 0<\/title>\n<meta name=\"description\" content=\"Automotor Distribuidora &#8902; Endere\u00e7o: Rua da Trindade, 1064 - Cajuru - Curitiba - Paran\u00e1 &#8902; WhatsApp: (41) 3095-1942.\" \/>\n<meta name=\"robots\" content=\"index, follow, max-snippet:-1, max-image-preview:large, max-video-preview:-1\" \/>\n<link rel=\"canonical\" href=\"https:\/\/www.automotordistribuidora.com.br\/loja\/produtos\/4-bico-injetor-volvo-t5-xc60-s80-s60-v60-2-0-16v\/\" \/>\n<meta property=\"og:locale\" content=\"pt_BR\" \/>\n<meta property=\"og:type\" content=\"article\" \/>\n<meta property=\"og:title\" content=\"4 Bico Injetor Volvo T5 Xc60 S80 S60 V60 2.0 16v 31303495 0\" \/>\n<meta property=\"og:description\" content=\"Automotor Distribuidora &#8902; Endere\u00e7o: Rua da Trindade, 1064 - Cajuru - Curitiba - Paran\u00e1 &#8902; WhatsApp: (41) 3095-1942.\" \/>\n<meta property=\"og:url\" content=\"https:\/\/www.automotordistribuidora.com.br\/loja\/produtos\/4-bico-injetor-volvo-t5-xc60-s80-s60-v60-2-0-16v\/\" \/>\n<meta property=\"og:site_name\" content=\"Automotor Distribuidora\" \/>\n<meta property=\"article:publisher\" content=\"https:\/\/www.facebook.com\/automotordistribuidora\/\" \/>\n<meta property=\"article:modified_time\" content=\"2026-03-12T22:29:51+00:00\" \/>\n<meta property=\"og:image\" content=\"https:\/\/www.automotordistribuidora.com.br\/loja\/wp-content\/uploads\/2026\/03\/4-Bico-Injetor-Volvo-T5-Xc60-S80-S60-V60-2.0-16v-31303495-0.webp\" \/>\n\t<meta property=\"og:image:width\" content=\"459\" \/>\n\t<meta property=\"og:image:height\" content=\"500\" \/>\n\t<meta property=\"og:image:type\" content=\"image\/webp\" \/>\n<meta name=\"twitter:card\" content=\"summary_large_image\" \/>\n<meta name=\"twitter:label1\" content=\"Pre\u00e7o\" \/>\n\t<meta name=\"twitter:data1\" content=\"&#082;&#036;&nbsp;2.880,00\" \/>\n\t<meta name=\"twitter:label2\" content=\"Disponibilidade\" \/>\n\t<meta name=\"twitter:data2\" content=\"Em Estoque\" \/>\n<script type=\"application\/ld+json\" class=\"yoast-schema-graph\">{\"@context\":\"https:\/\/schema.org\",\"@graph\":[{\"@type\":\"WebPage\",\"@id\":\"https:\/\/www.automotordistribuidora.com.br\/loja\/produtos\/4-bico-injetor-volvo-t5-xc60-s80-s60-v60-2-0-16v\/\",\"url\":\"https:\/\/www.automotordistribuidora.com.br\/loja\/produtos\/4-bico-injetor-volvo-t5-xc60-s80-s60-v60-2-0-16v\/\",\"name\":\"4 Bico Injetor Volvo T5 Xc60 S80 S60 V60 2.0 16v 31303495 0\",\"isPartOf\":{\"@id\":\"https:\/\/www.automotordistribuidora.com.br\/loja\/#website\"},\"primaryImageOfPage\":{\"@id\":\"https:\/\/www.automotordistribuidora.com.br\/loja\/produtos\/4-bico-injetor-volvo-t5-xc60-s80-s60-v60-2-0-16v\/#primaryimage\"},\"image\":{\"@id\":\"https:\/\/www.automotordistribuidora.com.br\/loja\/produtos\/4-bico-injetor-volvo-t5-xc60-s80-s60-v60-2-0-16v\/#primaryimage\"},\"thumbnailUrl\":\"https:\/\/www.automotordistribuidora.com.br\/loja\/wp-content\/uploads\/2026\/03\/4-Bico-Injetor-Volvo-T5-Xc60-S80-S60-V60-2.0-16v-31303495-0.webp\",\"datePublished\":\"2026-03-03T17:59:19+00:00\",\"dateModified\":\"2026-03-12T22:29:51+00:00\",\"description\":\"Automotor Distribuidora &#8902; Endere\u00e7o: Rua da Trindade, 1064 - Cajuru - Curitiba - Paran\u00e1 &#8902; WhatsApp: (41) 3095-1942.\",\"breadcrumb\":{\"@id\":\"https:\/\/www.automotordistribuidora.com.br\/loja\/produtos\/4-bico-injetor-volvo-t5-xc60-s80-s60-v60-2-0-16v\/#breadcrumb\"},\"inLanguage\":\"pt-BR\",\"potentialAction\":[{\"@type\":\"ReadAction\",\"target\":[\"https:\/\/www.automotordistribuidora.com.br\/loja\/produtos\/4-bico-injetor-volvo-t5-xc60-s80-s60-v60-2-0-16v\/\"]}]},{\"@type\":\"ImageObject\",\"inLanguage\":\"pt-BR\",\"@id\":\"https:\/\/www.automotordistribuidora.com.br\/loja\/produtos\/4-bico-injetor-volvo-t5-xc60-s80-s60-v60-2-0-16v\/#primaryimage\",\"url\":\"https:\/\/www.automotordistribuidora.com.br\/loja\/wp-content\/uploads\/2026\/03\/4-Bico-Injetor-Volvo-T5-Xc60-S80-S60-V60-2.0-16v-31303495-0.webp\",\"contentUrl\":\"https:\/\/www.automotordistribuidora.com.br\/loja\/wp-content\/uploads\/2026\/03\/4-Bico-Injetor-Volvo-T5-Xc60-S80-S60-V60-2.0-16v-31303495-0.webp\",\"width\":459,\"height\":500,\"caption\":\"4 Bico Injetor Volvo T5 Xc60 S80 S60 V60 2.0 16v 31303495 0\"},{\"@type\":\"BreadcrumbList\",\"@id\":\"https:\/\/www.automotordistribuidora.com.br\/loja\/produtos\/4-bico-injetor-volvo-t5-xc60-s80-s60-v60-2-0-16v\/#breadcrumb\",\"itemListElement\":[{\"@type\":\"ListItem\",\"position\":1,\"name\":\"In\u00edcio\",\"item\":\"https:\/\/www.automotordistribuidora.com.br\/loja\/\"},{\"@type\":\"ListItem\",\"position\":2,\"name\":\"LOJA\",\"item\":\"https:\/\/www.automotordistribuidora.com.br\/loja\/\"},{\"@type\":\"ListItem\",\"position\":3,\"name\":\"4 Bico Injetor Volvo T5 Xc60 S80 S60 V60 2.0 16v 31303495 0\"}]},{\"@type\":\"WebSite\",\"@id\":\"https:\/\/www.automotordistribuidora.com.br\/loja\/#website\",\"url\":\"https:\/\/www.automotordistribuidora.com.br\/loja\/\",\"name\":\"Automotor Distribuidora\",\"description\":\"\",\"publisher\":{\"@id\":\"https:\/\/www.automotordistribuidora.com.br\/loja\/#organization\"},\"potentialAction\":[{\"@type\":\"SearchAction\",\"target\":{\"@type\":\"EntryPoint\",\"urlTemplate\":\"https:\/\/www.automotordistribuidora.com.br\/loja\/?s={search_term_string}\"},\"query-input\":{\"@type\":\"PropertyValueSpecification\",\"valueRequired\":true,\"valueName\":\"search_term_string\"}}],\"inLanguage\":\"pt-BR\"},{\"@type\":\"Organization\",\"@id\":\"https:\/\/www.automotordistribuidora.com.br\/loja\/#organization\",\"name\":\"Automotor Distribuidora\",\"url\":\"https:\/\/www.automotordistribuidora.com.br\/loja\/\",\"logo\":{\"@type\":\"ImageObject\",\"inLanguage\":\"pt-BR\",\"@id\":\"https:\/\/www.automotordistribuidora.com.br\/loja\/#\/schema\/logo\/image\/\",\"url\":\"https:\/\/www.automotordistribuidora.com.br\/loja\/wp-content\/uploads\/2026\/03\/03.jpg\",\"contentUrl\":\"https:\/\/www.automotordistribuidora.com.br\/loja\/wp-content\/uploads\/2026\/03\/03.jpg\",\"width\":2001,\"height\":2001,\"caption\":\"Automotor Distribuidora\"},\"image\":{\"@id\":\"https:\/\/www.automotordistribuidora.com.br\/loja\/#\/schema\/logo\/image\/\"},\"sameAs\":[\"https:\/\/www.facebook.com\/automotordistribuidora\/\",\"https:\/\/www.instagram.com\/automotor.distribuidora\/\"]}]}<\/script>\n<meta property=\"product:price:amount\" content=\"2880.00\" \/>\n<meta property=\"product:price:currency\" content=\"BRL\" \/>\n<meta property=\"og:availability\" content=\"instock\" \/>\n<meta property=\"product:availability\" content=\"instock\" \/>\n<meta property=\"product:condition\" content=\"new\" \/>\n<!-- \/ Yoast SEO Premium plugin. -->","yoast_head_json":{"title":"4 Bico Injetor Volvo T5 Xc60 S80 S60 V60 2.0 16v 31303495 0","description":"Automotor Distribuidora &#8902; Endere\u00e7o: Rua da Trindade, 1064 - Cajuru - Curitiba - Paran\u00e1 &#8902; WhatsApp: (41) 3095-1942.","robots":{"index":"index","follow":"follow","max-snippet":"max-snippet:-1","max-image-preview":"max-image-preview:large","max-video-preview":"max-video-preview:-1"},"canonical":"https:\/\/www.automotordistribuidora.com.br\/loja\/produtos\/4-bico-injetor-volvo-t5-xc60-s80-s60-v60-2-0-16v\/","og_locale":"pt_BR","og_type":"article","og_title":"4 Bico Injetor Volvo T5 Xc60 S80 S60 V60 2.0 16v 31303495 0","og_description":"Automotor Distribuidora &#8902; Endere\u00e7o: Rua da Trindade, 1064 - Cajuru - Curitiba - Paran\u00e1 &#8902; WhatsApp: (41) 3095-1942.","og_url":"https:\/\/www.automotordistribuidora.com.br\/loja\/produtos\/4-bico-injetor-volvo-t5-xc60-s80-s60-v60-2-0-16v\/","og_site_name":"Automotor Distribuidora","article_publisher":"https:\/\/www.facebook.com\/automotordistribuidora\/","article_modified_time":"2026-03-12T22:29:51+00:00","og_image":[{"width":459,"height":500,"url":"https:\/\/www.automotordistribuidora.com.br\/loja\/wp-content\/uploads\/2026\/03\/4-Bico-Injetor-Volvo-T5-Xc60-S80-S60-V60-2.0-16v-31303495-0.webp","type":"image\/webp"}],"twitter_card":"summary_large_image","twitter_misc":{"Pre\u00e7o":"&#82;&#36;&nbsp;2.880,00","Disponibilidade":"Em Estoque"},"schema":{"@context":"https:\/\/schema.org","@graph":[{"@type":"WebPage","@id":"https:\/\/www.automotordistribuidora.com.br\/loja\/produtos\/4-bico-injetor-volvo-t5-xc60-s80-s60-v60-2-0-16v\/","url":"https:\/\/www.automotordistribuidora.com.br\/loja\/produtos\/4-bico-injetor-volvo-t5-xc60-s80-s60-v60-2-0-16v\/","name":"4 Bico Injetor Volvo T5 Xc60 S80 S60 V60 2.0 16v 31303495 0","isPartOf":{"@id":"https:\/\/www.automotordistribuidora.com.br\/loja\/#website"},"primaryImageOfPage":{"@id":"https:\/\/www.automotordistribuidora.com.br\/loja\/produtos\/4-bico-injetor-volvo-t5-xc60-s80-s60-v60-2-0-16v\/#primaryimage"},"image":{"@id":"https:\/\/www.automotordistribuidora.com.br\/loja\/produtos\/4-bico-injetor-volvo-t5-xc60-s80-s60-v60-2-0-16v\/#primaryimage"},"thumbnailUrl":"https:\/\/www.automotordistribuidora.com.br\/loja\/wp-content\/uploads\/2026\/03\/4-Bico-Injetor-Volvo-T5-Xc60-S80-S60-V60-2.0-16v-31303495-0.webp","datePublished":"2026-03-03T17:59:19+00:00","dateModified":"2026-03-12T22:29:51+00:00","description":"Automotor Distribuidora &#8902; Endere\u00e7o: Rua da Trindade, 1064 - Cajuru - Curitiba - Paran\u00e1 &#8902; WhatsApp: (41) 3095-1942.","breadcrumb":{"@id":"https:\/\/www.automotordistribuidora.com.br\/loja\/produtos\/4-bico-injetor-volvo-t5-xc60-s80-s60-v60-2-0-16v\/#breadcrumb"},"inLanguage":"pt-BR","potentialAction":[{"@type":"ReadAction","target":["https:\/\/www.automotordistribuidora.com.br\/loja\/produtos\/4-bico-injetor-volvo-t5-xc60-s80-s60-v60-2-0-16v\/"]}]},{"@type":"ImageObject","inLanguage":"pt-BR","@id":"https:\/\/www.automotordistribuidora.com.br\/loja\/produtos\/4-bico-injetor-volvo-t5-xc60-s80-s60-v60-2-0-16v\/#primaryimage","url":"https:\/\/www.automotordistribuidora.com.br\/loja\/wp-content\/uploads\/2026\/03\/4-Bico-Injetor-Volvo-T5-Xc60-S80-S60-V60-2.0-16v-31303495-0.webp","contentUrl":"https:\/\/www.automotordistribuidora.com.br\/loja\/wp-content\/uploads\/2026\/03\/4-Bico-Injetor-Volvo-T5-Xc60-S80-S60-V60-2.0-16v-31303495-0.webp","width":459,"height":500,"caption":"4 Bico Injetor Volvo T5 Xc60 S80 S60 V60 2.0 16v 31303495 0"},{"@type":"BreadcrumbList","@id":"https:\/\/www.automotordistribuidora.com.br\/loja\/produtos\/4-bico-injetor-volvo-t5-xc60-s80-s60-v60-2-0-16v\/#breadcrumb","itemListElement":[{"@type":"ListItem","position":1,"name":"In\u00edcio","item":"https:\/\/www.automotordistribuidora.com.br\/loja\/"},{"@type":"ListItem","position":2,"name":"LOJA","item":"https:\/\/www.automotordistribuidora.com.br\/loja\/"},{"@type":"ListItem","position":3,"name":"4 Bico Injetor Volvo T5 Xc60 S80 S60 V60 2.0 16v 31303495 0"}]},{"@type":"WebSite","@id":"https:\/\/www.automotordistribuidora.com.br\/loja\/#website","url":"https:\/\/www.automotordistribuidora.com.br\/loja\/","name":"Automotor Distribuidora","description":"","publisher":{"@id":"https:\/\/www.automotordistribuidora.com.br\/loja\/#organization"},"potentialAction":[{"@type":"SearchAction","target":{"@type":"EntryPoint","urlTemplate":"https:\/\/www.automotordistribuidora.com.br\/loja\/?s={search_term_string}"},"query-input":{"@type":"PropertyValueSpecification","valueRequired":true,"valueName":"search_term_string"}}],"inLanguage":"pt-BR"},{"@type":"Organization","@id":"https:\/\/www.automotordistribuidora.com.br\/loja\/#organization","name":"Automotor Distribuidora","url":"https:\/\/www.automotordistribuidora.com.br\/loja\/","logo":{"@type":"ImageObject","inLanguage":"pt-BR","@id":"https:\/\/www.automotordistribuidora.com.br\/loja\/#\/schema\/logo\/image\/","url":"https:\/\/www.automotordistribuidora.com.br\/loja\/wp-content\/uploads\/2026\/03\/03.jpg","contentUrl":"https:\/\/www.automotordistribuidora.com.br\/loja\/wp-content\/uploads\/2026\/03\/03.jpg","width":2001,"height":2001,"caption":"Automotor Distribuidora"},"image":{"@id":"https:\/\/www.automotordistribuidora.com.br\/loja\/#\/schema\/logo\/image\/"},"sameAs":["https:\/\/www.facebook.com\/automotordistribuidora\/","https:\/\/www.instagram.com\/automotor.distribuidora\/"]}]},"product_price_amount":"2880.00","product_price_currency":"BRL","og_availability":"instock","product_availability":"instock","product_condition":"new"},"jetpack_sharing_enabled":true,"_links":{"self":[{"href":"https:\/\/www.automotordistribuidora.com.br\/loja\/wp-json\/wp\/v2\/product\/16320","targetHints":{"allow":["GET"]}}],"collection":[{"href":"https:\/\/www.automotordistribuidora.com.br\/loja\/wp-json\/wp\/v2\/product"}],"about":[{"href":"https:\/\/www.automotordistribuidora.com.br\/loja\/wp-json\/wp\/v2\/types\/product"}],"replies":[{"embeddable":true,"href":"https:\/\/www.automotordistribuidora.com.br\/loja\/wp-json\/wp\/v2\/comments?post=16320"}],"version-history":[{"count":1,"href":"https:\/\/www.automotordistribuidora.com.br\/loja\/wp-json\/wp\/v2\/product\/16320\/revisions"}],"predecessor-version":[{"id":16324,"href":"https:\/\/www.automotordistribuidora.com.br\/loja\/wp-json\/wp\/v2\/product\/16320\/revisions\/16324"}],"wp:featuredmedia":[{"embeddable":true,"href":"https:\/\/www.automotordistribuidora.com.br\/loja\/wp-json\/wp\/v2\/media\/16322"}],"wp:attachment":[{"href":"https:\/\/www.automotordistribuidora.com.br\/loja\/wp-json\/wp\/v2\/media?parent=16320"}],"wp:term":[{"taxonomy":"product_brand","embeddable":true,"href":"https:\/\/www.automotordistribuidora.com.br\/loja\/wp-json\/wp\/v2\/product_brand?post=16320"},{"taxonomy":"product_cat","embeddable":true,"href":"https:\/\/www.automotordistribuidora.com.br\/loja\/wp-json\/wp\/v2\/product_cat?post=16320"},{"taxonomy":"product_tag","embeddable":true,"href":"https:\/\/www.automotordistribuidora.com.br\/loja\/wp-json\/wp\/v2\/product_tag?post=16320"}],"curies":[{"name":"wp","href":"https:\/\/api.w.org\/{rel}","templated":true}]}}