{"id":16287,"date":"2026-03-02T21:38:51","date_gmt":"2026-03-03T00:38:51","guid":{"rendered":"https:\/\/www.automotordistribuidora.com.br\/loja\/?post_type=product&#038;p=16287"},"modified":"2026-03-03T01:46:28","modified_gmt":"2026-03-03T04:46:28","slug":"4un-bico-injetor-golf-polo-fox-gol-voyage-1-6flex-0280156403","status":"publish","type":"product","link":"https:\/\/www.automotordistribuidora.com.br\/loja\/produtos\/4un-bico-injetor-golf-polo-fox-gol-voyage-1-6flex-0280156403\/","title":{"rendered":"4un Bico Injetor Golf Polo Fox Gol Voyage 1.6flex 0280156403"},"content":{"rendered":"<p>Kit com 4 unidades Bico Injetor Golf Polo Fox Gol Voyage 1.6 Flex 0280156403<\/p>\n<p>APLICA\u00c7\u00c3O:<br \/>\nGOLF 1.6 2007 2008<br \/>\nPOLO 1.6 2007 2008<br \/>\nGOL G5 1.6 2008 2009 2010 2011 2012<br \/>\nGOL G6 1.6 2013 2014 2015 2016<br \/>\nFOX 1.6 8V 2008 2009<br \/>\nSAVEIRO G5 1.6 2009 2010 2011 2012 2013<br \/>\nSAVEIRO G6 1.6 2013 2014 2015 2016 2017<br \/>\nVOYAGE 1.6 2008 2009 2010 2011 2012 2013 2014 2015 2016 2017<\/p>\n<p>&#8211; N\u00c3O SERVE PARA SUBSTITUIR OS BICOS 0280156274 \/ 032906031H \/ 0280156399 \/ 032906031P<\/p>\n<p>&#8211; N\u00c3O COMPRE SEM ANTES COMPARAR NUMERA\u00c7\u00d5ES E FOTOS ENTRE NOSSAS PE\u00c7AS!<br \/>\nEM NOSSO AN\u00daNCIO CONSTAM NUMERA\u00c7\u00c3O E FOTOS DA PE\u00c7A JUSTAMENTE PARA COMPARA\u00c7\u00c3O ANTES DA COMPRA.<\/p>\n<p>&#8211; NUMERA\u00c7\u00d5ES IGUAIS, PECAS IGUAIS. NUMERA\u00c7\u00d5ES DIFERENTES, PE\u00c7AS DIFERENTES!<br \/>\nCASO NUMERA\u00c7\u00d5ES N\u00c3O SEJAM IGUAIS, A PE\u00c7A N\u00c3O SERVIR\u00c1!<\/p>\n<p>***ATEN\u00c7\u00c3O***<\/p>\n<p>RECOMENDAMOS QUE A INSTALA\u00c7\u00c3O SEJA FEITA POR UM PROFISSIONAL ESPECIALIZADO.<\/p>\n<p><strong>Garantia do vendedor: 3 meses<\/strong><\/p>\n<p>&nbsp;<\/p>\n<div class=\"ui-vpp-striped-specs\">\n<div class=\"ui-vpp-striped-specs__table\">\n<h3 class=\"ui-vpp-striped-specs__header\">Caracter\u00edsticas principais<\/h3>\n<table class=\"andes-table\">\n<tbody class=\"andes-table__body\">\n<tr class=\"andes-table__row ui-vpp-striped-specs__row\">\n<th class=\"andes-table__header andes-table__header--left ui-vpp-striped-specs__row__column ui-vpp-striped-specs__row__column--id\" scope=\"row\">\n<div class=\"andes-table__header__container\">Marca<\/div>\n<\/th>\n<td id=\"_R_2iule8l69tb6e_\" class=\"andes-table__column andes-table__column--left andes-table__column--vertical-align-center ui-vpp-striped-specs__row__column\"><span id=\"_R_2iule8l69tb6e_-value\" class=\"andes-table__column--value\">Bosch<\/span><\/td>\n<\/tr>\n<tr class=\"andes-table__row ui-vpp-striped-specs__row\">\n<th class=\"andes-table__header andes-table__header--left ui-vpp-striped-specs__row__column ui-vpp-striped-specs__row__column--id\" scope=\"row\">\n<div class=\"andes-table__header__container\">Modelo<\/div>\n<\/th>\n<td id=\"_R_2jele8l69tb6e_\" class=\"andes-table__column andes-table__column--left andes-table__column--vertical-align-center ui-vpp-striped-specs__row__column\"><span id=\"_R_2jele8l69tb6e_-value\" class=\"andes-table__column--value\">Volkswagen<\/span><\/td>\n<\/tr>\n<tr class=\"andes-table__row ui-vpp-striped-specs__row\">\n<th class=\"andes-table__header andes-table__header--left ui-vpp-striped-specs__row__column ui-vpp-striped-specs__row__column--id\" scope=\"row\">\n<div class=\"andes-table__header__container\">N\u00famero de pe\u00e7a<\/div>\n<\/th>\n<td id=\"_R_2jule8l69tb6e_\" class=\"andes-table__column andes-table__column--left andes-table__column--vertical-align-center ui-vpp-striped-specs__row__column\"><span id=\"_R_2jule8l69tb6e_-value\" class=\"andes-table__column--value\">0280156403<\/span><\/td>\n<\/tr>\n<\/tbody>\n<\/table>\n<\/div>\n<\/div>\n<div class=\"ui-vpp-striped-specs\">\n<div class=\"ui-vpp-striped-specs__table\">\n<h3 class=\"ui-vpp-striped-specs__header\">Dimens\u00f5es<\/h3>\n<table class=\"andes-table\">\n<tbody class=\"andes-table__body\">\n<tr class=\"andes-table__row ui-vpp-striped-specs__row\">\n<th class=\"andes-table__header andes-table__header--left ui-vpp-striped-specs__row__column ui-vpp-striped-specs__row__column--id\" scope=\"row\">\n<div class=\"andes-table__header__container\">Largura<\/div>\n<\/th>\n<td id=\"_R_2jspe8l69tb6e_\" class=\"andes-table__column andes-table__column--left andes-table__column--vertical-align-center ui-vpp-striped-specs__row__column\"><span id=\"_R_2jspe8l69tb6e_-value\" class=\"andes-table__column--value\">3,6 cm<\/span><\/td>\n<\/tr>\n<\/tbody>\n<\/table>\n<\/div>\n<div class=\"ui-vpp-striped-specs__table\">\n<h3 class=\"ui-vpp-striped-specs__header\">Outros<\/h3>\n<table class=\"andes-table\">\n<tbody class=\"andes-table__body\">\n<tr class=\"andes-table__row ui-vpp-striped-specs__row\">\n<th class=\"andes-table__header andes-table__header--left ui-vpp-striped-specs__row__column ui-vpp-striped-specs__row__column--id\" scope=\"row\">\n<div class=\"andes-table__header__container\">Tipo de ve\u00edculo<\/div>\n<\/th>\n<td id=\"_R_a9t9e8l69tb6e_\" class=\"andes-table__column andes-table__column--left andes-table__column--vertical-align-center ui-vpp-striped-specs__row__column\"><span id=\"_R_a9t9e8l69tb6e_-value\" class=\"andes-table__column--value\">Carro\/Caminhonete<\/span><\/td>\n<\/tr>\n<tr class=\"andes-table__row ui-vpp-striped-specs__row\">\n<th class=\"andes-table__header andes-table__header--left ui-vpp-striped-specs__row__column ui-vpp-striped-specs__row__column--id\" scope=\"row\">\n<div class=\"andes-table__header__container\">Tipo de inje\u00e7\u00e3o<\/div>\n<\/th>\n<td id=\"_R_aat9e8l69tb6e_\" class=\"andes-table__column andes-table__column--left andes-table__column--vertical-align-center ui-vpp-striped-specs__row__column\"><span id=\"_R_aat9e8l69tb6e_-value\" class=\"andes-table__column--value\">Multiponto<\/span><\/td>\n<\/tr>\n<tr class=\"andes-table__row ui-vpp-striped-specs__row\">\n<th class=\"andes-table__header andes-table__header--left ui-vpp-striped-specs__row__column ui-vpp-striped-specs__row__column--id\" scope=\"row\">\n<div class=\"andes-table__header__container\">Tipo de combust\u00edvel<\/div>\n<\/th>\n<td id=\"_R_abt9e8l69tb6e_\" class=\"andes-table__column andes-table__column--left andes-table__column--vertical-align-center ui-vpp-striped-specs__row__column\"><span id=\"_R_abt9e8l69tb6e_-value\" class=\"andes-table__column--value\">Gasolina<\/span><\/td>\n<\/tr>\n<tr class=\"andes-table__row ui-vpp-striped-specs__row\">\n<th class=\"andes-table__header andes-table__header--left ui-vpp-striped-specs__row__column ui-vpp-striped-specs__row__column--id\" scope=\"row\">\n<div class=\"andes-table__header__container\">Origem<\/div>\n<\/th>\n<td id=\"_R_act9e8l69tb6e_\" class=\"andes-table__column andes-table__column--left andes-table__column--vertical-align-center ui-vpp-striped-specs__row__column\"><span id=\"_R_act9e8l69tb6e_-value\" class=\"andes-table__column--value\">Brasil<\/span><\/td>\n<\/tr>\n<tr class=\"andes-table__row ui-vpp-striped-specs__row\">\n<th class=\"andes-table__header andes-table__header--left ui-vpp-striped-specs__row__column ui-vpp-striped-specs__row__column--id\" scope=\"row\">\n<div class=\"andes-table__header__container\">\u00c9 kit<\/div>\n<\/th>\n<td id=\"_R_adt9e8l69tb6e_\" class=\"andes-table__column andes-table__column--left andes-table__column--vertical-align-center ui-vpp-striped-specs__row__column\"><span id=\"_R_adt9e8l69tb6e_-value\" class=\"andes-table__column--value\">N\u00e3o<\/span><\/td>\n<\/tr>\n<\/tbody>\n<\/table>\n<\/div>\n<\/div>\n","protected":false},"excerpt":{"rendered":"<p>\u2022 Conjunto com 4 unidades de bicos injetores refer\u00eancia 0280156403.<br data-start=\"686\" data-end=\"689\" \/>\u2022 Compat\u00edvel com VW: Golf, Polo, Fox, Gol, Voyage 1.6 Flex (1.6 8v).<br data-start=\"761\" data-end=\"764\" \/>\u2022 Projetados para fornecer a quantidade ideal de combust\u00edvel por cilindro, garantindo desempenho, economia e resposta do motor.<br data-start=\"891\" data-end=\"894\" \/>\u2022 Alta precis\u00e3o e atomiza\u00e7\u00e3o, resist\u00eancia ao uso em etanol\/gasolina (Flex).<\/p>\n","protected":false},"featured_media":16300,"comment_status":"open","ping_status":"closed","template":"","meta":[],"product_brand":[],"product_cat":[282],"product_tag":[294,283,284,289,290,287,288,291,286,295,292,296,299,285,297,293,298],"class_list":{"0":"post-16287","1":"product","2":"type-product","3":"status-publish","4":"has-post-thumbnail","6":"product_cat-bicos-injetores","7":"product_tag-autopecas-volkswagen","8":"product_tag-bico-injetor","9":"product_tag-bico-injetor-0280156403","10":"product_tag-bico-injetor-fox","11":"product_tag-bico-injetor-gol","12":"product_tag-bico-injetor-golf","13":"product_tag-bico-injetor-polo","14":"product_tag-bico-injetor-voyage","15":"product_tag-bico-injetor-vw-1-6","16":"product_tag-conjunto-bicos-injetores","17":"product_tag-injecao-eletronica-vw","18":"product_tag-injetor-combustivel","19":"product_tag-injetores-originais","20":"product_tag-kit-4-bicos-injetores","21":"product_tag-manutencao-injecao","22":"product_tag-pecas-injecao-flex","23":"product_tag-reparo-motor-vw","25":"first","26":"instock","27":"shipping-taxable","28":"purchasable","29":"product-type-simple"},"yoast_head":"<!-- This site is optimized with the Yoast SEO Premium plugin v26.9 (Yoast SEO v27.1.1) - https:\/\/yoast.com\/product\/yoast-seo-premium-wordpress\/ -->\n<title>4un Bico Injetor Golf Polo Fox Gol Voyage 1.6flex 0280156403<\/title>\n<meta name=\"description\" content=\"Automotor Distribuidora &#8902; Endere\u00e7o: Rua da Trindade, 1064 - Cajuru - Curitiba - Paran\u00e1 &#8902; WhatsApp: (41) 3095-1942.\" \/>\n<meta name=\"robots\" content=\"index, follow, max-snippet:-1, max-image-preview:large, max-video-preview:-1\" \/>\n<link rel=\"canonical\" href=\"https:\/\/www.automotordistribuidora.com.br\/loja\/produtos\/4un-bico-injetor-golf-polo-fox-gol-voyage-1-6flex-0280156403\/\" \/>\n<meta property=\"og:locale\" content=\"pt_BR\" \/>\n<meta property=\"og:type\" content=\"article\" \/>\n<meta property=\"og:title\" content=\"4un Bico Injetor Golf Polo Fox Gol Voyage 1.6flex 0280156403\" \/>\n<meta property=\"og:description\" content=\"Automotor Distribuidora &#8902; Endere\u00e7o: Rua da Trindade, 1064 - Cajuru - Curitiba - Paran\u00e1 &#8902; WhatsApp: (41) 3095-1942.\" \/>\n<meta property=\"og:url\" content=\"https:\/\/www.automotordistribuidora.com.br\/loja\/produtos\/4un-bico-injetor-golf-polo-fox-gol-voyage-1-6flex-0280156403\/\" \/>\n<meta property=\"og:site_name\" content=\"Automotor Distribuidora\" \/>\n<meta property=\"article:publisher\" content=\"https:\/\/www.facebook.com\/automotordistribuidora\/\" \/>\n<meta property=\"article:modified_time\" content=\"2026-03-03T04:46:28+00:00\" \/>\n<meta property=\"og:image\" content=\"https:\/\/www.automotordistribuidora.com.br\/loja\/wp-content\/uploads\/2026\/03\/4-un-Bico-Injetor-Volkswagen-Golf-Polo.webp\" \/>\n\t<meta property=\"og:image:width\" content=\"500\" \/>\n\t<meta property=\"og:image:height\" content=\"494\" \/>\n\t<meta property=\"og:image:type\" content=\"image\/webp\" \/>\n<meta name=\"twitter:card\" content=\"summary_large_image\" \/>\n<meta name=\"twitter:label1\" content=\"Pre\u00e7o\" \/>\n\t<meta name=\"twitter:data1\" content=\"&#082;&#036;&nbsp;456,00\" \/>\n\t<meta name=\"twitter:label2\" content=\"Disponibilidade\" \/>\n\t<meta name=\"twitter:data2\" content=\"Em Estoque\" \/>\n<script type=\"application\/ld+json\" class=\"yoast-schema-graph\">{\"@context\":\"https:\/\/schema.org\",\"@graph\":[{\"@type\":\"WebPage\",\"@id\":\"https:\/\/www.automotordistribuidora.com.br\/loja\/produtos\/4un-bico-injetor-golf-polo-fox-gol-voyage-1-6flex-0280156403\/\",\"url\":\"https:\/\/www.automotordistribuidora.com.br\/loja\/produtos\/4un-bico-injetor-golf-polo-fox-gol-voyage-1-6flex-0280156403\/\",\"name\":\"4un Bico Injetor Golf Polo Fox Gol Voyage 1.6flex 0280156403\",\"isPartOf\":{\"@id\":\"https:\/\/www.automotordistribuidora.com.br\/loja\/#website\"},\"primaryImageOfPage\":{\"@id\":\"https:\/\/www.automotordistribuidora.com.br\/loja\/produtos\/4un-bico-injetor-golf-polo-fox-gol-voyage-1-6flex-0280156403\/#primaryimage\"},\"image\":{\"@id\":\"https:\/\/www.automotordistribuidora.com.br\/loja\/produtos\/4un-bico-injetor-golf-polo-fox-gol-voyage-1-6flex-0280156403\/#primaryimage\"},\"thumbnailUrl\":\"https:\/\/www.automotordistribuidora.com.br\/loja\/wp-content\/uploads\/2026\/03\/4-un-Bico-Injetor-Volkswagen-Golf-Polo.webp\",\"datePublished\":\"2026-03-03T00:38:51+00:00\",\"dateModified\":\"2026-03-03T04:46:28+00:00\",\"description\":\"Automotor Distribuidora &#8902; Endere\u00e7o: Rua da Trindade, 1064 - Cajuru - Curitiba - Paran\u00e1 &#8902; WhatsApp: (41) 3095-1942.\",\"breadcrumb\":{\"@id\":\"https:\/\/www.automotordistribuidora.com.br\/loja\/produtos\/4un-bico-injetor-golf-polo-fox-gol-voyage-1-6flex-0280156403\/#breadcrumb\"},\"inLanguage\":\"pt-BR\",\"potentialAction\":[{\"@type\":\"ReadAction\",\"target\":[\"https:\/\/www.automotordistribuidora.com.br\/loja\/produtos\/4un-bico-injetor-golf-polo-fox-gol-voyage-1-6flex-0280156403\/\"]}]},{\"@type\":\"ImageObject\",\"inLanguage\":\"pt-BR\",\"@id\":\"https:\/\/www.automotordistribuidora.com.br\/loja\/produtos\/4un-bico-injetor-golf-polo-fox-gol-voyage-1-6flex-0280156403\/#primaryimage\",\"url\":\"https:\/\/www.automotordistribuidora.com.br\/loja\/wp-content\/uploads\/2026\/03\/4-un-Bico-Injetor-Volkswagen-Golf-Polo.webp\",\"contentUrl\":\"https:\/\/www.automotordistribuidora.com.br\/loja\/wp-content\/uploads\/2026\/03\/4-un-Bico-Injetor-Volkswagen-Golf-Polo.webp\",\"width\":500,\"height\":494,\"caption\":\"4 un Bico Injetor Volkswagen Golf Polo\"},{\"@type\":\"BreadcrumbList\",\"@id\":\"https:\/\/www.automotordistribuidora.com.br\/loja\/produtos\/4un-bico-injetor-golf-polo-fox-gol-voyage-1-6flex-0280156403\/#breadcrumb\",\"itemListElement\":[{\"@type\":\"ListItem\",\"position\":1,\"name\":\"In\u00edcio\",\"item\":\"https:\/\/www.automotordistribuidora.com.br\/loja\/\"},{\"@type\":\"ListItem\",\"position\":2,\"name\":\"LOJA\",\"item\":\"https:\/\/www.automotordistribuidora.com.br\/loja\/\"},{\"@type\":\"ListItem\",\"position\":3,\"name\":\"4un Bico Injetor Golf Polo Fox Gol Voyage 1.6flex 0280156403\"}]},{\"@type\":\"WebSite\",\"@id\":\"https:\/\/www.automotordistribuidora.com.br\/loja\/#website\",\"url\":\"https:\/\/www.automotordistribuidora.com.br\/loja\/\",\"name\":\"Automotor Distribuidora\",\"description\":\"\",\"publisher\":{\"@id\":\"https:\/\/www.automotordistribuidora.com.br\/loja\/#organization\"},\"potentialAction\":[{\"@type\":\"SearchAction\",\"target\":{\"@type\":\"EntryPoint\",\"urlTemplate\":\"https:\/\/www.automotordistribuidora.com.br\/loja\/?s={search_term_string}\"},\"query-input\":{\"@type\":\"PropertyValueSpecification\",\"valueRequired\":true,\"valueName\":\"search_term_string\"}}],\"inLanguage\":\"pt-BR\"},{\"@type\":\"Organization\",\"@id\":\"https:\/\/www.automotordistribuidora.com.br\/loja\/#organization\",\"name\":\"Automotor Distribuidora\",\"url\":\"https:\/\/www.automotordistribuidora.com.br\/loja\/\",\"logo\":{\"@type\":\"ImageObject\",\"inLanguage\":\"pt-BR\",\"@id\":\"https:\/\/www.automotordistribuidora.com.br\/loja\/#\/schema\/logo\/image\/\",\"url\":\"https:\/\/www.automotordistribuidora.com.br\/loja\/wp-content\/uploads\/2026\/03\/03.jpg\",\"contentUrl\":\"https:\/\/www.automotordistribuidora.com.br\/loja\/wp-content\/uploads\/2026\/03\/03.jpg\",\"width\":2001,\"height\":2001,\"caption\":\"Automotor Distribuidora\"},\"image\":{\"@id\":\"https:\/\/www.automotordistribuidora.com.br\/loja\/#\/schema\/logo\/image\/\"},\"sameAs\":[\"https:\/\/www.facebook.com\/automotordistribuidora\/\",\"https:\/\/www.instagram.com\/automotor.distribuidora\/\"]}]}<\/script>\n<meta property=\"product:price:amount\" content=\"456.00\" \/>\n<meta property=\"product:price:currency\" content=\"BRL\" \/>\n<meta property=\"og:availability\" content=\"instock\" \/>\n<meta property=\"product:availability\" content=\"instock\" \/>\n<meta property=\"product:condition\" content=\"new\" \/>\n<!-- \/ Yoast SEO Premium plugin. -->","yoast_head_json":{"title":"4un Bico Injetor Golf Polo Fox Gol Voyage 1.6flex 0280156403","description":"Automotor Distribuidora &#8902; Endere\u00e7o: Rua da Trindade, 1064 - Cajuru - Curitiba - Paran\u00e1 &#8902; WhatsApp: (41) 3095-1942.","robots":{"index":"index","follow":"follow","max-snippet":"max-snippet:-1","max-image-preview":"max-image-preview:large","max-video-preview":"max-video-preview:-1"},"canonical":"https:\/\/www.automotordistribuidora.com.br\/loja\/produtos\/4un-bico-injetor-golf-polo-fox-gol-voyage-1-6flex-0280156403\/","og_locale":"pt_BR","og_type":"article","og_title":"4un Bico Injetor Golf Polo Fox Gol Voyage 1.6flex 0280156403","og_description":"Automotor Distribuidora &#8902; Endere\u00e7o: Rua da Trindade, 1064 - Cajuru - Curitiba - Paran\u00e1 &#8902; WhatsApp: (41) 3095-1942.","og_url":"https:\/\/www.automotordistribuidora.com.br\/loja\/produtos\/4un-bico-injetor-golf-polo-fox-gol-voyage-1-6flex-0280156403\/","og_site_name":"Automotor Distribuidora","article_publisher":"https:\/\/www.facebook.com\/automotordistribuidora\/","article_modified_time":"2026-03-03T04:46:28+00:00","og_image":[{"width":500,"height":494,"url":"https:\/\/www.automotordistribuidora.com.br\/loja\/wp-content\/uploads\/2026\/03\/4-un-Bico-Injetor-Volkswagen-Golf-Polo.webp","type":"image\/webp"}],"twitter_card":"summary_large_image","twitter_misc":{"Pre\u00e7o":"&#82;&#36;&nbsp;456,00","Disponibilidade":"Em Estoque"},"schema":{"@context":"https:\/\/schema.org","@graph":[{"@type":"WebPage","@id":"https:\/\/www.automotordistribuidora.com.br\/loja\/produtos\/4un-bico-injetor-golf-polo-fox-gol-voyage-1-6flex-0280156403\/","url":"https:\/\/www.automotordistribuidora.com.br\/loja\/produtos\/4un-bico-injetor-golf-polo-fox-gol-voyage-1-6flex-0280156403\/","name":"4un Bico Injetor Golf Polo Fox Gol Voyage 1.6flex 0280156403","isPartOf":{"@id":"https:\/\/www.automotordistribuidora.com.br\/loja\/#website"},"primaryImageOfPage":{"@id":"https:\/\/www.automotordistribuidora.com.br\/loja\/produtos\/4un-bico-injetor-golf-polo-fox-gol-voyage-1-6flex-0280156403\/#primaryimage"},"image":{"@id":"https:\/\/www.automotordistribuidora.com.br\/loja\/produtos\/4un-bico-injetor-golf-polo-fox-gol-voyage-1-6flex-0280156403\/#primaryimage"},"thumbnailUrl":"https:\/\/www.automotordistribuidora.com.br\/loja\/wp-content\/uploads\/2026\/03\/4-un-Bico-Injetor-Volkswagen-Golf-Polo.webp","datePublished":"2026-03-03T00:38:51+00:00","dateModified":"2026-03-03T04:46:28+00:00","description":"Automotor Distribuidora &#8902; Endere\u00e7o: Rua da Trindade, 1064 - Cajuru - Curitiba - Paran\u00e1 &#8902; WhatsApp: (41) 3095-1942.","breadcrumb":{"@id":"https:\/\/www.automotordistribuidora.com.br\/loja\/produtos\/4un-bico-injetor-golf-polo-fox-gol-voyage-1-6flex-0280156403\/#breadcrumb"},"inLanguage":"pt-BR","potentialAction":[{"@type":"ReadAction","target":["https:\/\/www.automotordistribuidora.com.br\/loja\/produtos\/4un-bico-injetor-golf-polo-fox-gol-voyage-1-6flex-0280156403\/"]}]},{"@type":"ImageObject","inLanguage":"pt-BR","@id":"https:\/\/www.automotordistribuidora.com.br\/loja\/produtos\/4un-bico-injetor-golf-polo-fox-gol-voyage-1-6flex-0280156403\/#primaryimage","url":"https:\/\/www.automotordistribuidora.com.br\/loja\/wp-content\/uploads\/2026\/03\/4-un-Bico-Injetor-Volkswagen-Golf-Polo.webp","contentUrl":"https:\/\/www.automotordistribuidora.com.br\/loja\/wp-content\/uploads\/2026\/03\/4-un-Bico-Injetor-Volkswagen-Golf-Polo.webp","width":500,"height":494,"caption":"4 un Bico Injetor Volkswagen Golf Polo"},{"@type":"BreadcrumbList","@id":"https:\/\/www.automotordistribuidora.com.br\/loja\/produtos\/4un-bico-injetor-golf-polo-fox-gol-voyage-1-6flex-0280156403\/#breadcrumb","itemListElement":[{"@type":"ListItem","position":1,"name":"In\u00edcio","item":"https:\/\/www.automotordistribuidora.com.br\/loja\/"},{"@type":"ListItem","position":2,"name":"LOJA","item":"https:\/\/www.automotordistribuidora.com.br\/loja\/"},{"@type":"ListItem","position":3,"name":"4un Bico Injetor Golf Polo Fox Gol Voyage 1.6flex 0280156403"}]},{"@type":"WebSite","@id":"https:\/\/www.automotordistribuidora.com.br\/loja\/#website","url":"https:\/\/www.automotordistribuidora.com.br\/loja\/","name":"Automotor Distribuidora","description":"","publisher":{"@id":"https:\/\/www.automotordistribuidora.com.br\/loja\/#organization"},"potentialAction":[{"@type":"SearchAction","target":{"@type":"EntryPoint","urlTemplate":"https:\/\/www.automotordistribuidora.com.br\/loja\/?s={search_term_string}"},"query-input":{"@type":"PropertyValueSpecification","valueRequired":true,"valueName":"search_term_string"}}],"inLanguage":"pt-BR"},{"@type":"Organization","@id":"https:\/\/www.automotordistribuidora.com.br\/loja\/#organization","name":"Automotor Distribuidora","url":"https:\/\/www.automotordistribuidora.com.br\/loja\/","logo":{"@type":"ImageObject","inLanguage":"pt-BR","@id":"https:\/\/www.automotordistribuidora.com.br\/loja\/#\/schema\/logo\/image\/","url":"https:\/\/www.automotordistribuidora.com.br\/loja\/wp-content\/uploads\/2026\/03\/03.jpg","contentUrl":"https:\/\/www.automotordistribuidora.com.br\/loja\/wp-content\/uploads\/2026\/03\/03.jpg","width":2001,"height":2001,"caption":"Automotor Distribuidora"},"image":{"@id":"https:\/\/www.automotordistribuidora.com.br\/loja\/#\/schema\/logo\/image\/"},"sameAs":["https:\/\/www.facebook.com\/automotordistribuidora\/","https:\/\/www.instagram.com\/automotor.distribuidora\/"]}]},"product_price_amount":"456.00","product_price_currency":"BRL","og_availability":"instock","product_availability":"instock","product_condition":"new"},"jetpack_sharing_enabled":true,"_links":{"self":[{"href":"https:\/\/www.automotordistribuidora.com.br\/loja\/wp-json\/wp\/v2\/product\/16287","targetHints":{"allow":["GET"]}}],"collection":[{"href":"https:\/\/www.automotordistribuidora.com.br\/loja\/wp-json\/wp\/v2\/product"}],"about":[{"href":"https:\/\/www.automotordistribuidora.com.br\/loja\/wp-json\/wp\/v2\/types\/product"}],"replies":[{"embeddable":true,"href":"https:\/\/www.automotordistribuidora.com.br\/loja\/wp-json\/wp\/v2\/comments?post=16287"}],"version-history":[{"count":1,"href":"https:\/\/www.automotordistribuidora.com.br\/loja\/wp-json\/wp\/v2\/product\/16287\/revisions"}],"predecessor-version":[{"id":16291,"href":"https:\/\/www.automotordistribuidora.com.br\/loja\/wp-json\/wp\/v2\/product\/16287\/revisions\/16291"}],"wp:featuredmedia":[{"embeddable":true,"href":"https:\/\/www.automotordistribuidora.com.br\/loja\/wp-json\/wp\/v2\/media\/16300"}],"wp:attachment":[{"href":"https:\/\/www.automotordistribuidora.com.br\/loja\/wp-json\/wp\/v2\/media?parent=16287"}],"wp:term":[{"taxonomy":"product_brand","embeddable":true,"href":"https:\/\/www.automotordistribuidora.com.br\/loja\/wp-json\/wp\/v2\/product_brand?post=16287"},{"taxonomy":"product_cat","embeddable":true,"href":"https:\/\/www.automotordistribuidora.com.br\/loja\/wp-json\/wp\/v2\/product_cat?post=16287"},{"taxonomy":"product_tag","embeddable":true,"href":"https:\/\/www.automotordistribuidora.com.br\/loja\/wp-json\/wp\/v2\/product_tag?post=16287"}],"curies":[{"name":"wp","href":"https:\/\/api.w.org\/{rel}","templated":true}]}}