{"id":16235,"date":"2026-03-02T15:50:34","date_gmt":"2026-03-02T18:50:34","guid":{"rendered":"https:\/\/www.automotordistribuidora.com.br\/loja\/?post_type=product&#038;p=16235"},"modified":"2026-03-12T19:31:29","modified_gmt":"2026-03-12T22:31:29","slug":"aditivo-biocida-diesel-puridiesel-extra-power","status":"publish","type":"product","link":"https:\/\/www.automotordistribuidora.com.br\/loja\/produtos\/aditivo-biocida-diesel-puridiesel-extra-power\/","title":{"rendered":"Aditivo Biocida Diesel Puridiesel Extra Power 1L Combate Fungos Bact\u00e9rias"},"content":{"rendered":"<p><strong>O QUE \u00c9 O BIOCIDA PARA \u00d3LEO DIESEL EXTRA POWER BIOCIDE?<\/strong><\/p>\n<p>EXTRA POWER BIOCIDE \u00e9 um aditivo multifuncional para Diesel com a\u00e7\u00e3o bactericida de formula\u00e7\u00e3o avan\u00e7ada, desenvolvido para solucionar os problemas nos tanques de armazenamento de combust\u00edvel de forma corretiva e preventiva, eliminando col\u00f4nias de bact\u00e9rias, fungos e leveduras, principais causadoras de borras no fundo de tanques.<\/p>\n<p><strong>DOSES DE APLICA\u00c7\u00c3O:<\/strong><br \/>\n*Para tratamento somente contra a forma\u00e7\u00e3o e elimina\u00e7\u00e3o de bact\u00e9rias, fungos e leveduras pode ser aplicado por per\u00edodo trimestral ou semestral;<\/p>\n<p>*Para tratamento multifuncional de a\u00e7\u00f5es como bactericida, controle de umidade e efeito detergente, realizar a aplica\u00e7\u00e3o a cada novo descarregamento no tanque reservat\u00f3rio ou tanque de abastecimento do ve\u00edculo ou equipamento.<\/p>\n<p><strong>COMO FUNCIONA O BIOCIDA PARA \u00d3LEO DIESEL EXTRA POWER BIOCIDE?<\/strong><\/p>\n<p>Biocida para \u00d3leo Diesel Extra Power Biocide age quimicamente nos microrganismos j\u00e1 presentes no combust\u00edvel, sem alterar suas caracter\u00edsticas, e dispersa a \u00e1gua do processo de condensa\u00e7\u00e3o, fen\u00f4meno natural a partir do qual se inicia o processo de contamina\u00e7\u00e3o.<\/p>\n<p>Estes microrganismos se alimentam do pr\u00f3prio \u00f3leo diesel, originando um material com aspecto de lama, de cor marrom ou escura, denominado borra, formando col\u00f4nias de bact\u00e9rias, fungos e leveduras.<\/p>\n<p>Al\u00e9m da borra, s\u00e3o gerados \u00e1cidos org\u00e2nicos, \u00e1lcoois e \u00e9steres devido \u00e0 sua decomposi\u00e7\u00e3o.<\/p>\n<p>A aplica\u00e7\u00e3o de Extra Power Biocide no \u00f3leo diesel e uma boa gest\u00e3o de armazenagem, evita a contamina\u00e7\u00e3o e degrada\u00e7\u00e3o do combust\u00edvel em tanques fixos e m\u00f3veis, melhorando a estabilidade do \u00f3leo diesel e proporcionando excelentes benef\u00edcios.<\/p>\n<p><strong>QUAIS AS VANTAGENS E BENEF\u00cdCIOS DO DIESEL TRATADO COM EXTRA POWER BIOCIDE?<\/strong><\/p>\n<ul>\n<li>Elimina e evita o reaparecimento de microrganismos, bact\u00e9rias, fungos e levedura.<\/li>\n<li>Dispersa a \u00e1gua j\u00e1 emulsionada no combust\u00edvel e trata novas forma\u00e7\u00f5es.<\/li>\n<li>Reduz o consumo da solu\u00e7\u00e3o catal\u00edtica (Arla 32).<\/li>\n<li>Melhora, estabiliza a lubricidade e a taxa t\u00e9rmica e oxidativa do combust\u00edvel.<\/li>\n<li>Restabelece e mant\u00e9m a economia de combust\u00edvel.<\/li>\n<li>Melhora a partida a frio em baixas temperaturas.<\/li>\n<li>Limpa e previne a forma\u00e7\u00e3o de dep\u00f3sitos carbonosos nos injetores com sua a\u00e7\u00e3o detergente.<\/li>\n<li>Previne o entupimento prematuro dos filtros, mantendo sua vida \u00fatil.<\/li>\n<li>Melhora a combust\u00e3o reduzindo a emiss\u00e3o de particulados na atmosfera.<\/li>\n<li>Previne a corros\u00e3o de todos os componentes do sistema de inje\u00e7\u00e3o.<\/li>\n<\/ul>\n<p>Para manuten\u00e7\u00e3o de uso cont\u00ednuo do combust\u00edvel, aplicar 1 litro em at\u00e9 4.000 litros de \u00f3leo diesel.<\/p>\n<p>Para tratamento de longo per\u00edodo de armazenamento (seis meses), adicionar 1 litro em at\u00e9 2.000 litros de \u00f3leo diesel, (uma \u00fanica aplica\u00e7\u00e3o).<\/p>\n<p>Para tratamento de choque, adicionar 1 litro em at\u00e9 1.000 litros de \u00f3leo diesel, (uma \u00fanica aplica\u00e7\u00e3o).<\/p>\n<p>&nbsp;<\/p>\n<div class=\"ui-vpp-striped-specs\">\n<div class=\"ui-vpp-striped-specs__table\">\n<h3 class=\"ui-vpp-striped-specs__header\">Caracter\u00edsticas principais<\/h3>\n<table class=\"andes-table\">\n<tbody class=\"andes-table__body\">\n<tr class=\"andes-table__row ui-vpp-striped-specs__row\">\n<th class=\"andes-table__header andes-table__header--left ui-vpp-striped-specs__row__column ui-vpp-striped-specs__row__column--id\" scope=\"row\">\n<div class=\"andes-table__header__container\">Marca<\/div>\n<\/th>\n<td id=\"_R_2iule8l69tb6e_\" class=\"andes-table__column andes-table__column--left andes-table__column--vertical-align-center ui-vpp-striped-specs__row__column\"><span id=\"_R_2iule8l69tb6e_-value\" class=\"andes-table__column--value\">puridiesel<\/span><\/td>\n<\/tr>\n<tr class=\"andes-table__row ui-vpp-striped-specs__row\">\n<th class=\"andes-table__header andes-table__header--left ui-vpp-striped-specs__row__column ui-vpp-striped-specs__row__column--id\" scope=\"row\">\n<div class=\"andes-table__header__container\">Modelo<\/div>\n<\/th>\n<td id=\"_R_2jele8l69tb6e_\" class=\"andes-table__column andes-table__column--left andes-table__column--vertical-align-center ui-vpp-striped-specs__row__column\"><span id=\"_R_2jele8l69tb6e_-value\" class=\"andes-table__column--value\">Diesel Cleaner<\/span><\/td>\n<\/tr>\n<tr class=\"andes-table__row ui-vpp-striped-specs__row\">\n<th class=\"andes-table__header andes-table__header--left ui-vpp-striped-specs__row__column ui-vpp-striped-specs__row__column--id\" scope=\"row\">\n<div class=\"andes-table__header__container\">Volume da unidade<\/div>\n<\/th>\n<td id=\"_R_2jule8l69tb6e_\" class=\"andes-table__column andes-table__column--left andes-table__column--vertical-align-center ui-vpp-striped-specs__row__column\"><span id=\"_R_2jule8l69tb6e_-value\" class=\"andes-table__column--value\">1 L<\/span><\/td>\n<\/tr>\n<\/tbody>\n<\/table>\n<\/div>\n<\/div>\n<div class=\"ui-vpp-striped-specs\">\n<div class=\"ui-vpp-striped-specs__table\">\n<h3 class=\"ui-vpp-striped-specs__header\">Outros<\/h3>\n<table class=\"andes-table\">\n<tbody class=\"andes-table__body\">\n<tr class=\"andes-table__row ui-vpp-striped-specs__row\">\n<th class=\"andes-table__header andes-table__header--left ui-vpp-striped-specs__row__column ui-vpp-striped-specs__row__column--id\" scope=\"row\">\n<div class=\"andes-table__header__container\">Tipo de ve\u00edculo<\/div>\n<\/th>\n<td id=\"_R_19upe8l69tb6e_\" class=\"andes-table__column andes-table__column--left andes-table__column--vertical-align-center ui-vpp-striped-specs__row__column\"><span id=\"_R_19upe8l69tb6e_-value\" class=\"andes-table__column--value\">Carro\/Caminhonete<\/span><\/td>\n<\/tr>\n<\/tbody>\n<\/table>\n<\/div>\n<\/div>\n","protected":false},"excerpt":{"rendered":"<ul class=\"ui-vpp-highlighted-specs__features-list\">\n<li class=\"ui-vpp-highlighted-specs__features-list-item ui-pdp-color--BLACK ui-pdp-size--XSMALL ui-pdp-family--REGULAR\">Volume da unidade: 1 L.<\/li>\n<li class=\"ui-vpp-highlighted-specs__features-list-item ui-pdp-color--BLACK ui-pdp-size--XSMALL ui-pdp-family--REGULAR\">Elimina bact\u00e9rias, fungos e leveduras, prevenindo contamina\u00e7\u00e3o do diesel.<\/li>\n<li class=\"ui-vpp-highlighted-specs__features-list-item ui-pdp-color--BLACK ui-pdp-size--XSMALL ui-pdp-family--REGULAR\">Melhora a lubrifica\u00e7\u00e3o e a taxa t\u00e9rmica do combust\u00edvel.<\/li>\n<li class=\"ui-vpp-highlighted-specs__features-list-item ui-pdp-color--BLACK ui-pdp-size--XSMALL ui-pdp-family--REGULAR\">Reduz consumo da solu\u00e7\u00e3o catal\u00edtica (Arla 32).<\/li>\n<li class=\"ui-vpp-highlighted-specs__features-list-item ui-pdp-color--BLACK ui-pdp-size--XSMALL ui-pdp-family--REGULAR\">Previne entupimento dos filtros, aumentando sua vida \u00fatil.<\/li>\n<li class=\"ui-vpp-highlighted-specs__features-list-item ui-pdp-color--BLACK ui-pdp-size--XSMALL ui-pdp-family--REGULAR\">Estabiliza o combust\u00edvel, melhorando a combust\u00e3o e reduzindo emiss\u00f5es.<\/li>\n<\/ul>\n","protected":false},"featured_media":16236,"comment_status":"open","ping_status":"closed","template":"","meta":[],"product_brand":[],"product_cat":[109,20],"product_tag":[131,112,127,124,115,113,125,117,116,130,129,120,119,122,128,121,123,114,126,118],"class_list":{"0":"post-16235","1":"product","2":"type-product","3":"status-publish","4":"has-post-thumbnail","6":"product_cat-aditivos-e-sprays","7":"product_cat-promocao","8":"product_tag-aditivo-automotivo-diesel","9":"product_tag-aditivo-diesel","10":"product_tag-aditivo-diesel-1-litro","11":"product_tag-aditivo-para-biodiesel","12":"product_tag-aditivo-para-oleo-diesel","13":"product_tag-biocida-diesel","14":"product_tag-biocida-para-tanque-de-caminhao","15":"product_tag-combate-bacterias-diesel","16":"product_tag-combate-fungos-diesel","17":"product_tag-diesel-contaminado-solucao","18":"product_tag-elimina-microrganismos-diesel","19":"product_tag-eliminador-de-borra-diesel","20":"product_tag-limpeza-de-tanque-diesel","21":"product_tag-manutencao-preventiva-diesel","22":"product_tag-produto-antifungo-diesel","23":"product_tag-produto-para-diesel-com-agua","24":"product_tag-protecao-sistema-de-combustivel","25":"product_tag-puridiesel-extra-power","26":"product_tag-tratamento-combustivel-caminhao","27":"product_tag-tratamento-para-diesel-contaminado","29":"first","30":"instock","31":"sale","32":"featured","33":"shipping-taxable","34":"purchasable","35":"product-type-simple"},"yoast_head":"<!-- This site is optimized with the Yoast SEO Premium plugin v26.9 (Yoast SEO v27.1.1) - https:\/\/yoast.com\/product\/yoast-seo-premium-wordpress\/ -->\n<title>Aditivo Biocida Diesel Puridiesel Extra Power 1L Combate Fungos Bact\u00e9rias<\/title>\n<meta name=\"description\" content=\"Automotor Distribuidora &#8902; Endere\u00e7o: Rua da Trindade, 1064 - Cajuru - Curitiba - Paran\u00e1 &#8902; WhatsApp: (41) 3095-1942.\" \/>\n<meta name=\"robots\" content=\"index, follow, max-snippet:-1, max-image-preview:large, max-video-preview:-1\" \/>\n<link rel=\"canonical\" href=\"https:\/\/www.automotordistribuidora.com.br\/loja\/produtos\/aditivo-biocida-diesel-puridiesel-extra-power\/\" \/>\n<meta property=\"og:locale\" content=\"pt_BR\" \/>\n<meta property=\"og:type\" content=\"article\" \/>\n<meta property=\"og:title\" content=\"Aditivo Biocida Diesel Puridiesel Extra Power 1L Combate Fungos Bact\u00e9rias\" \/>\n<meta property=\"og:description\" content=\"Automotor Distribuidora &#8902; Endere\u00e7o: Rua da Trindade, 1064 - Cajuru - Curitiba - Paran\u00e1 &#8902; WhatsApp: (41) 3095-1942.\" \/>\n<meta property=\"og:url\" content=\"https:\/\/www.automotordistribuidora.com.br\/loja\/produtos\/aditivo-biocida-diesel-puridiesel-extra-power\/\" \/>\n<meta property=\"og:site_name\" content=\"Automotor Distribuidora\" \/>\n<meta property=\"article:publisher\" content=\"https:\/\/www.facebook.com\/automotordistribuidora\/\" \/>\n<meta property=\"article:modified_time\" content=\"2026-03-12T22:31:29+00:00\" \/>\n<meta property=\"og:image\" content=\"https:\/\/www.automotordistribuidora.com.br\/loja\/wp-content\/uploads\/2026\/03\/Aditivo-Biocida-Diesel-Puridiesel-Extra-Power-1L-Combate-Fungos-Bacterias.webp\" \/>\n\t<meta property=\"og:image:width\" content=\"493\" \/>\n\t<meta property=\"og:image:height\" content=\"500\" \/>\n\t<meta property=\"og:image:type\" content=\"image\/webp\" \/>\n<meta name=\"twitter:card\" content=\"summary_large_image\" \/>\n<meta name=\"twitter:label1\" content=\"Pre\u00e7o\" \/>\n\t<meta name=\"twitter:data1\" content=\"&#082;&#036;&nbsp;220,00\" \/>\n\t<meta name=\"twitter:label2\" content=\"Disponibilidade\" \/>\n\t<meta name=\"twitter:data2\" content=\"Em Estoque\" \/>\n<script type=\"application\/ld+json\" class=\"yoast-schema-graph\">{\"@context\":\"https:\/\/schema.org\",\"@graph\":[{\"@type\":\"WebPage\",\"@id\":\"https:\/\/www.automotordistribuidora.com.br\/loja\/produtos\/aditivo-biocida-diesel-puridiesel-extra-power\/\",\"url\":\"https:\/\/www.automotordistribuidora.com.br\/loja\/produtos\/aditivo-biocida-diesel-puridiesel-extra-power\/\",\"name\":\"Aditivo Biocida Diesel Puridiesel Extra Power 1L Combate Fungos Bact\u00e9rias\",\"isPartOf\":{\"@id\":\"https:\/\/www.automotordistribuidora.com.br\/loja\/#website\"},\"primaryImageOfPage\":{\"@id\":\"https:\/\/www.automotordistribuidora.com.br\/loja\/produtos\/aditivo-biocida-diesel-puridiesel-extra-power\/#primaryimage\"},\"image\":{\"@id\":\"https:\/\/www.automotordistribuidora.com.br\/loja\/produtos\/aditivo-biocida-diesel-puridiesel-extra-power\/#primaryimage\"},\"thumbnailUrl\":\"https:\/\/www.automotordistribuidora.com.br\/loja\/wp-content\/uploads\/2026\/03\/Aditivo-Biocida-Diesel-Puridiesel-Extra-Power-1L-Combate-Fungos-Bacterias.webp\",\"datePublished\":\"2026-03-02T18:50:34+00:00\",\"dateModified\":\"2026-03-12T22:31:29+00:00\",\"description\":\"Automotor Distribuidora &#8902; Endere\u00e7o: Rua da Trindade, 1064 - Cajuru - Curitiba - Paran\u00e1 &#8902; WhatsApp: (41) 3095-1942.\",\"breadcrumb\":{\"@id\":\"https:\/\/www.automotordistribuidora.com.br\/loja\/produtos\/aditivo-biocida-diesel-puridiesel-extra-power\/#breadcrumb\"},\"inLanguage\":\"pt-BR\",\"potentialAction\":[{\"@type\":\"ReadAction\",\"target\":[\"https:\/\/www.automotordistribuidora.com.br\/loja\/produtos\/aditivo-biocida-diesel-puridiesel-extra-power\/\"]}]},{\"@type\":\"ImageObject\",\"inLanguage\":\"pt-BR\",\"@id\":\"https:\/\/www.automotordistribuidora.com.br\/loja\/produtos\/aditivo-biocida-diesel-puridiesel-extra-power\/#primaryimage\",\"url\":\"https:\/\/www.automotordistribuidora.com.br\/loja\/wp-content\/uploads\/2026\/03\/Aditivo-Biocida-Diesel-Puridiesel-Extra-Power-1L-Combate-Fungos-Bacterias.webp\",\"contentUrl\":\"https:\/\/www.automotordistribuidora.com.br\/loja\/wp-content\/uploads\/2026\/03\/Aditivo-Biocida-Diesel-Puridiesel-Extra-Power-1L-Combate-Fungos-Bacterias.webp\",\"width\":493,\"height\":500,\"caption\":\"Aditivo Biocida Diesel Puridiesel Extra Power 1L Combate Fungos Bact\u00e9rias\"},{\"@type\":\"BreadcrumbList\",\"@id\":\"https:\/\/www.automotordistribuidora.com.br\/loja\/produtos\/aditivo-biocida-diesel-puridiesel-extra-power\/#breadcrumb\",\"itemListElement\":[{\"@type\":\"ListItem\",\"position\":1,\"name\":\"In\u00edcio\",\"item\":\"https:\/\/www.automotordistribuidora.com.br\/loja\/\"},{\"@type\":\"ListItem\",\"position\":2,\"name\":\"LOJA\",\"item\":\"https:\/\/www.automotordistribuidora.com.br\/loja\/\"},{\"@type\":\"ListItem\",\"position\":3,\"name\":\"Aditivo Biocida Diesel Puridiesel Extra Power 1L Combate Fungos Bact\u00e9rias\"}]},{\"@type\":\"WebSite\",\"@id\":\"https:\/\/www.automotordistribuidora.com.br\/loja\/#website\",\"url\":\"https:\/\/www.automotordistribuidora.com.br\/loja\/\",\"name\":\"Automotor Distribuidora\",\"description\":\"\",\"publisher\":{\"@id\":\"https:\/\/www.automotordistribuidora.com.br\/loja\/#organization\"},\"potentialAction\":[{\"@type\":\"SearchAction\",\"target\":{\"@type\":\"EntryPoint\",\"urlTemplate\":\"https:\/\/www.automotordistribuidora.com.br\/loja\/?s={search_term_string}\"},\"query-input\":{\"@type\":\"PropertyValueSpecification\",\"valueRequired\":true,\"valueName\":\"search_term_string\"}}],\"inLanguage\":\"pt-BR\"},{\"@type\":\"Organization\",\"@id\":\"https:\/\/www.automotordistribuidora.com.br\/loja\/#organization\",\"name\":\"Automotor Distribuidora\",\"url\":\"https:\/\/www.automotordistribuidora.com.br\/loja\/\",\"logo\":{\"@type\":\"ImageObject\",\"inLanguage\":\"pt-BR\",\"@id\":\"https:\/\/www.automotordistribuidora.com.br\/loja\/#\/schema\/logo\/image\/\",\"url\":\"https:\/\/www.automotordistribuidora.com.br\/loja\/wp-content\/uploads\/2026\/03\/03.jpg\",\"contentUrl\":\"https:\/\/www.automotordistribuidora.com.br\/loja\/wp-content\/uploads\/2026\/03\/03.jpg\",\"width\":2001,\"height\":2001,\"caption\":\"Automotor Distribuidora\"},\"image\":{\"@id\":\"https:\/\/www.automotordistribuidora.com.br\/loja\/#\/schema\/logo\/image\/\"},\"sameAs\":[\"https:\/\/www.facebook.com\/automotordistribuidora\/\",\"https:\/\/www.instagram.com\/automotor.distribuidora\/\"]}]}<\/script>\n<meta property=\"product:price:amount\" content=\"220.00\" \/>\n<meta property=\"product:price:currency\" content=\"BRL\" \/>\n<meta property=\"og:availability\" content=\"instock\" \/>\n<meta property=\"product:availability\" content=\"instock\" \/>\n<meta property=\"product:condition\" content=\"new\" \/>\n<!-- \/ Yoast SEO Premium plugin. -->","yoast_head_json":{"title":"Aditivo Biocida Diesel Puridiesel Extra Power 1L Combate Fungos Bact\u00e9rias","description":"Automotor Distribuidora &#8902; Endere\u00e7o: Rua da Trindade, 1064 - Cajuru - Curitiba - Paran\u00e1 &#8902; WhatsApp: (41) 3095-1942.","robots":{"index":"index","follow":"follow","max-snippet":"max-snippet:-1","max-image-preview":"max-image-preview:large","max-video-preview":"max-video-preview:-1"},"canonical":"https:\/\/www.automotordistribuidora.com.br\/loja\/produtos\/aditivo-biocida-diesel-puridiesel-extra-power\/","og_locale":"pt_BR","og_type":"article","og_title":"Aditivo Biocida Diesel Puridiesel Extra Power 1L Combate Fungos Bact\u00e9rias","og_description":"Automotor Distribuidora &#8902; Endere\u00e7o: Rua da Trindade, 1064 - Cajuru - Curitiba - Paran\u00e1 &#8902; WhatsApp: (41) 3095-1942.","og_url":"https:\/\/www.automotordistribuidora.com.br\/loja\/produtos\/aditivo-biocida-diesel-puridiesel-extra-power\/","og_site_name":"Automotor Distribuidora","article_publisher":"https:\/\/www.facebook.com\/automotordistribuidora\/","article_modified_time":"2026-03-12T22:31:29+00:00","og_image":[{"width":493,"height":500,"url":"https:\/\/www.automotordistribuidora.com.br\/loja\/wp-content\/uploads\/2026\/03\/Aditivo-Biocida-Diesel-Puridiesel-Extra-Power-1L-Combate-Fungos-Bacterias.webp","type":"image\/webp"}],"twitter_card":"summary_large_image","twitter_misc":{"Pre\u00e7o":"&#82;&#36;&nbsp;220,00","Disponibilidade":"Em Estoque"},"schema":{"@context":"https:\/\/schema.org","@graph":[{"@type":"WebPage","@id":"https:\/\/www.automotordistribuidora.com.br\/loja\/produtos\/aditivo-biocida-diesel-puridiesel-extra-power\/","url":"https:\/\/www.automotordistribuidora.com.br\/loja\/produtos\/aditivo-biocida-diesel-puridiesel-extra-power\/","name":"Aditivo Biocida Diesel Puridiesel Extra Power 1L Combate Fungos Bact\u00e9rias","isPartOf":{"@id":"https:\/\/www.automotordistribuidora.com.br\/loja\/#website"},"primaryImageOfPage":{"@id":"https:\/\/www.automotordistribuidora.com.br\/loja\/produtos\/aditivo-biocida-diesel-puridiesel-extra-power\/#primaryimage"},"image":{"@id":"https:\/\/www.automotordistribuidora.com.br\/loja\/produtos\/aditivo-biocida-diesel-puridiesel-extra-power\/#primaryimage"},"thumbnailUrl":"https:\/\/www.automotordistribuidora.com.br\/loja\/wp-content\/uploads\/2026\/03\/Aditivo-Biocida-Diesel-Puridiesel-Extra-Power-1L-Combate-Fungos-Bacterias.webp","datePublished":"2026-03-02T18:50:34+00:00","dateModified":"2026-03-12T22:31:29+00:00","description":"Automotor Distribuidora &#8902; Endere\u00e7o: Rua da Trindade, 1064 - Cajuru - Curitiba - Paran\u00e1 &#8902; WhatsApp: (41) 3095-1942.","breadcrumb":{"@id":"https:\/\/www.automotordistribuidora.com.br\/loja\/produtos\/aditivo-biocida-diesel-puridiesel-extra-power\/#breadcrumb"},"inLanguage":"pt-BR","potentialAction":[{"@type":"ReadAction","target":["https:\/\/www.automotordistribuidora.com.br\/loja\/produtos\/aditivo-biocida-diesel-puridiesel-extra-power\/"]}]},{"@type":"ImageObject","inLanguage":"pt-BR","@id":"https:\/\/www.automotordistribuidora.com.br\/loja\/produtos\/aditivo-biocida-diesel-puridiesel-extra-power\/#primaryimage","url":"https:\/\/www.automotordistribuidora.com.br\/loja\/wp-content\/uploads\/2026\/03\/Aditivo-Biocida-Diesel-Puridiesel-Extra-Power-1L-Combate-Fungos-Bacterias.webp","contentUrl":"https:\/\/www.automotordistribuidora.com.br\/loja\/wp-content\/uploads\/2026\/03\/Aditivo-Biocida-Diesel-Puridiesel-Extra-Power-1L-Combate-Fungos-Bacterias.webp","width":493,"height":500,"caption":"Aditivo Biocida Diesel Puridiesel Extra Power 1L Combate Fungos Bact\u00e9rias"},{"@type":"BreadcrumbList","@id":"https:\/\/www.automotordistribuidora.com.br\/loja\/produtos\/aditivo-biocida-diesel-puridiesel-extra-power\/#breadcrumb","itemListElement":[{"@type":"ListItem","position":1,"name":"In\u00edcio","item":"https:\/\/www.automotordistribuidora.com.br\/loja\/"},{"@type":"ListItem","position":2,"name":"LOJA","item":"https:\/\/www.automotordistribuidora.com.br\/loja\/"},{"@type":"ListItem","position":3,"name":"Aditivo Biocida Diesel Puridiesel Extra Power 1L Combate Fungos Bact\u00e9rias"}]},{"@type":"WebSite","@id":"https:\/\/www.automotordistribuidora.com.br\/loja\/#website","url":"https:\/\/www.automotordistribuidora.com.br\/loja\/","name":"Automotor Distribuidora","description":"","publisher":{"@id":"https:\/\/www.automotordistribuidora.com.br\/loja\/#organization"},"potentialAction":[{"@type":"SearchAction","target":{"@type":"EntryPoint","urlTemplate":"https:\/\/www.automotordistribuidora.com.br\/loja\/?s={search_term_string}"},"query-input":{"@type":"PropertyValueSpecification","valueRequired":true,"valueName":"search_term_string"}}],"inLanguage":"pt-BR"},{"@type":"Organization","@id":"https:\/\/www.automotordistribuidora.com.br\/loja\/#organization","name":"Automotor Distribuidora","url":"https:\/\/www.automotordistribuidora.com.br\/loja\/","logo":{"@type":"ImageObject","inLanguage":"pt-BR","@id":"https:\/\/www.automotordistribuidora.com.br\/loja\/#\/schema\/logo\/image\/","url":"https:\/\/www.automotordistribuidora.com.br\/loja\/wp-content\/uploads\/2026\/03\/03.jpg","contentUrl":"https:\/\/www.automotordistribuidora.com.br\/loja\/wp-content\/uploads\/2026\/03\/03.jpg","width":2001,"height":2001,"caption":"Automotor Distribuidora"},"image":{"@id":"https:\/\/www.automotordistribuidora.com.br\/loja\/#\/schema\/logo\/image\/"},"sameAs":["https:\/\/www.facebook.com\/automotordistribuidora\/","https:\/\/www.instagram.com\/automotor.distribuidora\/"]}]},"product_price_amount":"220.00","product_price_currency":"BRL","og_availability":"instock","product_availability":"instock","product_condition":"new"},"jetpack_sharing_enabled":true,"_links":{"self":[{"href":"https:\/\/www.automotordistribuidora.com.br\/loja\/wp-json\/wp\/v2\/product\/16235","targetHints":{"allow":["GET"]}}],"collection":[{"href":"https:\/\/www.automotordistribuidora.com.br\/loja\/wp-json\/wp\/v2\/product"}],"about":[{"href":"https:\/\/www.automotordistribuidora.com.br\/loja\/wp-json\/wp\/v2\/types\/product"}],"replies":[{"embeddable":true,"href":"https:\/\/www.automotordistribuidora.com.br\/loja\/wp-json\/wp\/v2\/comments?post=16235"}],"version-history":[{"count":3,"href":"https:\/\/www.automotordistribuidora.com.br\/loja\/wp-json\/wp\/v2\/product\/16235\/revisions"}],"predecessor-version":[{"id":16240,"href":"https:\/\/www.automotordistribuidora.com.br\/loja\/wp-json\/wp\/v2\/product\/16235\/revisions\/16240"}],"wp:featuredmedia":[{"embeddable":true,"href":"https:\/\/www.automotordistribuidora.com.br\/loja\/wp-json\/wp\/v2\/media\/16236"}],"wp:attachment":[{"href":"https:\/\/www.automotordistribuidora.com.br\/loja\/wp-json\/wp\/v2\/media?parent=16235"}],"wp:term":[{"taxonomy":"product_brand","embeddable":true,"href":"https:\/\/www.automotordistribuidora.com.br\/loja\/wp-json\/wp\/v2\/product_brand?post=16235"},{"taxonomy":"product_cat","embeddable":true,"href":"https:\/\/www.automotordistribuidora.com.br\/loja\/wp-json\/wp\/v2\/product_cat?post=16235"},{"taxonomy":"product_tag","embeddable":true,"href":"https:\/\/www.automotordistribuidora.com.br\/loja\/wp-json\/wp\/v2\/product_tag?post=16235"}],"curies":[{"name":"wp","href":"https:\/\/api.w.org\/{rel}","templated":true}]}}